{"id":8114,"date":"2024-11-28T12:37:40","date_gmt":"2024-11-28T12:37:40","guid":{"rendered":"https:\/\/whitelip.com\/siberia-80-all-white-portion\/"},"modified":"2026-04-28T10:11:40","modified_gmt":"2026-04-28T10:11:40","slug":"siberia-80-all-white-portion","status":"publish","type":"product","link":"https:\/\/whitelip.com\/es\/siberia\/siberia-80-all-white-portion\/","title":{"rendered":"Siberia -80 Porci\u00f3n totalmente blanca"},"content":{"rendered":"<h2><b>Siberia -80 Porci\u00f3n totalmente blanca<\/b><\/h2>\n<p><span style=\"font-weight: 400;\">Las bolsas de nicotina Siberia -80 All White Portion proporcionan una intensa experiencia de nicotina combinada con un refrescante sabor a menta helada. Estas porciones totalmente blancas y sin tabaco est\u00e1n dise\u00f1adas para un uso c\u00f3modo y discreto, encajando f\u00e1cilmente bajo el labio. Dise\u00f1adas para usuarios experimentados, las porciones Siberia -80 All White garantizan una liberaci\u00f3n limpia y potente de sabor y nicotina a la vez que evitan manchar los dientes. Su tama\u00f1o de porci\u00f3n equilibrado ofrece una opci\u00f3n satisfactoria para aquellos que buscan un producto de nicotina ultra potente.<\/span><\/p>\n<table>\n<tbody>\n<tr>\n<td><b>Atributo<\/b><\/td>\n<td><b>Detalles<\/b><\/td>\n<\/tr>\n<tr>\n<td><span style=\"font-weight: 400;\">Contenido por lata<\/span><\/td>\n<td><span style=\"font-weight: 400;\">15g (20 bolsitas)<\/span><\/td>\n<\/tr>\n<tr>\n<td><span style=\"font-weight: 400;\">Contenido de nicotina<\/span><\/td>\n<td><span style=\"font-weight: 400;\">33 mg\/g (25 mg por bolsa)<\/span><\/td>\n<\/tr>\n<tr>\n<td><span style=\"font-weight: 400;\">Formato de bolsa<\/span><\/td>\n<td><span style=\"font-weight: 400;\">Porci\u00f3n<\/span><\/td>\n<\/tr>\n<tr>\n<td><span style=\"font-weight: 400;\">Productor<\/span><\/td>\n<td><span style=\"font-weight: 400;\">SIBERIA<\/span><\/td>\n<\/tr>\n<tr>\n<td><span style=\"font-weight: 400;\">Sabor<\/span><\/td>\n<td><span style=\"font-weight: 400;\">Menta helada<\/span><\/td>\n<\/tr>\n<tr>\n<td><span style=\"font-weight: 400;\">Tipo<\/span><\/td>\n<td><span style=\"font-weight: 400;\">Bolsa blanca, Sin tabaco<\/span><\/td>\n<\/tr>\n<\/tbody>\n<\/table>","protected":false},"excerpt":{"rendered":"<p>Las bolsitas de nicotina Siberia -80 All White Portion proporcionan un intenso <strong data-start=\"66\" data-end=\"78\">Menta helada<\/strong> sabor con un frescor crujiente y refrescante. Las porciones totalmente blancas y sin tabaco encajan discretamente bajo el labio para un uso limpio y potente. Cada bolsa contiene <strong data-start=\"225\" data-end=\"243\">25 mg de nicotina<\/strong>.<\/p>","protected":false},"featured_media":8115,"comment_status":"open","ping_status":"closed","template":"","format":[204],"meta":{"_acf_changed":false},"product_brand":[],"product_cat":[61],"product_tag":[16589],"flavours":[199],"nicotine":[222,233],"class_list":{"0":"post-8114","1":"product","2":"type-product","3":"status-publish","4":"has-post-thumbnail","6":"product_cat-siberia","7":"product_tag-25-mg-pouch","8":"pa_quantity-1-pack","9":"pa_quantity-10-pack","10":"pa_quantity-3-pack","11":"pa_quantity-30-pack","12":"pa_quantity-5-pack","13":"pa_quantity-60-pack","14":"flavours-mint","15":"format-large","16":"nicotine-33-mg-g","17":"nicotine-extreme","19":"first","20":"outofstock","21":"taxable","22":"shipping-taxable","23":"purchasable","24":"product-type-variable"},"acf":[],"_links":{"self":[{"href":"https:\/\/whitelip.com\/es\/wp-json\/wp\/v2\/product\/8114","targetHints":{"allow":["GET"]}}],"collection":[{"href":"https:\/\/whitelip.com\/es\/wp-json\/wp\/v2\/product"}],"about":[{"href":"https:\/\/whitelip.com\/es\/wp-json\/wp\/v2\/types\/product"}],"replies":[{"embeddable":true,"href":"https:\/\/whitelip.com\/es\/wp-json\/wp\/v2\/comments?post=8114"}],"wp:featuredmedia":[{"embeddable":true,"href":"https:\/\/whitelip.com\/es\/wp-json\/wp\/v2\/media\/8115"}],"wp:attachment":[{"href":"https:\/\/whitelip.com\/es\/wp-json\/wp\/v2\/media?parent=8114"}],"wp:term":[{"taxonomy":"product_brand","embeddable":true,"href":"https:\/\/whitelip.com\/es\/wp-json\/wp\/v2\/product_brand?post=8114"},{"taxonomy":"product_cat","embeddable":true,"href":"https:\/\/whitelip.com\/es\/wp-json\/wp\/v2\/product_cat?post=8114"},{"taxonomy":"product_tag","embeddable":true,"href":"https:\/\/whitelip.com\/es\/wp-json\/wp\/v2\/product_tag?post=8114"},{"taxonomy":"flavours","embeddable":true,"href":"https:\/\/whitelip.com\/es\/wp-json\/wp\/v2\/flavours?post=8114"},{"taxonomy":"format","embeddable":true,"href":"https:\/\/whitelip.com\/es\/wp-json\/wp\/v2\/format?post=8114"},{"taxonomy":"nicotine","embeddable":true,"href":"https:\/\/whitelip.com\/es\/wp-json\/wp\/v2\/nicotine?post=8114"}],"curies":[{"name":"wp","href":"https:\/\/api.w.org\/{rel}","templated":true}]}}