{"id":8108,"date":"2024-11-28T12:37:39","date_gmt":"2024-11-28T12:37:39","guid":{"rendered":"https:\/\/whitelip.com\/cuba-ninja-liquorice\/"},"modified":"2026-04-28T10:11:15","modified_gmt":"2026-04-28T10:11:15","slug":"cuba-ninja-liquorice","status":"publish","type":"product","link":"https:\/\/whitelip.com\/es\/cuba\/cuba-ninja-liquorice\/","title":{"rendered":"CUBA Ninja Regaliz"},"content":{"rendered":"<h2><b>CUBA Ninja Regaliz<\/b><\/h2>\n<p><span style=\"font-weight: 400;\">Las bolsitas de nicotina CUBA Ninja Liquorice ofrecen un robusto sabor a regaliz combinado con un alto contenido de nicotina de 30 mg por gramo, lo que equivale aproximadamente a 15 mg por bolsita. Cada lata contiene 25 bolsitas de formato fino, dise\u00f1adas para un uso discreto sin manchar los dientes. Producidas por CUBA, un fabricante polaco conocido por combinar m\u00e9todos contempor\u00e1neos con calidad tradicional, estas bolsitas son un ejemplo de altos est\u00e1ndares y combinaciones de sabores innovadoras.<\/span><\/p>\n<table>\n<tbody>\n<tr>\n<td><b>Atributo<\/b><\/td>\n<td><b>Detalles<\/b><\/td>\n<\/tr>\n<tr>\n<td><b>Contenido por lata<\/b><\/td>\n<td><span style=\"font-weight: 400;\">13g (25 bolsas)<\/span><\/td>\n<\/tr>\n<tr>\n<td><b>Contenido de nicotina<\/b><\/td>\n<td><span style=\"font-weight: 400;\">30 mg\/g (15 mg por bolsa)<\/span><\/td>\n<\/tr>\n<tr>\n<td><b>Formato bolsa<\/b><\/td>\n<td><span style=\"font-weight: 400;\">Delgado<\/span><\/td>\n<\/tr>\n<tr>\n<td><b>Productor<\/b><\/td>\n<td><span style=\"font-weight: 400;\">CUBA<\/span><\/td>\n<\/tr>\n<tr>\n<td><b>Sabor<\/b><\/td>\n<td><span style=\"font-weight: 400;\">Regaliz<\/span><\/td>\n<\/tr>\n<tr>\n<td><b>Tipo<\/b><\/td>\n<td><span style=\"font-weight: 400;\">Bolsa blanca<\/span><\/td>\n<\/tr>\n<\/tbody>\n<\/table>\n<p>\u00a0<\/p>","protected":false},"excerpt":{"rendered":"<p>Robusto <strong data-start=\"7\" data-end=\"20\">regaliz<\/strong> con un final limpio y satisfactorio. El <strong data-start=\"58\" data-end=\"66\">delgado<\/strong> se colocan discretamente bajo el labio para que no manchen y puedan utilizarse sobre la marcha. Cada bolsa contiene <strong data-start=\"157\" data-end=\"186\">~15 mg de nicotina por bolsa<\/strong> (30 mg\/g). Cada lata incluye 25 bolsitas de CUBA.<\/p>","protected":false},"featured_media":8109,"comment_status":"open","ping_status":"closed","template":"","format":[206],"meta":{"_acf_changed":false},"product_brand":[],"product_cat":[46],"product_tag":[16571],"flavours":[198],"nicotine":[221,233],"class_list":{"0":"post-8108","1":"product","2":"type-product","3":"status-publish","4":"has-post-thumbnail","6":"product_cat-cuba","7":"product_tag-15-mg-pouch","8":"pa_quantity-1-pack","9":"pa_quantity-10-pack","10":"pa_quantity-3-pack","11":"pa_quantity-30-pack","12":"pa_quantity-5-pack","13":"pa_quantity-60-pack","14":"flavours-licorice","15":"format-slim","16":"nicotine-30-mg-g","17":"nicotine-extreme","19":"first","20":"outofstock","21":"taxable","22":"shipping-taxable","23":"purchasable","24":"product-type-variable"},"acf":[],"_links":{"self":[{"href":"https:\/\/whitelip.com\/es\/wp-json\/wp\/v2\/product\/8108","targetHints":{"allow":["GET"]}}],"collection":[{"href":"https:\/\/whitelip.com\/es\/wp-json\/wp\/v2\/product"}],"about":[{"href":"https:\/\/whitelip.com\/es\/wp-json\/wp\/v2\/types\/product"}],"replies":[{"embeddable":true,"href":"https:\/\/whitelip.com\/es\/wp-json\/wp\/v2\/comments?post=8108"}],"wp:featuredmedia":[{"embeddable":true,"href":"https:\/\/whitelip.com\/es\/wp-json\/wp\/v2\/media\/8109"}],"wp:attachment":[{"href":"https:\/\/whitelip.com\/es\/wp-json\/wp\/v2\/media?parent=8108"}],"wp:term":[{"taxonomy":"product_brand","embeddable":true,"href":"https:\/\/whitelip.com\/es\/wp-json\/wp\/v2\/product_brand?post=8108"},{"taxonomy":"product_cat","embeddable":true,"href":"https:\/\/whitelip.com\/es\/wp-json\/wp\/v2\/product_cat?post=8108"},{"taxonomy":"product_tag","embeddable":true,"href":"https:\/\/whitelip.com\/es\/wp-json\/wp\/v2\/product_tag?post=8108"},{"taxonomy":"flavours","embeddable":true,"href":"https:\/\/whitelip.com\/es\/wp-json\/wp\/v2\/flavours?post=8108"},{"taxonomy":"format","embeddable":true,"href":"https:\/\/whitelip.com\/es\/wp-json\/wp\/v2\/format?post=8108"},{"taxonomy":"nicotine","embeddable":true,"href":"https:\/\/whitelip.com\/es\/wp-json\/wp\/v2\/nicotine?post=8108"}],"curies":[{"name":"wp","href":"https:\/\/api.w.org\/{rel}","templated":true}]}}