{"id":8084,"date":"2024-11-28T12:36:55","date_gmt":"2024-11-28T12:36:55","guid":{"rendered":"https:\/\/whitelip.com\/iceberg-energy-extreme\/"},"modified":"2026-04-21T10:11:23","modified_gmt":"2026-04-21T10:11:23","slug":"iceberg-energy-extreme","status":"publish","type":"product","link":"https:\/\/whitelip.com\/es\/iceberg\/iceberg-energy-extreme\/","title":{"rendered":"ICEBERG Energ\u00eda extrema"},"content":{"rendered":"<h2><b>ICEBERG Energ\u00eda extrema<\/b><\/h2>\n<p><span style=\"font-weight: 400;\">Las bolsitas de nicotina ICEBERG Energy Extreme ofrecen un sabor atrevido y energizante inspirado en las populares bebidas energ\u00e9ticas, combinado con una intensa potencia de nicotina. Estas bolsitas delgadas y sin tabaco son ideales para usuarios experimentados que buscan una opci\u00f3n fuerte y refrescante para mantenerse alerta y concentrados. Dise\u00f1ado para un uso discreto y c\u00f3modo, ICEBERG Energy Extreme ofrece una forma limpia y sin ensuciar de disfrutar de la nicotina con un perfil de sabor \u00fanico y vigorizante.<\/span><\/p>\n<table>\n<tbody>\n<tr>\n<td><b>Atributo<\/b><\/td>\n<td><b>Detalles<\/b><\/td>\n<\/tr>\n<tr>\n<td><span style=\"font-weight: 400;\">Contenido por lata<\/span><\/td>\n<td><span style=\"font-weight: 400;\">12g (20 pouches)<\/span><\/td>\n<\/tr>\n<tr>\n<td><span style=\"font-weight: 400;\">Contenido de nicotina<\/span><\/td>\n<td><span style=\"font-weight: 400;\">50 mg\/g (35 mg por bolsita)<\/span><\/td>\n<\/tr>\n<tr>\n<td><span style=\"font-weight: 400;\">Formato de bolsa<\/span><\/td>\n<td><span style=\"font-weight: 400;\">Delgado<\/span><\/td>\n<\/tr>\n<tr>\n<td><span style=\"font-weight: 400;\">Productor<\/span><\/td>\n<td><span style=\"font-weight: 400;\">ICEBERG<\/span><\/td>\n<\/tr>\n<tr>\n<td><span style=\"font-weight: 400;\">Sabor<\/span><\/td>\n<td><span style=\"font-weight: 400;\">Bebida energ\u00e9tica<\/span><\/td>\n<\/tr>\n<tr>\n<td><span style=\"font-weight: 400;\">Tipo<\/span><\/td>\n<td><span style=\"font-weight: 400;\">Bolsa blanca, Sin tabaco<\/span><\/td>\n<\/tr>\n<\/tbody>\n<\/table>\n<p>\u00a0<\/p>","protected":false},"excerpt":{"rendered":"<p>ICEBERG Energy ofrece una audaz <strong data-start=\"29\" data-end=\"45\">bebida energ\u00e9tica<\/strong> con un toque refrescante y energizante. <strong data-start=\"89\" data-end=\"97\">Delgado<\/strong> Las bolsitas sin tabaco se colocan discretamente bajo el labio sin manchar. Cada bolsita contiene <strong data-start=\"186\" data-end=\"204\">35 mg de nicotina<\/strong>, un \u00e9xito fuerte y vigorizante. Producido por Neoptolem en Polonia.<\/p>","protected":false},"featured_media":8085,"comment_status":"open","ping_status":"closed","template":"","format":[206],"meta":{"_acf_changed":false},"product_brand":[],"product_cat":[50],"product_tag":[16603],"flavours":[194],"nicotine":[226,233],"class_list":{"0":"post-8084","1":"product","2":"type-product","3":"status-publish","4":"has-post-thumbnail","6":"product_cat-iceberg","7":"product_tag-35-mg-pouch","8":"pa_quantity-1-pack","9":"pa_quantity-10-pack","10":"pa_quantity-3-pack","11":"pa_quantity-30-pack","12":"pa_quantity-5-pack","13":"pa_quantity-60-pack","14":"flavours-energy-drink","15":"format-slim","16":"nicotine-50-mg-g","17":"nicotine-extreme","19":"first","20":"instock","21":"taxable","22":"shipping-taxable","23":"purchasable","24":"product-type-variable"},"acf":[],"_links":{"self":[{"href":"https:\/\/whitelip.com\/es\/wp-json\/wp\/v2\/product\/8084","targetHints":{"allow":["GET"]}}],"collection":[{"href":"https:\/\/whitelip.com\/es\/wp-json\/wp\/v2\/product"}],"about":[{"href":"https:\/\/whitelip.com\/es\/wp-json\/wp\/v2\/types\/product"}],"replies":[{"embeddable":true,"href":"https:\/\/whitelip.com\/es\/wp-json\/wp\/v2\/comments?post=8084"}],"wp:featuredmedia":[{"embeddable":true,"href":"https:\/\/whitelip.com\/es\/wp-json\/wp\/v2\/media\/8085"}],"wp:attachment":[{"href":"https:\/\/whitelip.com\/es\/wp-json\/wp\/v2\/media?parent=8084"}],"wp:term":[{"taxonomy":"product_brand","embeddable":true,"href":"https:\/\/whitelip.com\/es\/wp-json\/wp\/v2\/product_brand?post=8084"},{"taxonomy":"product_cat","embeddable":true,"href":"https:\/\/whitelip.com\/es\/wp-json\/wp\/v2\/product_cat?post=8084"},{"taxonomy":"product_tag","embeddable":true,"href":"https:\/\/whitelip.com\/es\/wp-json\/wp\/v2\/product_tag?post=8084"},{"taxonomy":"flavours","embeddable":true,"href":"https:\/\/whitelip.com\/es\/wp-json\/wp\/v2\/flavours?post=8084"},{"taxonomy":"format","embeddable":true,"href":"https:\/\/whitelip.com\/es\/wp-json\/wp\/v2\/format?post=8084"},{"taxonomy":"nicotine","embeddable":true,"href":"https:\/\/whitelip.com\/es\/wp-json\/wp\/v2\/nicotine?post=8084"}],"curies":[{"name":"wp","href":"https:\/\/api.w.org\/{rel}","templated":true}]}}