{"id":8052,"date":"2024-11-28T12:36:29","date_gmt":"2024-11-28T12:36:29","guid":{"rendered":"https:\/\/whitelip.com\/cuba-black-watermelon\/"},"modified":"2026-04-28T10:11:14","modified_gmt":"2026-04-28T10:11:14","slug":"cuba-black-watermelon","status":"publish","type":"product","link":"https:\/\/whitelip.com\/es\/cuba\/cuba-black-watermelon\/","title":{"rendered":"CUBA Sand\u00eda negra"},"content":{"rendered":"<h2><b>CUBA Sand\u00eda negra<\/b><\/h2>\n<p><span style=\"font-weight: 400;\">Las bolsitas de nicotina CUBA Black Watermelon ofrecen un refrescante sabor a sand\u00eda combinado con una potente potencia de nicotina de 43 mg por bolsita, proporcionando una experiencia intensa y satisfactoria. Cada lata contiene 20 bolsitas de formato fino, dise\u00f1adas para un uso discreto sin manchar los dientes. Producidas por CUBA, un fabricante polaco conocido por combinar m\u00e9todos contempor\u00e1neos con calidad tradicional, estas bolsitas ejemplifican altos est\u00e1ndares e innovadoras combinaciones de sabores.<\/span><\/p>\n<table>\n<tbody>\n<tr>\n<td><b>Atributo<\/b><\/td>\n<td><b>Detalles<\/b><\/td>\n<\/tr>\n<tr>\n<td><b>Contenido por lata<\/b><\/td>\n<td><span style=\"font-weight: 400;\">13g (20 bolsas)<\/span><\/td>\n<\/tr>\n<tr>\n<td><b>Contenido de nicotina<\/b><\/td>\n<td><span style=\"font-weight: 400;\">43 mg\/g (43 mg por bolsa)<\/span><\/td>\n<\/tr>\n<tr>\n<td><b>Formato bolsa<\/b><\/td>\n<td><span style=\"font-weight: 400;\">Delgado<\/span><\/td>\n<\/tr>\n<tr>\n<td><b>Productor<\/b><\/td>\n<td><span style=\"font-weight: 400;\">CUBA<\/span><\/td>\n<\/tr>\n<tr>\n<td><b>Sabor<\/b><\/td>\n<td><span style=\"font-weight: 400;\">Sand\u00eda<\/span><\/td>\n<\/tr>\n<tr>\n<td><b>Tipo<\/b><\/td>\n<td><span style=\"font-weight: 400;\">Bolsa blanca<\/span><\/td>\n<\/tr>\n<\/tbody>\n<\/table>\n<p>\u00a0<\/p>","protected":false},"excerpt":{"rendered":"<p>Refrescante <strong data-start=\"11\" data-end=\"25\">sand\u00eda<\/strong> con un final limpio y jugoso. El <strong data-start=\"58\" data-end=\"73\">delgado <\/strong>Las bolsitas de formato se colocan discretamente bajo el labio para que no manchen y puedan utilizarse sobre la marcha. Cada bolsa contiene <strong data-start=\"164\" data-end=\"192\">43 mg de nicotina por bolsa<\/strong>, ...proporcionando una patada intensa y satisfactoria. Cada lata incluye 20 bolsitas de CUBA.<\/p>","protected":false},"featured_media":8053,"comment_status":"open","ping_status":"closed","template":"","format":[206],"meta":{"_acf_changed":false},"product_brand":[],"product_cat":[46],"product_tag":[16567],"flavours":[196],"nicotine":[227,233],"class_list":{"0":"post-8052","1":"product","2":"type-product","3":"status-publish","4":"has-post-thumbnail","6":"product_cat-cuba","7":"product_tag-43-mg-pouch","8":"pa_quantity-1-pack","9":"pa_quantity-10-pack","10":"pa_quantity-3-pack","11":"pa_quantity-30-pack","12":"pa_quantity-5-pack","13":"pa_quantity-60-pack","14":"flavours-fruits-berries","15":"format-slim","16":"nicotine-43-mg-g","17":"nicotine-extreme","19":"first","20":"instock","21":"taxable","22":"shipping-taxable","23":"purchasable","24":"product-type-variable"},"acf":[],"_links":{"self":[{"href":"https:\/\/whitelip.com\/es\/wp-json\/wp\/v2\/product\/8052","targetHints":{"allow":["GET"]}}],"collection":[{"href":"https:\/\/whitelip.com\/es\/wp-json\/wp\/v2\/product"}],"about":[{"href":"https:\/\/whitelip.com\/es\/wp-json\/wp\/v2\/types\/product"}],"replies":[{"embeddable":true,"href":"https:\/\/whitelip.com\/es\/wp-json\/wp\/v2\/comments?post=8052"}],"wp:featuredmedia":[{"embeddable":true,"href":"https:\/\/whitelip.com\/es\/wp-json\/wp\/v2\/media\/8053"}],"wp:attachment":[{"href":"https:\/\/whitelip.com\/es\/wp-json\/wp\/v2\/media?parent=8052"}],"wp:term":[{"taxonomy":"product_brand","embeddable":true,"href":"https:\/\/whitelip.com\/es\/wp-json\/wp\/v2\/product_brand?post=8052"},{"taxonomy":"product_cat","embeddable":true,"href":"https:\/\/whitelip.com\/es\/wp-json\/wp\/v2\/product_cat?post=8052"},{"taxonomy":"product_tag","embeddable":true,"href":"https:\/\/whitelip.com\/es\/wp-json\/wp\/v2\/product_tag?post=8052"},{"taxonomy":"flavours","embeddable":true,"href":"https:\/\/whitelip.com\/es\/wp-json\/wp\/v2\/flavours?post=8052"},{"taxonomy":"format","embeddable":true,"href":"https:\/\/whitelip.com\/es\/wp-json\/wp\/v2\/format?post=8052"},{"taxonomy":"nicotine","embeddable":true,"href":"https:\/\/whitelip.com\/es\/wp-json\/wp\/v2\/nicotine?post=8052"}],"curies":[{"name":"wp","href":"https:\/\/api.w.org\/{rel}","templated":true}]}}