{"id":8044,"date":"2024-12-20T19:39:03","date_gmt":"2024-12-20T19:39:03","guid":{"rendered":"https:\/\/whitelip.com\/velo-lime-flame\/"},"modified":"2026-05-11T10:11:24","modified_gmt":"2026-05-11T10:11:24","slug":"velo-lime-flame","status":"publish","type":"product","link":"https:\/\/whitelip.com\/es\/velo\/velo-lime-flame\/","title":{"rendered":"VELO Llama de Cal"},"content":{"rendered":"<h2><strong>VELO Llama de Cal\u00a0<\/strong><\/h2>\n<p>VELO Lime Flame &#8211; Estas bolsas discretas combinan nicotina de alta calidad con intensos sabores frescos de jalape\u00f1o y lima, para una experiencia refrescante y duradera. Las bolsas vienen en un formato delgado con una concentraci\u00f3n de nicotina de 14.3 mg\/g.<\/p>\n<ul>\n<li>Sabor: Jalape\u00f1o y lima<\/li>\n<li>Formato: Slim<\/li>\n<li>Nicotina: 14,3 mg\/g<\/li>\n<li>Bolsas: 20 unidades<\/li>\n<li>Peso: 14 g<\/li>\n<li>Marca: <a href=\"https:\/\/whitelip.se\/en\/velo\/\" target=\"_blank\" rel=\"noopener\">velo<\/a><\/li>\n<li>Fabricante: <a href=\"https:\/\/www.bat.com\/\" target=\"_blank\" rel=\"noopener\">BAT<\/a><\/li>\n<\/ul>\n<p><em><strong>Sobre la marca: VELO<\/strong><\/em><\/p>\n<p>Descubre el sabor y la popularidad de las bolsas de nicotina VELO &#8211; una gama l\u00edder mundial que ofrece una variedad de sabores excepcionales y conveniencia. Con su popularidad global y diversos sabores emocionantes y concentraciones de nicotina, VELO ofrece una soluci\u00f3n c\u00f3moda y discreta para satisfacer tus necesidades de nicotina. Explora la amplia gama de bolsas de nicotina VELO y descubre por qu\u00e9 es una de las opciones m\u00e1s populares del mundo para una experiencia de nicotina agradable y conveniente en cualquier momento.<\/p>\n<p><em><strong>Acerca de Whitelip.se:\u00a0<\/strong><\/em><\/p>\n<p><span data-contrast=\"auto\">Bienvenido a Whitelip.se, su destino definitivo para bolsas de nicotina de alta calidad. Explore nuestra amplia gama de productos dise\u00f1ados para satisfacer sus necesidades de nicotina, con entrega a los Estados Unidos y Europa convenientemente disponibles con opciones de env\u00edo gratuito en la caja. Aumente su satisfacci\u00f3n con cada compra, ya que le ofrecemos marcas de primera categor\u00eda y una entrega perfecta a domicilio. Experimente la m\u00e1xima comodidad y la mejor calidad s\u00f3lo en Whitelip.se. Compre ahora y disfrute del placer de las bolsas de nicotina blancas de primera calidad.<\/span><\/p>","protected":false},"excerpt":{"rendered":"<p>VELO Las bolsitas de nicotina Lime Flame ofrecen un sabor intenso y refrescante. <strong data-start=\"64\" data-end=\"83\">Jalape\u00f1o y lima<\/strong> sabor para una experiencia duradera. <strong data-start=\"122\" data-end=\"130\">Delgado<\/strong>, Formato totalmente blanco para un uso discreto y c\u00f3modo.<\/p>","protected":false},"featured_media":8045,"comment_status":"open","ping_status":"closed","template":"","format":[206],"meta":{"_acf_changed":false},"product_brand":[],"product_cat":[48],"product_tag":[16583],"flavours":[187],"nicotine":[211,232],"class_list":{"0":"post-8044","1":"product","2":"type-product","3":"status-publish","4":"has-post-thumbnail","6":"product_cat-velo","7":"product_tag-8-mg-pouch","8":"pa_quantity-1-pack","9":"pa_quantity-10-pack","10":"pa_quantity-3-pack","11":"pa_quantity-30-pack","12":"pa_quantity-5-pack","13":"pa_quantity-60-pack","14":"flavours-chili","15":"format-slim","16":"nicotine-14-mg-g","17":"nicotine-extra-strong","19":"first","20":"instock","21":"taxable","22":"shipping-taxable","23":"product-type-variable","24":"has-default-attributes"},"acf":[],"_links":{"self":[{"href":"https:\/\/whitelip.com\/es\/wp-json\/wp\/v2\/product\/8044","targetHints":{"allow":["GET"]}}],"collection":[{"href":"https:\/\/whitelip.com\/es\/wp-json\/wp\/v2\/product"}],"about":[{"href":"https:\/\/whitelip.com\/es\/wp-json\/wp\/v2\/types\/product"}],"replies":[{"embeddable":true,"href":"https:\/\/whitelip.com\/es\/wp-json\/wp\/v2\/comments?post=8044"}],"wp:featuredmedia":[{"embeddable":true,"href":"https:\/\/whitelip.com\/es\/wp-json\/wp\/v2\/media\/8045"}],"wp:attachment":[{"href":"https:\/\/whitelip.com\/es\/wp-json\/wp\/v2\/media?parent=8044"}],"wp:term":[{"taxonomy":"product_brand","embeddable":true,"href":"https:\/\/whitelip.com\/es\/wp-json\/wp\/v2\/product_brand?post=8044"},{"taxonomy":"product_cat","embeddable":true,"href":"https:\/\/whitelip.com\/es\/wp-json\/wp\/v2\/product_cat?post=8044"},{"taxonomy":"product_tag","embeddable":true,"href":"https:\/\/whitelip.com\/es\/wp-json\/wp\/v2\/product_tag?post=8044"},{"taxonomy":"flavours","embeddable":true,"href":"https:\/\/whitelip.com\/es\/wp-json\/wp\/v2\/flavours?post=8044"},{"taxonomy":"format","embeddable":true,"href":"https:\/\/whitelip.com\/es\/wp-json\/wp\/v2\/format?post=8044"},{"taxonomy":"nicotine","embeddable":true,"href":"https:\/\/whitelip.com\/es\/wp-json\/wp\/v2\/nicotine?post=8044"}],"curies":[{"name":"wp","href":"https:\/\/api.w.org\/{rel}","templated":true}]}}