{"id":8042,"date":"2024-11-28T12:36:07","date_gmt":"2024-11-28T12:36:07","guid":{"rendered":"https:\/\/whitelip.com\/iceberg-cherry-apricot-gum-extreme\/"},"modified":"2026-04-21T18:01:44","modified_gmt":"2026-04-21T18:01:44","slug":"iceberg-cherry-apricot-gum-extreme","status":"publish","type":"product","link":"https:\/\/whitelip.com\/es\/iceberg\/iceberg-cherry-apricot-gum-extreme\/","title":{"rendered":"ICEBERG Chicle Cereza Albaricoque Extreme"},"content":{"rendered":"<h2><b>ICEBERG Chicle Cereza Albaricoque Extreme<\/b><\/h2>\n<p><span style=\"font-weight: 400;\">Las bolsitas de nicotina ICEBERG Cherry Apricot Gum Extreme combinan la dulzura de la cereza con el sutil sabor del albaricoque, terminado con un suave toque de chicle. Este perfil de sabor \u00fanico ofrece una deliciosa experiencia afrutada combinada con un intenso subid\u00f3n de nicotina, por lo que es perfecto para usuarios experimentados. Estas finas bolsitas sin tabaco est\u00e1n dise\u00f1adas para un uso discreto y c\u00f3modo, proporcionando una sabrosa y potente opci\u00f3n de nicotina para los que est\u00e1n fuera de casa.<\/span><\/p>\n<table>\n<tbody>\n<tr>\n<td><b>Atributo<\/b><\/td>\n<td><b>Detalles<\/b><\/td>\n<\/tr>\n<tr>\n<td><span style=\"font-weight: 400;\">Contenido por lata<\/span><\/td>\n<td><span style=\"font-weight: 400;\">12g (20 pouches)<\/span><\/td>\n<\/tr>\n<tr>\n<td><span style=\"font-weight: 400;\">Contenido de nicotina<\/span><\/td>\n<td><span style=\"font-weight: 400;\">50 mg\/g (35 mg por bolsita)<\/span><\/td>\n<\/tr>\n<tr>\n<td><span style=\"font-weight: 400;\">Formato de bolsa<\/span><\/td>\n<td><span style=\"font-weight: 400;\">Delgado<\/span><\/td>\n<\/tr>\n<tr>\n<td><span style=\"font-weight: 400;\">Productor<\/span><\/td>\n<td><span style=\"font-weight: 400;\">ICEBERG<\/span><\/td>\n<\/tr>\n<tr>\n<td><span style=\"font-weight: 400;\">Sabor<\/span><\/td>\n<td><span style=\"font-weight: 400;\">Chicle de Cereza y Albaricoque<\/span><\/td>\n<\/tr>\n<tr>\n<td><span style=\"font-weight: 400;\">Tipo<\/span><\/td>\n<td><span style=\"font-weight: 400;\">Bolsa blanca, Sin tabaco<\/span><\/td>\n<\/tr>\n<\/tbody>\n<\/table>\n<p>\u00a0<\/p>","protected":false},"excerpt":{"rendered":"<p><span style=\"font-weight: 400;\">Las bolsitas de nicotina ICEBERG Cherry Apricot Gum Extreme combinan la dulzura de la cereza con el sutil sabor del albaricoque, terminado con un suave toque de chicle. Este perfil de sabor \u00fanico ofrece una deliciosa experiencia afrutada combinada con un intenso subid\u00f3n de nicotina, por lo que es perfecto para usuarios experimentados. Estas finas bolsitas sin tabaco est\u00e1n dise\u00f1adas para un uso discreto y c\u00f3modo, proporcionando una sabrosa y potente opci\u00f3n de nicotina para los que est\u00e1n fuera de casa.<\/span><\/p>","protected":false},"featured_media":8043,"comment_status":"open","ping_status":"closed","template":"","format":[206],"meta":{"_acf_changed":false},"product_brand":[],"product_cat":[50],"product_tag":[16603],"flavours":[196],"nicotine":[226,233],"class_list":{"0":"post-8042","1":"product","2":"type-product","3":"status-publish","4":"has-post-thumbnail","6":"product_cat-iceberg","7":"product_tag-35-mg-pouch","8":"pa_quantity-1-pack","9":"pa_quantity-10-pack","10":"pa_quantity-3-pack","11":"pa_quantity-30-pack","12":"pa_quantity-5-pack","13":"pa_quantity-60-pack","14":"flavours-fruits-berries","15":"format-slim","16":"nicotine-50-mg-g","17":"nicotine-extreme","19":"first","20":"instock","21":"taxable","22":"shipping-taxable","23":"purchasable","24":"product-type-variable"},"acf":[],"_links":{"self":[{"href":"https:\/\/whitelip.com\/es\/wp-json\/wp\/v2\/product\/8042","targetHints":{"allow":["GET"]}}],"collection":[{"href":"https:\/\/whitelip.com\/es\/wp-json\/wp\/v2\/product"}],"about":[{"href":"https:\/\/whitelip.com\/es\/wp-json\/wp\/v2\/types\/product"}],"replies":[{"embeddable":true,"href":"https:\/\/whitelip.com\/es\/wp-json\/wp\/v2\/comments?post=8042"}],"wp:featuredmedia":[{"embeddable":true,"href":"https:\/\/whitelip.com\/es\/wp-json\/wp\/v2\/media\/8043"}],"wp:attachment":[{"href":"https:\/\/whitelip.com\/es\/wp-json\/wp\/v2\/media?parent=8042"}],"wp:term":[{"taxonomy":"product_brand","embeddable":true,"href":"https:\/\/whitelip.com\/es\/wp-json\/wp\/v2\/product_brand?post=8042"},{"taxonomy":"product_cat","embeddable":true,"href":"https:\/\/whitelip.com\/es\/wp-json\/wp\/v2\/product_cat?post=8042"},{"taxonomy":"product_tag","embeddable":true,"href":"https:\/\/whitelip.com\/es\/wp-json\/wp\/v2\/product_tag?post=8042"},{"taxonomy":"flavours","embeddable":true,"href":"https:\/\/whitelip.com\/es\/wp-json\/wp\/v2\/flavours?post=8042"},{"taxonomy":"format","embeddable":true,"href":"https:\/\/whitelip.com\/es\/wp-json\/wp\/v2\/format?post=8042"},{"taxonomy":"nicotine","embeddable":true,"href":"https:\/\/whitelip.com\/es\/wp-json\/wp\/v2\/nicotine?post=8042"}],"curies":[{"name":"wp","href":"https:\/\/api.w.org\/{rel}","templated":true}]}}