{"id":8013,"date":"2024-11-28T12:35:41","date_gmt":"2024-11-28T12:35:41","guid":{"rendered":"https:\/\/whitelip.com\/zxs-melon-freeze-large\/"},"modified":"2026-04-21T13:47:11","modified_gmt":"2026-04-21T13:47:11","slug":"zxs-melon-freeze-large","status":"publish","type":"product","link":"https:\/\/whitelip.com\/es\/zxs\/zxs-melon-freeze-large\/","title":{"rendered":"Z!XS Mel\u00f3n Congelado Grande"},"content":{"rendered":"<h2><b>Z!XS Mel\u00f3n Congelado Grande<\/b><\/h2>\n<p><span style=\"font-weight: 400;\">Z!XS Melon Freeze Large combina el <\/span><b>dulce y jugoso sabor a mel\u00f3n<\/b><span style=\"font-weight: 400;\"> con un crujiente <\/span><b>giro mentolado<\/b><span style=\"font-weight: 400;\">, que proporciona una experiencia de nicotina refrescante y vigorizante. Esta combinaci\u00f3n \u00fanica equilibra la dulzura afrutada con una sensaci\u00f3n fresca y helada, por lo que es ideal para los usuarios que anhelan un sabor revitalizante y audaz. Cada bolsa grande de color blanco contiene <\/span><b>12 mg de nicotina<\/b><span style=\"font-weight: 400;\">, que ofrece una liberaci\u00f3n fuerte y constante, perfecta para usuarios experimentados.<\/span><\/p>\n<p><span style=\"font-weight: 400;\">El formato grande asegura un ajuste m\u00e1s completo y satisfactorio bajo el labio, manteniendo la comodidad y la discreci\u00f3n. Fabricado totalmente sin tabaco y con materiales vegetales de alta calidad, Z!XS Melon Freeze Large ofrece una alternativa de nicotina moderna y limpia con un car\u00e1cter fresco y afrutado.<\/span><\/p>\n<table>\n<tbody>\n<tr>\n<td><b>Atributo<\/b><\/td>\n<td><b>Detalles<\/b><\/td>\n<\/tr>\n<tr>\n<td><b>Marca<\/b><\/td>\n<td><span style=\"font-weight: 400;\">Z!XS<\/span><\/td>\n<\/tr>\n<tr>\n<td><b>Tipo de producto<\/b><\/td>\n<td><span style=\"font-weight: 400;\">Todas las bolsas de nicotina blancas<\/span><\/td>\n<\/tr>\n<tr>\n<td><b>Formato<\/b><\/td>\n<td><span style=\"font-weight: 400;\">Grande<\/span><\/td>\n<\/tr>\n<tr>\n<td><b>Sabor<\/b><\/td>\n<td><span style=\"font-weight: 400;\">Mel\u00f3n y Menta<\/span><\/td>\n<\/tr>\n<tr>\n<td><b>Potencia de nicotina<\/b><\/td>\n<td><span style=\"font-weight: 400;\">12 mg por sobre<\/span><\/td>\n<\/tr>\n<tr>\n<td><b>Peso de la raci\u00f3n<\/b><\/td>\n<td><span style=\"font-weight: 400;\">1.0 gramos<\/span><\/td>\n<\/tr>\n<tr>\n<td><b>N\u00famero de porciones<\/b><\/td>\n<td><span style=\"font-weight: 400;\">20 por lata<\/span><\/td>\n<\/tr>\n<tr>\n<td><b>Peso total de la lata<\/b><\/td>\n<td><span style=\"font-weight: 400;\">20 gramos<\/span><\/td>\n<\/tr>\n<tr>\n<td><b>Fabricante<\/b><\/td>\n<td><span style=\"font-weight: 400;\">Z!XS International<\/span><\/td>\n<\/tr>\n<tr>\n<td><b>Caracter\u00edsticas notables<\/b><\/td>\n<td><span style=\"font-weight: 400;\">Sin tabaco, formato grande, sabor dulce de mel\u00f3n con un toque de menta refrescante<\/span><\/td>\n<\/tr>\n<\/tbody>\n<\/table>","protected":false},"excerpt":{"rendered":"<p>Z!XS <strong data-start=\"5\" data-end=\"21\">Mel\u00f3n helado<\/strong> <strong data-start=\"22\" data-end=\"31\">Grande<\/strong> combina mel\u00f3n dulce y jugoso con un toque crujiente de mentol para un perfil refrescante y vigorizante. Todo blanco <strong data-start=\"141\" data-end=\"150\">Grande<\/strong> son discretas y c\u00f3modas. Cada bolsa contiene <strong data-start=\"209\" data-end=\"227\">12 mg de nicotina<\/strong> para una liberaci\u00f3n fuerte y constante.<\/p>","protected":false},"featured_media":8014,"comment_status":"open","ping_status":"closed","template":"","format":[206],"meta":{"_acf_changed":false},"product_brand":[],"product_cat":[39],"product_tag":[16561],"flavours":[196],"nicotine":[213,232],"class_list":{"0":"post-8013","1":"product","2":"type-product","3":"status-publish","4":"has-post-thumbnail","6":"product_cat-zxs","7":"product_tag-12-mg-pouch","8":"pa_quantity-1-pack","9":"pa_quantity-10-pack","10":"pa_quantity-3-pack","11":"pa_quantity-30-pack","12":"pa_quantity-5-pack","13":"pa_quantity-60-pack","14":"flavours-fruits-berries","15":"format-slim","16":"nicotine-16-mg-g","17":"nicotine-extra-strong","19":"first","20":"instock","21":"taxable","22":"shipping-taxable","23":"purchasable","24":"product-type-variable"},"acf":[],"_links":{"self":[{"href":"https:\/\/whitelip.com\/es\/wp-json\/wp\/v2\/product\/8013","targetHints":{"allow":["GET"]}}],"collection":[{"href":"https:\/\/whitelip.com\/es\/wp-json\/wp\/v2\/product"}],"about":[{"href":"https:\/\/whitelip.com\/es\/wp-json\/wp\/v2\/types\/product"}],"replies":[{"embeddable":true,"href":"https:\/\/whitelip.com\/es\/wp-json\/wp\/v2\/comments?post=8013"}],"wp:featuredmedia":[{"embeddable":true,"href":"https:\/\/whitelip.com\/es\/wp-json\/wp\/v2\/media\/8014"}],"wp:attachment":[{"href":"https:\/\/whitelip.com\/es\/wp-json\/wp\/v2\/media?parent=8013"}],"wp:term":[{"taxonomy":"product_brand","embeddable":true,"href":"https:\/\/whitelip.com\/es\/wp-json\/wp\/v2\/product_brand?post=8013"},{"taxonomy":"product_cat","embeddable":true,"href":"https:\/\/whitelip.com\/es\/wp-json\/wp\/v2\/product_cat?post=8013"},{"taxonomy":"product_tag","embeddable":true,"href":"https:\/\/whitelip.com\/es\/wp-json\/wp\/v2\/product_tag?post=8013"},{"taxonomy":"flavours","embeddable":true,"href":"https:\/\/whitelip.com\/es\/wp-json\/wp\/v2\/flavours?post=8013"},{"taxonomy":"format","embeddable":true,"href":"https:\/\/whitelip.com\/es\/wp-json\/wp\/v2\/format?post=8013"},{"taxonomy":"nicotine","embeddable":true,"href":"https:\/\/whitelip.com\/es\/wp-json\/wp\/v2\/nicotine?post=8013"}],"curies":[{"name":"wp","href":"https:\/\/api.w.org\/{rel}","templated":true}]}}