{"id":8007,"date":"2024-11-28T12:35:41","date_gmt":"2024-11-28T12:35:41","guid":{"rendered":"https:\/\/whitelip.com\/77-cola-vanilla-medium\/"},"modified":"2026-04-27T18:42:13","modified_gmt":"2026-04-27T18:42:13","slug":"77-cola-vanilla-medium","status":"publish","type":"product","link":"https:\/\/whitelip.com\/es\/77\/77-cola-vanilla-medium\/","title":{"rendered":"77 Cola y Vainilla Medium"},"content":{"rendered":"<h2><strong>77 Cola y Vainilla Medium<\/strong><\/h2>\n<p><span style=\"font-weight: 400;\">Las bolsitas de nicotina 77 Cola &amp; Vainilla Medium ofrecen una armoniosa mezcla de los cl\u00e1sicos sabores de cola y vainilla dulce, proporcionando una experiencia de sabor \u00fanica. Cada bolsita, delgada y totalmente blanca, contiene 10,4 mg de nicotina, proporcionando una sensaci\u00f3n intensa apta para usuarios experimentados. El discreto dise\u00f1o asegura un c\u00f3modo ajuste bajo el labio, permitiendo su uso en cualquier momento sin manchar los dientes. Producidas por 77 Group, estas bolsitas sin tabaco son un ejemplo de alta calidad e innovadoras combinaciones de sabores.<\/span><\/p>\n<table>\n<tbody>\n<tr>\n<td><b>Atributo<\/b><\/td>\n<td><b>Detalles<\/b><\/td>\n<\/tr>\n<tr>\n<td><b>Contenido por lata<\/b><\/td>\n<td><span style=\"font-weight: 400;\">13g (20 bolsas)<\/span><\/td>\n<\/tr>\n<tr>\n<td><b>Contenido de nicotina<\/b><\/td>\n<td><span style=\"font-weight: 400;\">16 mg\/g (10.4 mg por bolsa)<\/span><\/td>\n<\/tr>\n<tr>\n<td><b>Formato bolsa<\/b><\/td>\n<td><span style=\"font-weight: 400;\">Delgado<\/span><\/td>\n<\/tr>\n<tr>\n<td><b>Productor<\/b><\/td>\n<td><span style=\"font-weight: 400;\">77 Group<\/span><\/td>\n<\/tr>\n<tr>\n<td><b>Sabor<\/b><\/td>\n<td><span style=\"font-weight: 400;\">Cola y Vainilla<\/span><\/td>\n<\/tr>\n<tr>\n<td><b>Tipo<\/b><\/td>\n<td><span style=\"font-weight: 400;\">Bolsa blanca<\/span><\/td>\n<\/tr>\n<\/tbody>\n<\/table>","protected":false},"excerpt":{"rendered":"<p>Suave <strong data-start=\"7\" data-end=\"27\">cola y vainilla<\/strong> para un sabor limpio y nost\u00e1lgico. En <strong data-start=\"62\" data-end=\"81\">delgado,<\/strong> de color blanco, se colocan discreta y c\u00f3modamente bajo el labio para que no se manchen y puedan utilizarse en cualquier momento. Cada bolsa contiene <strong data-start=\"184\" data-end=\"204\">10,4 mg de nicotina<\/strong>, que ofrece una experiencia constante de fuerza media del Grupo 77.<\/p>","protected":false},"featured_media":8008,"comment_status":"open","ping_status":"closed","template":"","format":[206],"meta":{"_acf_changed":false},"product_brand":[],"product_cat":[23],"product_tag":[16543],"flavours":[193,201],"nicotine":[218,232],"class_list":{"0":"post-8007","1":"product","2":"type-product","3":"status-publish","4":"has-post-thumbnail","6":"product_cat-23","7":"product_tag-10-4-mg-pouch","8":"pa_quantity-1-pack","9":"pa_quantity-10-pack","10":"pa_quantity-3-pack","11":"pa_quantity-30-pack","12":"pa_quantity-5-pack","13":"pa_quantity-60-pack","14":"flavours-cola","15":"flavours-vanilla","16":"format-slim","17":"nicotine-20-mg-g","18":"nicotine-extra-strong","20":"first","21":"instock","22":"taxable","23":"shipping-taxable","24":"purchasable","25":"product-type-variable"},"acf":[],"_links":{"self":[{"href":"https:\/\/whitelip.com\/es\/wp-json\/wp\/v2\/product\/8007","targetHints":{"allow":["GET"]}}],"collection":[{"href":"https:\/\/whitelip.com\/es\/wp-json\/wp\/v2\/product"}],"about":[{"href":"https:\/\/whitelip.com\/es\/wp-json\/wp\/v2\/types\/product"}],"replies":[{"embeddable":true,"href":"https:\/\/whitelip.com\/es\/wp-json\/wp\/v2\/comments?post=8007"}],"wp:featuredmedia":[{"embeddable":true,"href":"https:\/\/whitelip.com\/es\/wp-json\/wp\/v2\/media\/8008"}],"wp:attachment":[{"href":"https:\/\/whitelip.com\/es\/wp-json\/wp\/v2\/media?parent=8007"}],"wp:term":[{"taxonomy":"product_brand","embeddable":true,"href":"https:\/\/whitelip.com\/es\/wp-json\/wp\/v2\/product_brand?post=8007"},{"taxonomy":"product_cat","embeddable":true,"href":"https:\/\/whitelip.com\/es\/wp-json\/wp\/v2\/product_cat?post=8007"},{"taxonomy":"product_tag","embeddable":true,"href":"https:\/\/whitelip.com\/es\/wp-json\/wp\/v2\/product_tag?post=8007"},{"taxonomy":"flavours","embeddable":true,"href":"https:\/\/whitelip.com\/es\/wp-json\/wp\/v2\/flavours?post=8007"},{"taxonomy":"format","embeddable":true,"href":"https:\/\/whitelip.com\/es\/wp-json\/wp\/v2\/format?post=8007"},{"taxonomy":"nicotine","embeddable":true,"href":"https:\/\/whitelip.com\/es\/wp-json\/wp\/v2\/nicotine?post=8007"}],"curies":[{"name":"wp","href":"https:\/\/api.w.org\/{rel}","templated":true}]}}