{"id":7987,"date":"2024-11-28T12:35:40","date_gmt":"2024-11-28T12:35:40","guid":{"rendered":"https:\/\/whitelip.com\/77-tropical-mint-medium\/"},"modified":"2026-05-12T10:11:27","modified_gmt":"2026-05-12T10:11:27","slug":"77-tropical-mint-medium","status":"publish","type":"product","link":"https:\/\/whitelip.com\/es\/77\/77-tropical-mint-medium\/","title":{"rendered":"77 Tropical Menta Medio"},"content":{"rendered":"<h2><strong>77 Tropical Menta Medio<\/strong><\/h2>\n<p><span style=\"font-weight: 400;\">Las bolsitas de nicotina 77 Tropical Mint Medium combinan la dulzura de frutas tropicales como el mango y la pi\u00f1a con un refrescante acabado de menta, creando un perfil de sabor equilibrado y vigorizante. Cada bolsita delgada y totalmente blanca contiene 10 mg de nicotina, ofreciendo una fuerte sensaci\u00f3n adecuada para usuarios experimentados. El discreto dise\u00f1o asegura un c\u00f3modo ajuste bajo el labio, permitiendo su uso en cualquier momento sin manchar los dientes. Producidas por 77 Group, estas bolsitas sin tabaco son un ejemplo de alta calidad e innovadoras combinaciones de sabores.<\/span><\/p>\n<table>\n<tbody>\n<tr>\n<td><b>Atributo<\/b><\/td>\n<td><b>Detalles<\/b><\/td>\n<\/tr>\n<tr>\n<td><b>Contenido por lata<\/b><\/td>\n<td><span style=\"font-weight: 400;\">10 g (20 bolsitas)<\/span><\/td>\n<\/tr>\n<tr>\n<td><b>Contenido de nicotina<\/b><\/td>\n<td><span style=\"font-weight: 400;\">20 mg\/g (10 mg por bolsa)<\/span><\/td>\n<\/tr>\n<tr>\n<td><b>Formato bolsa<\/b><\/td>\n<td><span style=\"font-weight: 400;\">Delgado<\/span><\/td>\n<\/tr>\n<tr>\n<td><b>Productor<\/b><\/td>\n<td><span style=\"font-weight: 400;\">77 Group<\/span><\/td>\n<\/tr>\n<tr>\n<td><b>Sabor<\/b><\/td>\n<td><span style=\"font-weight: 400;\">Frutas tropicales y menta<\/span><\/td>\n<\/tr>\n<tr>\n<td><b>Tipo<\/b><\/td>\n<td><span style=\"font-weight: 400;\">Bolsa blanca<\/span><\/td>\n<\/tr>\n<\/tbody>\n<\/table>","protected":false},"excerpt":{"rendered":"<p>Dulce <strong data-start=\"6\" data-end=\"35\">frutas tropicales con menta<\/strong> como el mango y la pi\u00f1a para un sabor equilibrado y refrescante. En <strong data-start=\"99\" data-end=\"118\">delgado, <\/strong>Las bolsitas blancas se colocan discreta y c\u00f3modamente bajo el labio para poder usarlas en cualquier momento. Cada bolsa contiene <strong data-start=\"216\" data-end=\"234\">10 mg de nicotina<\/strong>, que ofrece una experiencia constante de fuerza media del Grupo 77.<\/p>","protected":false},"featured_media":43439,"comment_status":"open","ping_status":"closed","template":"","format":[206],"meta":{"_acf_changed":false},"product_brand":[],"product_cat":[23],"product_tag":[16543],"flavours":[196],"nicotine":[218,232],"class_list":{"0":"post-7987","1":"product","2":"type-product","3":"status-publish","4":"has-post-thumbnail","6":"product_cat-23","7":"product_tag-10-4-mg-pouch","8":"pa_quantity-1-pack","9":"pa_quantity-10-pack","10":"pa_quantity-3-pack","11":"pa_quantity-30-pack","12":"pa_quantity-5-pack","13":"pa_quantity-60-pack","14":"flavours-fruits-berries","15":"format-slim","16":"nicotine-20-mg-g","17":"nicotine-extra-strong","19":"first","20":"outofstock","21":"taxable","22":"shipping-taxable","23":"purchasable","24":"product-type-variable"},"acf":[],"_links":{"self":[{"href":"https:\/\/whitelip.com\/es\/wp-json\/wp\/v2\/product\/7987","targetHints":{"allow":["GET"]}}],"collection":[{"href":"https:\/\/whitelip.com\/es\/wp-json\/wp\/v2\/product"}],"about":[{"href":"https:\/\/whitelip.com\/es\/wp-json\/wp\/v2\/types\/product"}],"replies":[{"embeddable":true,"href":"https:\/\/whitelip.com\/es\/wp-json\/wp\/v2\/comments?post=7987"}],"wp:featuredmedia":[{"embeddable":true,"href":"https:\/\/whitelip.com\/es\/wp-json\/wp\/v2\/media\/43439"}],"wp:attachment":[{"href":"https:\/\/whitelip.com\/es\/wp-json\/wp\/v2\/media?parent=7987"}],"wp:term":[{"taxonomy":"product_brand","embeddable":true,"href":"https:\/\/whitelip.com\/es\/wp-json\/wp\/v2\/product_brand?post=7987"},{"taxonomy":"product_cat","embeddable":true,"href":"https:\/\/whitelip.com\/es\/wp-json\/wp\/v2\/product_cat?post=7987"},{"taxonomy":"product_tag","embeddable":true,"href":"https:\/\/whitelip.com\/es\/wp-json\/wp\/v2\/product_tag?post=7987"},{"taxonomy":"flavours","embeddable":true,"href":"https:\/\/whitelip.com\/es\/wp-json\/wp\/v2\/flavours?post=7987"},{"taxonomy":"format","embeddable":true,"href":"https:\/\/whitelip.com\/es\/wp-json\/wp\/v2\/format?post=7987"},{"taxonomy":"nicotine","embeddable":true,"href":"https:\/\/whitelip.com\/es\/wp-json\/wp\/v2\/nicotine?post=7987"}],"curies":[{"name":"wp","href":"https:\/\/api.w.org\/{rel}","templated":true}]}}