{"id":65358,"date":"2026-02-02T11:02:48","date_gmt":"2026-02-02T11:02:48","guid":{"rendered":"https:\/\/whitelip.com\/?post_type=product&#038;p=65358"},"modified":"2026-04-09T10:04:17","modified_gmt":"2026-04-09T10:04:17","slug":"nois-extreme-4mg-2","status":"publish","type":"product","link":"https:\/\/whitelip.com\/es\/nois\/nois-extreme-4mg-2\/","title":{"rendered":"NOIS Extreme 4mg"},"content":{"rendered":"<h2>NOIS Extreme 4mg<\/h2>\n<p data-start=\"267\" data-end=\"560\">NOIS Extreme 4MG son sobres de nicotina con un sabor intenso a menta en formato slim. El sabor se introduce temprano y proporciona un car\u00e1cter afilado y helado de menta con un acabado refrescante de mentol. El producto est\u00e1 dise\u00f1ado para proporcionar una experiencia de sabor pronunciada mientras mantiene un contenido de nicotina m\u00e1s bajo.<\/p>\n<p data-start=\"562\" data-end=\"842\">Cada sobre contiene 4 mg de nicotina. Los sobres se producen en el formato NOIS slim, desarrollado para colocaci\u00f3n discreta y c\u00f3moda bajo el labio superior. El material es suave y prehumedecido para apoyar una liberaci\u00f3n r\u00e1pida de sabor y nicotina. El producto es libre de tabaco.<\/p>\n<p data-start=\"844\" data-end=\"977\">Los sobres de nicotina NOIS son fabricados por HRJ Production O\u00dc en Tallin, Estonia. La producci\u00f3n sigue est\u00e1ndares estrictos de control de calidad.<\/p>\n<table>\n<tbody>\n<tr>\n<td><b>Atributo<\/b><\/td>\n<td><b>Detalles<\/b><\/td>\n<\/tr>\n<tr>\n<td><b>Marca<\/b><\/td>\n<td><span style=\"font-weight: 400;\">NOIS<\/span><\/td>\n<\/tr>\n<tr>\n<td><b>Tipo de producto<\/b><\/td>\n<td><span style=\"font-weight: 400;\">Todas las bolsas de nicotina blancas<\/span><\/td>\n<\/tr>\n<tr>\n<td><b>Formato<\/b><\/td>\n<td><span style=\"font-weight: 400;\">Delgado<\/span><\/td>\n<\/tr>\n<tr>\n<td><b>Sabor<\/b><\/td>\n<td><span style=\"font-weight: 400;\">Menta<\/span><\/td>\n<\/tr>\n<tr>\n<td><b>Potencia de nicotina<\/b><\/td>\n<td><span style=\"font-weight: 400;\">4 mg por bolsa\u00a0<\/span><\/td>\n<\/tr>\n<tr>\n<td><b>Peso de la raci\u00f3n<\/b><\/td>\n<td><span style=\"font-weight: 400;\">0,5 gramos<\/span><\/td>\n<\/tr>\n<tr>\n<td><b>N\u00famero de porciones<\/b><\/td>\n<td><span style=\"font-weight: 400;\">30 por lata<\/span><\/td>\n<\/tr>\n<tr>\n<td><b>Peso total de la lata<\/b><\/td>\n<td><span style=\"font-weight: 400;\">15 gramos<\/span><\/td>\n<\/tr>\n<tr>\n<td><b>Fabricante<\/b><\/td>\n<td><span style=\"font-weight: 400;\">HRJ Production O\u00dc<\/span><\/td>\n<\/tr>\n<tr>\n<td><b>Caracter\u00edsticas notables<\/b><\/td>\n<td><span style=\"font-weight: 400;\">Sin tabaco, formato delgado<\/span><\/td>\n<\/tr>\n<\/tbody>\n<\/table>","protected":false},"excerpt":{"rendered":"<p data-start=\"991\" data-end=\"1124\">Sobres de nicotina NOIS Extreme 4MG con <strong data-start=\"1048\" data-end=\"1056\">Menta<\/strong> sabor en <strong data-start=\"1067\" data-end=\"1075\">Delgado<\/strong> formato. Cada bolsa contiene <strong data-start=\"1104\" data-end=\"1121\">4 mg de nicotina<\/strong>.<\/p>","protected":false},"featured_media":65320,"comment_status":"open","ping_status":"closed","template":"","format":[206],"meta":{"_acf_changed":false},"product_brand":[],"product_cat":[127],"product_tag":[16585],"flavours":[199],"nicotine":[230,236],"class_list":{"0":"post-65358","1":"product","2":"type-product","3":"status-publish","4":"has-post-thumbnail","6":"product_cat-nois","7":"product_tag-4-mg-pouch","8":"pa_quantity-1-pack","9":"pa_quantity-10-pack","10":"pa_quantity-3-pack","11":"pa_quantity-30-pack","12":"pa_quantity-5-pack","13":"pa_quantity-60-pack","14":"flavours-mint","15":"format-slim","16":"nicotine-8-mg-g","17":"nicotine-strong","19":"first","20":"outofstock","21":"taxable","22":"shipping-taxable","23":"purchasable","24":"product-type-variable","25":"has-default-attributes"},"acf":[],"_links":{"self":[{"href":"https:\/\/whitelip.com\/es\/wp-json\/wp\/v2\/product\/65358","targetHints":{"allow":["GET"]}}],"collection":[{"href":"https:\/\/whitelip.com\/es\/wp-json\/wp\/v2\/product"}],"about":[{"href":"https:\/\/whitelip.com\/es\/wp-json\/wp\/v2\/types\/product"}],"replies":[{"embeddable":true,"href":"https:\/\/whitelip.com\/es\/wp-json\/wp\/v2\/comments?post=65358"}],"wp:featuredmedia":[{"embeddable":true,"href":"https:\/\/whitelip.com\/es\/wp-json\/wp\/v2\/media\/65320"}],"wp:attachment":[{"href":"https:\/\/whitelip.com\/es\/wp-json\/wp\/v2\/media?parent=65358"}],"wp:term":[{"taxonomy":"product_brand","embeddable":true,"href":"https:\/\/whitelip.com\/es\/wp-json\/wp\/v2\/product_brand?post=65358"},{"taxonomy":"product_cat","embeddable":true,"href":"https:\/\/whitelip.com\/es\/wp-json\/wp\/v2\/product_cat?post=65358"},{"taxonomy":"product_tag","embeddable":true,"href":"https:\/\/whitelip.com\/es\/wp-json\/wp\/v2\/product_tag?post=65358"},{"taxonomy":"flavours","embeddable":true,"href":"https:\/\/whitelip.com\/es\/wp-json\/wp\/v2\/flavours?post=65358"},{"taxonomy":"format","embeddable":true,"href":"https:\/\/whitelip.com\/es\/wp-json\/wp\/v2\/format?post=65358"},{"taxonomy":"nicotine","embeddable":true,"href":"https:\/\/whitelip.com\/es\/wp-json\/wp\/v2\/nicotine?post=65358"}],"curies":[{"name":"wp","href":"https:\/\/api.w.org\/{rel}","templated":true}]}}