{"id":65126,"date":"2026-02-02T08:55:43","date_gmt":"2026-02-02T08:55:43","guid":{"rendered":"https:\/\/whitelip.com\/?post_type=product&#038;p=65126"},"modified":"2026-04-09T17:03:02","modified_gmt":"2026-04-09T17:03:02","slug":"togo-straw-melonade","status":"publish","type":"product","link":"https:\/\/whitelip.com\/es\/togo\/togo-straw-melonade\/","title":{"rendered":"Melonada de paja TOGO"},"content":{"rendered":"<h1>Melonada de paja TOGO<\/h1>\n<p data-start=\"257\" data-end=\"536\">TOGO Straw Melonade son sobres de nicotina con una combinaci\u00f3n de sabor a fresa, mel\u00f3n y limonada. El sabor se introduce pronto y combina notas dulces de fresa con mel\u00f3n suave y un ligero car\u00e1cter c\u00edtrico de limonada. El producto es fabricado por Togo Nicotine AB.<\/p>\n<p data-start=\"538\" data-end=\"706\">Cada bolsita pesa 0,6 gramos. Una lata contiene 20 bolsitas de nicotina con un contenido total de 12 gramos. El contenido de nicotina es de 8 mg por bolsita y de 13,33 mg de nicotina por gramo.<\/p>\n<p data-start=\"708\" data-end=\"839\">TOGO Straw Melonade forma parte de la gama TOGO de bolsitas de nicotina y se ha desarrollado con un perfil de sabor equilibrado a frutas y c\u00edtricos.<\/p>\n<table>\n<tbody>\n<tr>\n<td><b>Atributo<\/b><\/td>\n<td><b>Detalles<\/b><\/td>\n<\/tr>\n<tr>\n<td><span style=\"font-weight: 400;\">Contenido por lata<\/span><\/td>\n<td><span style=\"font-weight: 400;\">12g (20 pouches)<\/span><\/td>\n<\/tr>\n<tr>\n<td><span style=\"font-weight: 400;\">Contenido de nicotina<\/span><\/td>\n<td><span style=\"font-weight: 400;\">8 mg por pouch<\/span><\/td>\n<\/tr>\n<tr>\n<td><span style=\"font-weight: 400;\">Formato de bolsa<\/span><\/td>\n<td><span style=\"font-weight: 400;\">Delgado<\/span><\/td>\n<\/tr>\n<tr>\n<td><span style=\"font-weight: 400;\">Productor<\/span><\/td>\n<td><span style=\"font-weight: 400;\">TOGO Nicotine AB<\/span><\/td>\n<\/tr>\n<tr>\n<td><span style=\"font-weight: 400;\">Sabor<\/span><\/td>\n<td>Fresa, mel\u00f3n, limonada<\/td>\n<\/tr>\n<tr>\n<td><span style=\"font-weight: 400;\">Tipo<\/span><\/td>\n<td><span style=\"font-weight: 400;\">Bolsa blanca, Sin tabaco<\/span><\/td>\n<\/tr>\n<\/tbody>\n<\/table>","protected":false},"excerpt":{"rendered":"<p data-start=\"901\" data-end=\"1023\">Bolsitas de nicotina TOGO Straw Melonade con <strong data-start=\"913\" data-end=\"948\">Fresa, mel\u00f3n y limonada<\/strong> sabor. Cada bolsa contiene <strong data-start=\"977\" data-end=\"994\">8 mg de nicotina<\/strong>.<\/p>","protected":false},"featured_media":65154,"comment_status":"open","ping_status":"closed","template":"","format":[206],"meta":{"_acf_changed":false},"product_brand":[],"product_cat":[13788],"product_tag":[16583],"flavours":[196],"nicotine":[210,232],"class_list":{"0":"post-65126","1":"product","2":"type-product","3":"status-publish","4":"has-post-thumbnail","6":"product_cat-togo","7":"product_tag-8-mg-pouch","8":"pa_quantity-1-pack","9":"pa_quantity-10-pack","10":"pa_quantity-3-pack","11":"pa_quantity-30-pack","12":"pa_quantity-5-pack","13":"pa_quantity-60-pack","14":"flavours-fruits-berries","15":"format-slim","16":"nicotine-13-mg-g","17":"nicotine-extra-strong","19":"first","20":"instock","21":"taxable","22":"shipping-taxable","23":"purchasable","24":"product-type-variable"},"acf":[],"_links":{"self":[{"href":"https:\/\/whitelip.com\/es\/wp-json\/wp\/v2\/product\/65126","targetHints":{"allow":["GET"]}}],"collection":[{"href":"https:\/\/whitelip.com\/es\/wp-json\/wp\/v2\/product"}],"about":[{"href":"https:\/\/whitelip.com\/es\/wp-json\/wp\/v2\/types\/product"}],"replies":[{"embeddable":true,"href":"https:\/\/whitelip.com\/es\/wp-json\/wp\/v2\/comments?post=65126"}],"wp:featuredmedia":[{"embeddable":true,"href":"https:\/\/whitelip.com\/es\/wp-json\/wp\/v2\/media\/65154"}],"wp:attachment":[{"href":"https:\/\/whitelip.com\/es\/wp-json\/wp\/v2\/media?parent=65126"}],"wp:term":[{"taxonomy":"product_brand","embeddable":true,"href":"https:\/\/whitelip.com\/es\/wp-json\/wp\/v2\/product_brand?post=65126"},{"taxonomy":"product_cat","embeddable":true,"href":"https:\/\/whitelip.com\/es\/wp-json\/wp\/v2\/product_cat?post=65126"},{"taxonomy":"product_tag","embeddable":true,"href":"https:\/\/whitelip.com\/es\/wp-json\/wp\/v2\/product_tag?post=65126"},{"taxonomy":"flavours","embeddable":true,"href":"https:\/\/whitelip.com\/es\/wp-json\/wp\/v2\/flavours?post=65126"},{"taxonomy":"format","embeddable":true,"href":"https:\/\/whitelip.com\/es\/wp-json\/wp\/v2\/format?post=65126"},{"taxonomy":"nicotine","embeddable":true,"href":"https:\/\/whitelip.com\/es\/wp-json\/wp\/v2\/nicotine?post=65126"}],"curies":[{"name":"wp","href":"https:\/\/api.w.org\/{rel}","templated":true}]}}