{"id":65032,"date":"2026-02-02T08:27:35","date_gmt":"2026-02-02T08:27:35","guid":{"rendered":"https:\/\/whitelip.com\/?post_type=product&#038;p=65032"},"modified":"2026-04-01T18:49:21","modified_gmt":"2026-04-01T18:49:21","slug":"denssi-watermelon-freeze-zeronic","status":"publish","type":"product","link":"https:\/\/whitelip.com\/es\/uncategorized\/denssi-watermelon-freeze-zeronic\/","title":{"rendered":"Denssi Sand\u00eda Congelada Zeronic"},"content":{"rendered":"<p data-start=\"291\" data-end=\"585\">DENSSI Watermelon Freeze Zeronic son bolsitas sin nicotina con sabor a sand\u00eda y un refrescante car\u00e1cter helado. El sabor se introduce pronto y combina el sabor afrutado de la sand\u00eda con una marcada sensaci\u00f3n de frescor. El producto no contiene nicotina y se fabrica en Europa bajo la marca DENSSI.<\/p>\n<p data-start=\"587\" data-end=\"929\">Las bolsitas est\u00e1n dise\u00f1adas para proporcionar una liberaci\u00f3n constante de sabor sin utilizar nicotina. Cada bolsita pesa aproximadamente 0,7 gramos, o 0,5 gramos en Suecia y Finlandia. Una lata contiene aproximadamente 20 bolsitas. El producto utiliza un compuesto redise\u00f1ado para proporcionar la sensaci\u00f3n familiar de una bolsita sin nicotina.<\/p>\n<p data-start=\"931\" data-end=\"1090\">DENSSI Watermelon Freeze Zeronic forma parte de la gama DENSSI de bolsitas sin nicotina y est\u00e1 desarrollada para usuarios que buscan sabor e intensidad sin nicotina.<\/p>\n<table style=\"height: 395px;\" width=\"375\">\n<tbody>\n<tr>\n<td><b>Atributo<\/b><\/td>\n<td><b>Detalles<\/b><\/td>\n<\/tr>\n<tr>\n<td><b>Marca<\/b><\/td>\n<td>Denssi<\/td>\n<\/tr>\n<tr>\n<td><b>Tipo de producto<\/b><\/td>\n<td><span style=\"font-weight: 400;\">Bolsitas completamente blancas<\/span><\/td>\n<\/tr>\n<tr>\n<td><b>Formato<\/b><\/td>\n<td>Delgado<\/td>\n<\/tr>\n<tr>\n<td><b>Sabor<\/b><\/td>\n<td>Sand\u00eda<\/td>\n<\/tr>\n<tr>\n<td><b>Fabricante<\/b><\/td>\n<td><span style=\"font-weight: 400;\">Denssi<\/span><\/td>\n<\/tr>\n<tr>\n<td><b>N\u00famero de porciones<\/b><\/td>\n<td><span style=\"font-weight: 400;\">20 por lata<\/span><\/td>\n<\/tr>\n<tr>\n<td><b>Caracter\u00edsticas notables<\/b><\/td>\n<td><span style=\"font-weight: 400;\">Sin tabaco, sin nicotina<\/span><\/td>\n<\/tr>\n<tr>\n<td><\/td>\n<td><\/td>\n<\/tr>\n<tr>\n<td><\/td>\n<td><\/td>\n<\/tr>\n<tr>\n<td><\/td>\n<td><\/td>\n<\/tr>\n<\/tbody>\n<\/table>","protected":false},"excerpt":{"rendered":"<p data-start=\"1185\" data-end=\"1369\">DENSSI Sand\u00eda Congelar Zeronic bolsas sin nicotina con <strong data-start=\"1182\" data-end=\"1196\">Sand\u00eda<\/strong> sabor y car\u00e1cter refrescante.<\/p>","protected":false},"featured_media":65048,"comment_status":"open","ping_status":"closed","template":"","format":[206],"meta":{"_acf_changed":false},"product_brand":[],"product_cat":[15],"product_tag":[],"flavours":[196],"nicotine":[242],"class_list":{"0":"post-65032","1":"product","2":"type-product","3":"status-publish","4":"has-post-thumbnail","6":"product_cat-uncategorized","7":"pa_quantity-1-pack","8":"pa_quantity-10-pack","9":"pa_quantity-3-pack","10":"pa_quantity-30-pack","11":"pa_quantity-5-pack","12":"pa_quantity-60-pack","13":"flavours-fruits-berries","14":"format-slim","15":"nicotine-0-mg-g","17":"first","18":"instock","19":"taxable","20":"shipping-taxable","21":"purchasable","22":"product-type-variable"},"acf":[],"_links":{"self":[{"href":"https:\/\/whitelip.com\/es\/wp-json\/wp\/v2\/product\/65032","targetHints":{"allow":["GET"]}}],"collection":[{"href":"https:\/\/whitelip.com\/es\/wp-json\/wp\/v2\/product"}],"about":[{"href":"https:\/\/whitelip.com\/es\/wp-json\/wp\/v2\/types\/product"}],"replies":[{"embeddable":true,"href":"https:\/\/whitelip.com\/es\/wp-json\/wp\/v2\/comments?post=65032"}],"wp:featuredmedia":[{"embeddable":true,"href":"https:\/\/whitelip.com\/es\/wp-json\/wp\/v2\/media\/65048"}],"wp:attachment":[{"href":"https:\/\/whitelip.com\/es\/wp-json\/wp\/v2\/media?parent=65032"}],"wp:term":[{"taxonomy":"product_brand","embeddable":true,"href":"https:\/\/whitelip.com\/es\/wp-json\/wp\/v2\/product_brand?post=65032"},{"taxonomy":"product_cat","embeddable":true,"href":"https:\/\/whitelip.com\/es\/wp-json\/wp\/v2\/product_cat?post=65032"},{"taxonomy":"product_tag","embeddable":true,"href":"https:\/\/whitelip.com\/es\/wp-json\/wp\/v2\/product_tag?post=65032"},{"taxonomy":"flavours","embeddable":true,"href":"https:\/\/whitelip.com\/es\/wp-json\/wp\/v2\/flavours?post=65032"},{"taxonomy":"format","embeddable":true,"href":"https:\/\/whitelip.com\/es\/wp-json\/wp\/v2\/format?post=65032"},{"taxonomy":"nicotine","embeddable":true,"href":"https:\/\/whitelip.com\/es\/wp-json\/wp\/v2\/nicotine?post=65032"}],"curies":[{"name":"wp","href":"https:\/\/api.w.org\/{rel}","templated":true}]}}