{"id":64079,"date":"2026-01-26T12:56:29","date_gmt":"2026-01-26T12:56:29","guid":{"rendered":"https:\/\/whitelip.com\/?post_type=product&#038;p=64079"},"modified":"2026-04-21T10:11:44","modified_gmt":"2026-04-21T10:11:44","slug":"killa-flash-watermelon","status":"publish","type":"product","link":"https:\/\/whitelip.com\/es\/killa\/killa-flash-watermelon\/","title":{"rendered":"KILLA Sand\u00eda Flash"},"content":{"rendered":"<h2>KILLA Sand\u00eda Flash<\/h2>\n<p data-start=\"268\" data-end=\"521\">KILLA Sand\u00eda son bolsitas de nicotina con sabor a sand\u00eda. El sabor se introduce al principio y tiene un car\u00e1cter claro de sand\u00eda con un perfil fresco y ligeramente dulce. El producto es sin tabaco y fabricado por N.G.P Tobacco ApS en Dinamarca. Las bolsitas se producen como bolsitas de nicotina blancas. El contenido de nicotina se especifica como 5 mg de nicotina por gramo. El peso neto total por lata es de 24 gramos. El producto se formula usando agua, celulosa, reguladores de acidez, humectantes, agentes aromatizantes naturales, nicotina y conservantes. KILLA Sand\u00eda es parte de la gama KILLA de bolsitas de nicotina sin tabaco y se produce con un contenido de nicotina m\u00e1s bajo por gramo.<\/p>\n<table>\n<tbody>\n<tr>\n<td><b>Atributo<\/b><\/td>\n<td><b>Detalles<\/b><\/td>\n<\/tr>\n<tr>\n<td><span style=\"font-weight: 400;\">Contenido por lata<\/span><\/td>\n<td><span style=\"font-weight: 400;\">24g (20 bolsitas)<\/span><\/td>\n<\/tr>\n<tr>\n<td><span style=\"font-weight: 400;\">Contenido de nicotina<\/span><\/td>\n<td><span style=\"font-weight: 400;\">5 mg\/g (4 mg por bolsita)<\/span><\/td>\n<\/tr>\n<tr>\n<td><span style=\"font-weight: 400;\">Formato de bolsa<\/span><\/td>\n<td><span style=\"font-weight: 400;\">Delgado<\/span><\/td>\n<\/tr>\n<tr>\n<td><span style=\"font-weight: 400;\">Productor<\/span><\/td>\n<td><span style=\"font-weight: 400;\">N.G.P Empire<\/span><\/td>\n<\/tr>\n<tr>\n<td><span style=\"font-weight: 400;\">Sabor<\/span><\/td>\n<td><span style=\"font-weight: 400;\">Sand\u00eda<\/span><\/td>\n<\/tr>\n<tr>\n<td><span style=\"font-weight: 400;\">Tipo<\/span><\/td>\n<td><span style=\"font-weight: 400;\">Bolsa blanca, Sin tabaco<\/span><\/td>\n<\/tr>\n<\/tbody>\n<\/table>","protected":false},"excerpt":{"rendered":"<p>Bolsitas de nicotina KILLA Sand\u00eda con <strong data-start=\"1023\" data-end=\"1037\">Sand\u00eda<\/strong> sabor. El contenido de nicotina es <strong data-start=\"1066\" data-end=\"1083\">5 mg por gramo<\/strong>.<\/p>","protected":false},"featured_media":64103,"comment_status":"open","ping_status":"closed","template":"","format":[206],"meta":{"_acf_changed":false},"product_brand":[],"product_cat":[64],"product_tag":[16585],"flavours":[196],"nicotine":[224,234],"class_list":{"0":"post-64079","1":"product","2":"type-product","3":"status-publish","4":"has-post-thumbnail","6":"product_cat-killa","7":"product_tag-4-mg-pouch","8":"pa_quantity-1-pack","9":"pa_quantity-10-pack","10":"pa_quantity-3-pack","11":"pa_quantity-30-pack","12":"pa_quantity-5-pack","13":"pa_quantity-60-pack","14":"flavours-fruits-berries","15":"format-slim","16":"nicotine-4-mg-g","17":"nicotine-mild","19":"first","20":"instock","21":"taxable","22":"shipping-taxable","23":"purchasable","24":"product-type-variable"},"acf":[],"_links":{"self":[{"href":"https:\/\/whitelip.com\/es\/wp-json\/wp\/v2\/product\/64079","targetHints":{"allow":["GET"]}}],"collection":[{"href":"https:\/\/whitelip.com\/es\/wp-json\/wp\/v2\/product"}],"about":[{"href":"https:\/\/whitelip.com\/es\/wp-json\/wp\/v2\/types\/product"}],"replies":[{"embeddable":true,"href":"https:\/\/whitelip.com\/es\/wp-json\/wp\/v2\/comments?post=64079"}],"wp:featuredmedia":[{"embeddable":true,"href":"https:\/\/whitelip.com\/es\/wp-json\/wp\/v2\/media\/64103"}],"wp:attachment":[{"href":"https:\/\/whitelip.com\/es\/wp-json\/wp\/v2\/media?parent=64079"}],"wp:term":[{"taxonomy":"product_brand","embeddable":true,"href":"https:\/\/whitelip.com\/es\/wp-json\/wp\/v2\/product_brand?post=64079"},{"taxonomy":"product_cat","embeddable":true,"href":"https:\/\/whitelip.com\/es\/wp-json\/wp\/v2\/product_cat?post=64079"},{"taxonomy":"product_tag","embeddable":true,"href":"https:\/\/whitelip.com\/es\/wp-json\/wp\/v2\/product_tag?post=64079"},{"taxonomy":"flavours","embeddable":true,"href":"https:\/\/whitelip.com\/es\/wp-json\/wp\/v2\/flavours?post=64079"},{"taxonomy":"format","embeddable":true,"href":"https:\/\/whitelip.com\/es\/wp-json\/wp\/v2\/format?post=64079"},{"taxonomy":"nicotine","embeddable":true,"href":"https:\/\/whitelip.com\/es\/wp-json\/wp\/v2\/nicotine?post=64079"}],"curies":[{"name":"wp","href":"https:\/\/api.w.org\/{rel}","templated":true}]}}