{"id":63336,"date":"2026-01-23T10:07:58","date_gmt":"2026-01-23T10:07:58","guid":{"rendered":"https:\/\/whitelip.com\/?post_type=product&#038;p=63336"},"modified":"2026-04-22T10:11:50","modified_gmt":"2026-04-22T10:11:50","slug":"egl-glacier-pop-6mg","status":"publish","type":"product","link":"https:\/\/whitelip.com\/es\/egl\/egl-glacier-pop-6mg\/","title":{"rendered":"EGL Glacier Pop 6mg"},"content":{"rendered":"<h1 data-start=\"2075\" data-end=\"2113\">EGL Glacier Pop 6mg<\/h1>\n<p data-start=\"226\" data-end=\"455\">EGL Glacier Pop es un pouch de nicotina de la marca EGL. El sabor se introduce temprano y tiene un perfil claramente dulce. El producto pertenece a la categor\u00eda de pouches de nicotina y est\u00e1 destinado a su uso libre de tabaco.<\/p>\n<p data-start=\"457\" data-end=\"631\">EGL Galcier Pop forma parte de la gama EGL de bolsitas de nicotina y est\u00e1 dise\u00f1ado para colocarse debajo del labio superior. El producto contiene nicotina y est\u00e1 destinado a usuarios adultos.<\/p>\n<table>\n<tbody>\n<tr>\n<td><b>Atributo<\/b><\/td>\n<td><b>Detalles<\/b><\/td>\n<\/tr>\n<tr>\n<td><b>Contenido por lata<\/b><\/td>\n<td><span style=\"font-weight: 400;\">18 pouches<\/span><\/td>\n<\/tr>\n<tr>\n<td><b>Contenido de nicotina<\/b><\/td>\n<td><span style=\"font-weight: 400;\">6 mg por bolsa<\/span><\/td>\n<\/tr>\n<tr>\n<td><b>Formato bolsa<\/b><\/td>\n<td><span style=\"font-weight: 400;\">Delgado<\/span><\/td>\n<\/tr>\n<tr>\n<td><b>Productor<\/b><\/td>\n<td>Smitify Group Ltd<\/td>\n<\/tr>\n<tr>\n<td><b>Sabor<\/b><\/td>\n<td>Dulce<\/td>\n<\/tr>\n<tr>\n<td><b>Tipo<\/b><\/td>\n<td><span style=\"font-weight: 400;\">Bolsa blanca<\/span><\/td>\n<\/tr>\n<\/tbody>\n<\/table>","protected":false},"excerpt":{"rendered":"<p>Pouches de nicotina EGL Glacier Pop con <b>dulce <\/b>sabor.<\/p>","protected":false},"featured_media":63393,"comment_status":"open","ping_status":"closed","template":"","format":[206],"meta":{"_acf_changed":false},"product_brand":[],"product_cat":[13692],"product_tag":[16559],"flavours":[185],"nicotine":[],"class_list":{"0":"post-63336","1":"product","2":"type-product","3":"status-publish","4":"has-post-thumbnail","6":"product_cat-egl","7":"product_tag-6-mg-pouch","8":"pa_quantity-1-pack","9":"pa_quantity-10-pack","10":"pa_quantity-3-pack","11":"pa_quantity-30-pack","12":"pa_quantity-5-pack","13":"pa_quantity-60-pack","14":"flavours-candy","15":"format-slim","17":"first","18":"instock","19":"taxable","20":"shipping-taxable","21":"purchasable","22":"product-type-variable"},"acf":[],"_links":{"self":[{"href":"https:\/\/whitelip.com\/es\/wp-json\/wp\/v2\/product\/63336","targetHints":{"allow":["GET"]}}],"collection":[{"href":"https:\/\/whitelip.com\/es\/wp-json\/wp\/v2\/product"}],"about":[{"href":"https:\/\/whitelip.com\/es\/wp-json\/wp\/v2\/types\/product"}],"replies":[{"embeddable":true,"href":"https:\/\/whitelip.com\/es\/wp-json\/wp\/v2\/comments?post=63336"}],"wp:featuredmedia":[{"embeddable":true,"href":"https:\/\/whitelip.com\/es\/wp-json\/wp\/v2\/media\/63393"}],"wp:attachment":[{"href":"https:\/\/whitelip.com\/es\/wp-json\/wp\/v2\/media?parent=63336"}],"wp:term":[{"taxonomy":"product_brand","embeddable":true,"href":"https:\/\/whitelip.com\/es\/wp-json\/wp\/v2\/product_brand?post=63336"},{"taxonomy":"product_cat","embeddable":true,"href":"https:\/\/whitelip.com\/es\/wp-json\/wp\/v2\/product_cat?post=63336"},{"taxonomy":"product_tag","embeddable":true,"href":"https:\/\/whitelip.com\/es\/wp-json\/wp\/v2\/product_tag?post=63336"},{"taxonomy":"flavours","embeddable":true,"href":"https:\/\/whitelip.com\/es\/wp-json\/wp\/v2\/flavours?post=63336"},{"taxonomy":"format","embeddable":true,"href":"https:\/\/whitelip.com\/es\/wp-json\/wp\/v2\/format?post=63336"},{"taxonomy":"nicotine","embeddable":true,"href":"https:\/\/whitelip.com\/es\/wp-json\/wp\/v2\/nicotine?post=63336"}],"curies":[{"name":"wp","href":"https:\/\/api.w.org\/{rel}","templated":true}]}}