{"id":62646,"date":"2026-01-19T13:30:36","date_gmt":"2026-01-19T13:30:36","guid":{"rendered":"https:\/\/whitelip.com\/?post_type=product&#038;p=62646"},"modified":"2026-04-22T10:11:50","modified_gmt":"2026-04-22T10:11:50","slug":"juice-head-peach-pineapple-9mg","status":"publish","type":"product","link":"https:\/\/whitelip.com\/es\/juice-head\/juice-head-peach-pineapple-9mg\/","title":{"rendered":"Juice Head Melocot\u00f3n Pi\u00f1a 9mg"},"content":{"rendered":"<h1 data-start=\"2075\" data-end=\"2113\">Juice Head Melocot\u00f3n Pi\u00f1a 9mg<\/h1>\n<p data-start=\"2025\" data-end=\"2304\">Juice Head Peach Pineapple 9mg son bolsitas de nicotina con sabor a melocot\u00f3n y pi\u00f1a en formato slim. El sabor se presenta temprano y combina melocot\u00f3n con claras notas de pi\u00f1a. El producto no contiene tabaco y es fabricado por Streamline Group Inc bajo la marca Juice Head. Las bolsitas se presentan en formato slim y constan de bolsitas estrechas. El contenido de nicotina es de 9 mg por bolsita y de 13 mg de nicotina por gramo. El producto se clasifica como fuerte en funci\u00f3n de su contenido de nicotina por bolsa. Juice Head Peach Pineapple 9mg forma parte de la gama Juice Head de sobres de nicotina sin tabaco.<\/p>\n<table>\n<tbody>\n<tr>\n<td><b>Atributo<\/b><\/td>\n<td><b>Detalles<\/b><\/td>\n<\/tr>\n<tr>\n<td><b>Contenido por lata<\/b><\/td>\n<td><span style=\"font-weight: 400;\">20 bolsas<\/span><\/td>\n<\/tr>\n<tr>\n<td><b>Contenido de nicotina<\/b><\/td>\n<td><span style=\"font-weight: 400;\">13 mg\/g (9 mg por bolsita)<\/span><\/td>\n<\/tr>\n<tr>\n<td><b>Formato bolsa<\/b><\/td>\n<td><span style=\"font-weight: 400;\">Delgado<\/span><\/td>\n<\/tr>\n<tr>\n<td><b>Productor<\/b><\/td>\n<td>Streamline Group Inc<\/td>\n<\/tr>\n<tr>\n<td><b>Sabor<\/b><\/td>\n<td>Melocot\u00f3n &amp; Pi\u00f1a<\/td>\n<\/tr>\n<tr>\n<td><b>Tipo<\/b><\/td>\n<td><span style=\"font-weight: 400;\">Bolsa blanca<\/span><\/td>\n<\/tr>\n<\/tbody>\n<\/table>","protected":false},"excerpt":{"rendered":"<p><strong>Versi\u00f3n europea<\/strong><\/p>\n<p>&nbsp;<\/p>\n<p>Juice Head Peach Pineapple sobres de nicotina de 9mg con <strong data-start=\"2714\" data-end=\"2737\">Melocot\u00f3n y pi\u00f1a<\/strong> sabor en <strong data-start=\"2748\" data-end=\"2756\">Delgado<\/strong> formato. Cada bolsa contiene <strong data-start=\"2785\" data-end=\"2802\">9 mg de nicotina<\/strong>.<\/p>","protected":false},"featured_media":62989,"comment_status":"open","ping_status":"closed","template":"","format":[206],"meta":{"_acf_changed":false},"product_brand":[],"product_cat":[13598],"product_tag":[16563],"flavours":[196],"nicotine":[210,236],"class_list":{"0":"post-62646","1":"product","2":"type-product","3":"status-publish","4":"has-post-thumbnail","6":"product_cat-juice-head","7":"product_tag-9-mg-pouch","8":"pa_quantity-1-pack","9":"pa_quantity-10-pack","10":"pa_quantity-3-pack","11":"pa_quantity-30-pack","12":"pa_quantity-5-pack","13":"pa_quantity-60-pack","14":"flavours-fruits-berries","15":"format-slim","16":"nicotine-13-mg-g","17":"nicotine-strong","19":"first","20":"outofstock","21":"taxable","22":"shipping-taxable","23":"purchasable","24":"product-type-variable"},"acf":[],"_links":{"self":[{"href":"https:\/\/whitelip.com\/es\/wp-json\/wp\/v2\/product\/62646","targetHints":{"allow":["GET"]}}],"collection":[{"href":"https:\/\/whitelip.com\/es\/wp-json\/wp\/v2\/product"}],"about":[{"href":"https:\/\/whitelip.com\/es\/wp-json\/wp\/v2\/types\/product"}],"replies":[{"embeddable":true,"href":"https:\/\/whitelip.com\/es\/wp-json\/wp\/v2\/comments?post=62646"}],"wp:featuredmedia":[{"embeddable":true,"href":"https:\/\/whitelip.com\/es\/wp-json\/wp\/v2\/media\/62989"}],"wp:attachment":[{"href":"https:\/\/whitelip.com\/es\/wp-json\/wp\/v2\/media?parent=62646"}],"wp:term":[{"taxonomy":"product_brand","embeddable":true,"href":"https:\/\/whitelip.com\/es\/wp-json\/wp\/v2\/product_brand?post=62646"},{"taxonomy":"product_cat","embeddable":true,"href":"https:\/\/whitelip.com\/es\/wp-json\/wp\/v2\/product_cat?post=62646"},{"taxonomy":"product_tag","embeddable":true,"href":"https:\/\/whitelip.com\/es\/wp-json\/wp\/v2\/product_tag?post=62646"},{"taxonomy":"flavours","embeddable":true,"href":"https:\/\/whitelip.com\/es\/wp-json\/wp\/v2\/flavours?post=62646"},{"taxonomy":"format","embeddable":true,"href":"https:\/\/whitelip.com\/es\/wp-json\/wp\/v2\/format?post=62646"},{"taxonomy":"nicotine","embeddable":true,"href":"https:\/\/whitelip.com\/es\/wp-json\/wp\/v2\/nicotine?post=62646"}],"curies":[{"name":"wp","href":"https:\/\/api.w.org\/{rel}","templated":true}]}}