{"id":62242,"date":"2026-01-19T13:03:44","date_gmt":"2026-01-19T13:03:44","guid":{"rendered":"https:\/\/whitelip.com\/?post_type=product&#038;p=62242"},"modified":"2026-04-09T10:03:05","modified_gmt":"2026-04-09T10:03:05","slug":"juice-head-blueberry-lemon-6mg","status":"publish","type":"product","link":"https:\/\/whitelip.com\/es\/juice-head\/juice-head-blueberry-lemon-6mg\/","title":{"rendered":"Juice Head Blueberry Lemon 6mg"},"content":{"rendered":"<h1 data-start=\"235\" data-end=\"268\">Juice Head Blueberry Lemon 6mg<\/h1>\n<p data-start=\"3090\" data-end=\"3368\">Juice Head Blueberry Lemon 6mg son sobres de nicotina con sabor a ar\u00e1ndano y lim\u00f3n en formato slim. El sabor se introduce pronto y tiene un suave car\u00e1cter a bayas con notas c\u00edtricas. El producto no contiene tabaco y es fabricado por Streamline Group Inc bajo la marca Juice Head. Las bolsitas se presentan en formato slim y constan de bolsitas estrechas. El contenido de nicotina es de 6 mg por bolsa y 8,5 mg de nicotina por gramo. El producto se clasifica como de potencia normal en funci\u00f3n de su contenido de nicotina por bolsita. Juice Head Blueberry Lemon 6mg forma parte de la gama Juice Head de sobres de nicotina sin tabaco y contiene nicotina sint\u00e9tica sin tabaco.<\/p>\n<table>\n<tbody>\n<tr>\n<td><b>Atributo<\/b><\/td>\n<td><b>Detalles<\/b><\/td>\n<\/tr>\n<tr>\n<td><b>Contenido por lata<\/b><\/td>\n<td><span style=\"font-weight: 400;\">20 bolsas<\/span><\/td>\n<\/tr>\n<tr>\n<td><b>Contenido de nicotina<\/b><\/td>\n<td><span style=\"font-weight: 400;\">8,5 mg\/g (6 mg por bolsa)<\/span><\/td>\n<\/tr>\n<tr>\n<td><b>Formato bolsa<\/b><\/td>\n<td><span style=\"font-weight: 400;\">Delgado<\/span><\/td>\n<\/tr>\n<tr>\n<td><b>Productor<\/b><\/td>\n<td>Streamline Group Inc<\/td>\n<\/tr>\n<tr>\n<td><b>Sabor<\/b><\/td>\n<td><span style=\"font-weight: 400;\">Ar\u00e1ndano &amp; lim\u00f3n<\/span><\/td>\n<\/tr>\n<tr>\n<td><b>Tipo<\/b><\/td>\n<td><span style=\"font-weight: 400;\">Bolsa blanca<\/span><\/td>\n<\/tr>\n<\/tbody>\n<\/table>","protected":false},"excerpt":{"rendered":"<p><strong>Versi\u00f3n europea<\/strong><\/p>\n<p>&nbsp;<\/p>\n<p>Juice Head Blueberry Lemon 6mg bolsitas de nicotina con <strong data-start=\"3845\" data-end=\"3868\">Ar\u00e1ndanos y lim\u00f3n<\/strong> sabor en <strong data-start=\"3879\" data-end=\"3887\">Delgado<\/strong> formato. Cada bolsa contiene <strong data-start=\"3916\" data-end=\"3933\">6 mg de nicotina<\/strong>.<\/p>","protected":false},"featured_media":62980,"comment_status":"open","ping_status":"closed","template":"","format":[206],"meta":{"_acf_changed":false},"product_brand":[],"product_cat":[13598],"product_tag":[16519,16559],"flavours":[196],"nicotine":[230,235],"class_list":{"0":"post-62242","1":"product","2":"type-product","3":"status-publish","4":"has-post-thumbnail","6":"product_cat-juice-head","7":"product_tag-25-off","8":"product_tag-6-mg-pouch","9":"pa_quantity-1-pack","10":"pa_quantity-10-pack","11":"pa_quantity-3-pack","12":"pa_quantity-30-pack","13":"pa_quantity-5-pack","14":"pa_quantity-60-pack","15":"flavours-fruits-berries","16":"format-slim","17":"nicotine-8-mg-g","18":"nicotine-normal","20":"first","21":"outofstock","22":"sale","23":"taxable","24":"shipping-taxable","25":"purchasable","26":"product-type-variable"},"acf":[],"_links":{"self":[{"href":"https:\/\/whitelip.com\/es\/wp-json\/wp\/v2\/product\/62242","targetHints":{"allow":["GET"]}}],"collection":[{"href":"https:\/\/whitelip.com\/es\/wp-json\/wp\/v2\/product"}],"about":[{"href":"https:\/\/whitelip.com\/es\/wp-json\/wp\/v2\/types\/product"}],"replies":[{"embeddable":true,"href":"https:\/\/whitelip.com\/es\/wp-json\/wp\/v2\/comments?post=62242"}],"wp:featuredmedia":[{"embeddable":true,"href":"https:\/\/whitelip.com\/es\/wp-json\/wp\/v2\/media\/62980"}],"wp:attachment":[{"href":"https:\/\/whitelip.com\/es\/wp-json\/wp\/v2\/media?parent=62242"}],"wp:term":[{"taxonomy":"product_brand","embeddable":true,"href":"https:\/\/whitelip.com\/es\/wp-json\/wp\/v2\/product_brand?post=62242"},{"taxonomy":"product_cat","embeddable":true,"href":"https:\/\/whitelip.com\/es\/wp-json\/wp\/v2\/product_cat?post=62242"},{"taxonomy":"product_tag","embeddable":true,"href":"https:\/\/whitelip.com\/es\/wp-json\/wp\/v2\/product_tag?post=62242"},{"taxonomy":"flavours","embeddable":true,"href":"https:\/\/whitelip.com\/es\/wp-json\/wp\/v2\/flavours?post=62242"},{"taxonomy":"format","embeddable":true,"href":"https:\/\/whitelip.com\/es\/wp-json\/wp\/v2\/format?post=62242"},{"taxonomy":"nicotine","embeddable":true,"href":"https:\/\/whitelip.com\/es\/wp-json\/wp\/v2\/nicotine?post=62242"}],"curies":[{"name":"wp","href":"https:\/\/api.w.org\/{rel}","templated":true}]}}