{"id":62070,"date":"2026-01-19T12:53:20","date_gmt":"2026-01-19T12:53:20","guid":{"rendered":"https:\/\/whitelip.com\/?post_type=product&#038;p=62070"},"modified":"2026-04-22T10:11:49","modified_gmt":"2026-04-22T10:11:49","slug":"juice-head-blueberry-lemon-20mg","status":"publish","type":"product","link":"https:\/\/whitelip.com\/es\/juice-head\/juice-head-blueberry-lemon-20mg\/","title":{"rendered":"Juice Head Ar\u00e1ndano Lim\u00f3n 20mg"},"content":{"rendered":"<h1 data-start=\"235\" data-end=\"268\">Juice Head Ar\u00e1ndano Lim\u00f3n 20mg<\/h1>\n<p data-start=\"299\" data-end=\"613\">Juice Head Blueberry Lemon 20mg son sobres de nicotina con sabor a ar\u00e1ndano y lim\u00f3n en formato slim. El sabor se introduce pronto y combina las notas de bayas del ar\u00e1ndano con un marcado car\u00e1cter c\u00edtrico del lim\u00f3n. El producto no contiene tabaco y lo fabrica Streamline Group Inc bajo la marca Juice Head. Las bolsitas se presentan en formato slim y constan de bolsitas estrechas. El contenido de nicotina es de 20 mg por bolsita y 26 mg de nicotina por gramo. El producto se clasifica como ultra fuerte en funci\u00f3n de su contenido de nicotina por bolsa. Juice Head Blueberry Lemon 20mg forma parte de la gama Juice Head de sobres de nicotina sin tabaco y contiene nicotina sint\u00e9tica sin tabaco.<\/p>\n<table>\n<tbody>\n<tr>\n<td><b>Atributo<\/b><\/td>\n<td><b>Detalles<\/b><\/td>\n<\/tr>\n<tr>\n<td><b>Contenido por lata<\/b><\/td>\n<td><span style=\"font-weight: 400;\">20 bolsas<\/span><\/td>\n<\/tr>\n<tr>\n<td><b>Contenido de nicotina<\/b><\/td>\n<td><span style=\"font-weight: 400;\">26 mg\/g (20 mg por bolsita)<\/span><\/td>\n<\/tr>\n<tr>\n<td><b>Formato bolsa<\/b><\/td>\n<td><span style=\"font-weight: 400;\">Delgado<\/span><\/td>\n<\/tr>\n<tr>\n<td><b>Productor<\/b><\/td>\n<td>Streamline Group Inc<\/td>\n<\/tr>\n<tr>\n<td><b>Sabor<\/b><\/td>\n<td><span style=\"font-weight: 400;\">Ar\u00e1ndano &amp; lim\u00f3n<\/span><\/td>\n<\/tr>\n<tr>\n<td><b>Tipo<\/b><\/td>\n<td><span style=\"font-weight: 400;\">Bolsa blanca<\/span><\/td>\n<\/tr>\n<\/tbody>\n<\/table>","protected":false},"excerpt":{"rendered":"<p><strong>Versi\u00f3n europea<\/strong><\/p>\n<p>&nbsp;<\/p>\n<p>Bolsitas de nicotina Juice Head Blueberry Lemon 20mg con <strong data-start=\"1089\" data-end=\"1112\">Ar\u00e1ndanos y lim\u00f3n<\/strong> sabor en <strong data-start=\"1123\" data-end=\"1131\">Delgado<\/strong> formato. Cada bolsa contiene <strong data-start=\"1160\" data-end=\"1178\">20 mg de nicotina<\/strong>.<\/p>","protected":false},"featured_media":62977,"comment_status":"open","ping_status":"closed","template":"","format":[206],"meta":{"_acf_changed":false},"product_brand":[],"product_cat":[13598],"product_tag":[16545],"flavours":[196],"nicotine":[219,232],"class_list":{"0":"post-62070","1":"product","2":"type-product","3":"status-publish","4":"has-post-thumbnail","6":"product_cat-juice-head","7":"product_tag-20-mg-pouch","8":"pa_quantity-1-pack","9":"pa_quantity-10-pack","10":"pa_quantity-3-pack","11":"pa_quantity-30-pack","12":"pa_quantity-5-pack","13":"pa_quantity-60-pack","14":"flavours-fruits-berries","15":"format-slim","16":"nicotine-25-mg-g","17":"nicotine-extra-strong","19":"first","20":"instock","21":"taxable","22":"shipping-taxable","23":"purchasable","24":"product-type-variable"},"acf":[],"_links":{"self":[{"href":"https:\/\/whitelip.com\/es\/wp-json\/wp\/v2\/product\/62070","targetHints":{"allow":["GET"]}}],"collection":[{"href":"https:\/\/whitelip.com\/es\/wp-json\/wp\/v2\/product"}],"about":[{"href":"https:\/\/whitelip.com\/es\/wp-json\/wp\/v2\/types\/product"}],"replies":[{"embeddable":true,"href":"https:\/\/whitelip.com\/es\/wp-json\/wp\/v2\/comments?post=62070"}],"wp:featuredmedia":[{"embeddable":true,"href":"https:\/\/whitelip.com\/es\/wp-json\/wp\/v2\/media\/62977"}],"wp:attachment":[{"href":"https:\/\/whitelip.com\/es\/wp-json\/wp\/v2\/media?parent=62070"}],"wp:term":[{"taxonomy":"product_brand","embeddable":true,"href":"https:\/\/whitelip.com\/es\/wp-json\/wp\/v2\/product_brand?post=62070"},{"taxonomy":"product_cat","embeddable":true,"href":"https:\/\/whitelip.com\/es\/wp-json\/wp\/v2\/product_cat?post=62070"},{"taxonomy":"product_tag","embeddable":true,"href":"https:\/\/whitelip.com\/es\/wp-json\/wp\/v2\/product_tag?post=62070"},{"taxonomy":"flavours","embeddable":true,"href":"https:\/\/whitelip.com\/es\/wp-json\/wp\/v2\/flavours?post=62070"},{"taxonomy":"format","embeddable":true,"href":"https:\/\/whitelip.com\/es\/wp-json\/wp\/v2\/format?post=62070"},{"taxonomy":"nicotine","embeddable":true,"href":"https:\/\/whitelip.com\/es\/wp-json\/wp\/v2\/nicotine?post=62070"}],"curies":[{"name":"wp","href":"https:\/\/api.w.org\/{rel}","templated":true}]}}