{"id":61782,"date":"2026-01-19T12:39:06","date_gmt":"2026-01-19T12:39:06","guid":{"rendered":"https:\/\/whitelip.com\/?post_type=product&#038;p=61782"},"modified":"2026-04-22T10:11:49","modified_gmt":"2026-04-22T10:11:49","slug":"juice-head-spicy-pineapple-20mg","status":"publish","type":"product","link":"https:\/\/whitelip.com\/es\/juice-head\/juice-head-spicy-pineapple-20mg\/","title":{"rendered":"Juice Head Pi\u00f1a Picante 20mg"},"content":{"rendered":"<h1 data-start=\"253\" data-end=\"286\">Juice Head Pi\u00f1a Picante 20mg<\/h1>\n<p data-start=\"317\" data-end=\"616\">Juice Head Spicy Pineapple 20mg son bolsitas de nicotina con sabor a pi\u00f1a y una nota picante en formato slim. El sabor se introduce pronto y combina la pi\u00f1a afrutada con un marcado car\u00e1cter picante. El producto no contiene tabaco y lo fabrica Streamline Group Inc bajo la marca Juice Head. Las bolsitas se suministran en formato slim y constan de bolsitas estrechas. El contenido de nicotina es de 20 mg por bolsita y 26 mg de nicotina por gramo. El producto se clasifica como ultra fuerte en funci\u00f3n de su contenido de nicotina por bolsa. Juice Head Spicy Pineapple 20mg forma parte de la gama Juice Head de sobres de nicotina sin tabaco y contiene nicotina sint\u00e9tica sin hoja de tabaco.<\/p>\n<table>\n<tbody>\n<tr>\n<td><b>Atributo<\/b><\/td>\n<td><b>Detalles<\/b><\/td>\n<\/tr>\n<tr>\n<td><b>Contenido por lata<\/b><\/td>\n<td><span style=\"font-weight: 400;\">20 bolsas<\/span><\/td>\n<\/tr>\n<tr>\n<td><b>Contenido de nicotina<\/b><\/td>\n<td><span style=\"font-weight: 400;\">26 mg\/g (20 mg por bolsita)<\/span><\/td>\n<\/tr>\n<tr>\n<td><b>Formato bolsa<\/b><\/td>\n<td><span style=\"font-weight: 400;\">Delgado<\/span><\/td>\n<\/tr>\n<tr>\n<td><b>Productor<\/b><\/td>\n<td>Streamline Group Inc<\/td>\n<\/tr>\n<tr>\n<td><b>Sabor<\/b><\/td>\n<td><span style=\"font-weight: 400;\">Pi\u00f1a<\/span><\/td>\n<\/tr>\n<tr>\n<td><b>Tipo<\/b><\/td>\n<td><span style=\"font-weight: 400;\">Bolsa blanca<\/span><\/td>\n<\/tr>\n<\/tbody>\n<\/table>","protected":false},"excerpt":{"rendered":"<p><strong>Versi\u00f3n europea<\/strong><\/p>\n<p>&nbsp;<\/p>\n<p>Juice Head Spicy Pineapple Bolsitas de 20mg de nicotina con <strong data-start=\"1092\" data-end=\"1111\">Pi\u00f1a picante<\/strong> sabor en <strong data-start=\"1122\" data-end=\"1130\">Delgado<\/strong> formato. Cada bolsa contiene <strong data-start=\"1159\" data-end=\"1177\">20 mg de nicotina<\/strong>.<\/p>","protected":false},"featured_media":62973,"comment_status":"open","ping_status":"closed","template":"","format":[206],"meta":{"_acf_changed":false},"product_brand":[],"product_cat":[13598],"product_tag":[16545],"flavours":[196],"nicotine":[219,232],"class_list":{"0":"post-61782","1":"product","2":"type-product","3":"status-publish","4":"has-post-thumbnail","6":"product_cat-juice-head","7":"product_tag-20-mg-pouch","8":"pa_quantity-1-pack","9":"pa_quantity-10-pack","10":"pa_quantity-3-pack","11":"pa_quantity-30-pack","12":"pa_quantity-5-pack","13":"pa_quantity-60-pack","14":"flavours-fruits-berries","15":"format-slim","16":"nicotine-25-mg-g","17":"nicotine-extra-strong","19":"first","20":"instock","21":"taxable","22":"shipping-taxable","23":"purchasable","24":"product-type-variable"},"acf":[],"_links":{"self":[{"href":"https:\/\/whitelip.com\/es\/wp-json\/wp\/v2\/product\/61782","targetHints":{"allow":["GET"]}}],"collection":[{"href":"https:\/\/whitelip.com\/es\/wp-json\/wp\/v2\/product"}],"about":[{"href":"https:\/\/whitelip.com\/es\/wp-json\/wp\/v2\/types\/product"}],"replies":[{"embeddable":true,"href":"https:\/\/whitelip.com\/es\/wp-json\/wp\/v2\/comments?post=61782"}],"wp:featuredmedia":[{"embeddable":true,"href":"https:\/\/whitelip.com\/es\/wp-json\/wp\/v2\/media\/62973"}],"wp:attachment":[{"href":"https:\/\/whitelip.com\/es\/wp-json\/wp\/v2\/media?parent=61782"}],"wp:term":[{"taxonomy":"product_brand","embeddable":true,"href":"https:\/\/whitelip.com\/es\/wp-json\/wp\/v2\/product_brand?post=61782"},{"taxonomy":"product_cat","embeddable":true,"href":"https:\/\/whitelip.com\/es\/wp-json\/wp\/v2\/product_cat?post=61782"},{"taxonomy":"product_tag","embeddable":true,"href":"https:\/\/whitelip.com\/es\/wp-json\/wp\/v2\/product_tag?post=61782"},{"taxonomy":"flavours","embeddable":true,"href":"https:\/\/whitelip.com\/es\/wp-json\/wp\/v2\/flavours?post=61782"},{"taxonomy":"format","embeddable":true,"href":"https:\/\/whitelip.com\/es\/wp-json\/wp\/v2\/format?post=61782"},{"taxonomy":"nicotine","embeddable":true,"href":"https:\/\/whitelip.com\/es\/wp-json\/wp\/v2\/nicotine?post=61782"}],"curies":[{"name":"wp","href":"https:\/\/api.w.org\/{rel}","templated":true}]}}