{"id":61375,"date":"2026-01-19T10:08:03","date_gmt":"2026-01-19T10:08:03","guid":{"rendered":"https:\/\/whitelip.com\/?post_type=product&#038;p=61375"},"modified":"2026-04-30T07:34:34","modified_gmt":"2026-04-30T07:34:34","slug":"kelly-white-sweet-peach","status":"publish","type":"product","link":"https:\/\/whitelip.com\/es\/kelly-white\/kelly-white-sweet-peach\/","title":{"rendered":"KELLY WHITE Frambuesa Lim\u00f3n Mini"},"content":{"rendered":"<h2>KELLY WHITE Frambuesa Lim\u00f3n<\/h2>\n<p data-start=\"225\" data-end=\"508\">Kelly White Raspberry Lemon es un producto en bolsa de nicotina sin tabaco con sabor a frambuesa y lim\u00f3n en formato mini. El sabor se presenta temprano y combina notas de bayas de frambuesa con un ligero car\u00e1cter c\u00edtrico de lim\u00f3n. El producto lo fabrica White Industries AB. Las bolsitas se fabrican en formato mini. El contenido de la bolsa est\u00e1 h\u00famedo, mientras que la superficie exterior est\u00e1 seca, lo que hace que gotee poco. Cada lata contiene 20 bolsitas de nicotina. El contenido de nicotina se especifica en 13,8 mg de nicotina por gramo. Kelly White Raspberry Lemon est\u00e1 clasificado como un producto de potencia normal seg\u00fan la informaci\u00f3n disponible. El producto pertenece a la gama Kelly White de sobres de nicotina blancos y contiene fibra vegetal, aromas y nicotina a\u00f1adida.<\/p>\n<table>\n<tbody>\n<tr>\n<th>Atributo<\/th>\n<th>Detalles<\/th>\n<\/tr>\n<tr>\n<td>Contenido por lata<\/td>\n<td>8 g (20 bolsitas)<\/td>\n<\/tr>\n<tr>\n<td>Contenido de nicotina<\/td>\n<td>13,8 mg\/g (5,5 mg por bolsita)<\/td>\n<\/tr>\n<tr>\n<td>Formato bolsa<\/td>\n<td>Mini<\/td>\n<\/tr>\n<tr>\n<td>Productor<\/td>\n<td>White Industries AB<\/td>\n<\/tr>\n<tr>\n<td>Sabor<\/td>\n<td>Frambuesa y lim\u00f3n<\/td>\n<\/tr>\n<tr>\n<td>Tipo<\/td>\n<td>Bolsa blanca<\/td>\n<\/tr>\n<\/tbody>\n<\/table>","protected":false},"excerpt":{"rendered":"<p data-start=\"903\" data-end=\"1033\">Bolsitas de nicotina Kelly White Frambuesa Lim\u00f3n con <strong data-start=\"1107\" data-end=\"1130\">Frambuesa y lim\u00f3n<\/strong> sabor en <strong data-start=\"1141\" data-end=\"1149\">Mini<\/strong> formato<\/p>","protected":false},"featured_media":61391,"comment_status":"open","ping_status":"closed","template":"","format":[205],"meta":{"_acf_changed":false},"product_brand":[],"product_cat":[83],"product_tag":[16445,16625],"flavours":[196],"nicotine":[211,232],"class_list":{"0":"post-61375","1":"product","2":"type-product","3":"status-publish","4":"has-post-thumbnail","6":"product_cat-kelly-white","7":"product_tag-20-off","8":"product_tag-5-5-mg-pouch","9":"pa_quantity-1-pack","10":"pa_quantity-10-pack","11":"pa_quantity-3-pack","12":"pa_quantity-30-pack","13":"pa_quantity-5-pack","14":"pa_quantity-60-pack","15":"flavours-fruits-berries","16":"format-mini","17":"nicotine-14-mg-g","18":"nicotine-extra-strong","20":"first","21":"instock","22":"sale","23":"taxable","24":"shipping-taxable","25":"purchasable","26":"product-type-variable","27":"has-default-attributes"},"acf":[],"_links":{"self":[{"href":"https:\/\/whitelip.com\/es\/wp-json\/wp\/v2\/product\/61375","targetHints":{"allow":["GET"]}}],"collection":[{"href":"https:\/\/whitelip.com\/es\/wp-json\/wp\/v2\/product"}],"about":[{"href":"https:\/\/whitelip.com\/es\/wp-json\/wp\/v2\/types\/product"}],"replies":[{"embeddable":true,"href":"https:\/\/whitelip.com\/es\/wp-json\/wp\/v2\/comments?post=61375"}],"wp:featuredmedia":[{"embeddable":true,"href":"https:\/\/whitelip.com\/es\/wp-json\/wp\/v2\/media\/61391"}],"wp:attachment":[{"href":"https:\/\/whitelip.com\/es\/wp-json\/wp\/v2\/media?parent=61375"}],"wp:term":[{"taxonomy":"product_brand","embeddable":true,"href":"https:\/\/whitelip.com\/es\/wp-json\/wp\/v2\/product_brand?post=61375"},{"taxonomy":"product_cat","embeddable":true,"href":"https:\/\/whitelip.com\/es\/wp-json\/wp\/v2\/product_cat?post=61375"},{"taxonomy":"product_tag","embeddable":true,"href":"https:\/\/whitelip.com\/es\/wp-json\/wp\/v2\/product_tag?post=61375"},{"taxonomy":"flavours","embeddable":true,"href":"https:\/\/whitelip.com\/es\/wp-json\/wp\/v2\/flavours?post=61375"},{"taxonomy":"format","embeddable":true,"href":"https:\/\/whitelip.com\/es\/wp-json\/wp\/v2\/format?post=61375"},{"taxonomy":"nicotine","embeddable":true,"href":"https:\/\/whitelip.com\/es\/wp-json\/wp\/v2\/nicotine?post=61375"}],"curies":[{"name":"wp","href":"https:\/\/api.w.org\/{rel}","templated":true}]}}