{"id":61315,"date":"2026-01-19T09:51:09","date_gmt":"2026-01-19T09:51:09","guid":{"rendered":"https:\/\/whitelip.com\/?post_type=product&#038;p=61315"},"modified":"2026-05-06T14:31:51","modified_gmt":"2026-05-06T14:31:51","slug":"nor-nakd-pods-mint","status":"publish","type":"product","link":"https:\/\/whitelip.com\/es\/nor\/nor-nakd-pods-mint\/","title":{"rendered":"NOR Nakd Pods Mint"},"content":{"rendered":"<p data-start=\"184\" data-end=\"517\">NOR NAKD PODS son productos de nicotina con sabor a menta en formato pod. El sabor se introduce temprano y tiene un car\u00e1cter claro de menta. El producto es libre de tabaco y fabricado sin sobres tradicionales. El producto est\u00e1 dise\u00f1ado como pods de nicotina y no contiene material de sobre exterior. La forma est\u00e1 adaptada para colocaci\u00f3n bajo el labio superior. El contenido de nicotina se especifica como 14 mg de nicotina por gramo. NAKD PODS est\u00e1n hechos de materiales biodegradables. El producto no contiene sobres a base de pl\u00e1stico.<\/p>\n<table>\n<tbody>\n<tr>\n<td><b>Atributo<\/b><\/td>\n<td><b>Detalles<\/b><\/td>\n<\/tr>\n<tr>\n<td><b>Marca<\/b><\/td>\n<td>NOR<\/td>\n<\/tr>\n<tr>\n<td><b>Tipo de producto<\/b><\/td>\n<td><span style=\"font-weight: 400;\">Todas las bolsas de nicotina blancas<\/span><\/td>\n<\/tr>\n<tr>\n<td><b>Formato<\/b><\/td>\n<td>Delgado<\/td>\n<\/tr>\n<tr>\n<td><b>Sabor<\/b><\/td>\n<td>Menta<\/td>\n<\/tr>\n<tr>\n<td><b>Potencia de nicotina<\/b><\/td>\n<td><span style=\"font-weight: 400;\">10.5 mg por sobre (14 mg\/g)<\/span><\/td>\n<\/tr>\n<tr>\n<td><b>Peso de la raci\u00f3n<\/b><\/td>\n<td><span style=\"font-weight: 400;\">0.74 gramos<\/span><\/td>\n<\/tr>\n<tr>\n<td><b>N\u00famero de porciones<\/b><\/td>\n<td><span style=\"font-weight: 400;\">20 por lata<\/span><\/td>\n<\/tr>\n<tr>\n<td><b>Peso total de la lata<\/b><\/td>\n<td><span style=\"font-weight: 400;\">15.5 gramos<\/span><\/td>\n<\/tr>\n<tr>\n<td><b>Fabricante<\/b><\/td>\n<td>NOR<\/td>\n<\/tr>\n<tr>\n<td><b>Caracter\u00edsticas notables<\/b><\/td>\n<td><span style=\"font-weight: 400;\">Sin tabaco<\/span><\/td>\n<\/tr>\n<\/tbody>\n<\/table>","protected":false},"excerpt":{"rendered":"<p data-start=\"1227\" data-end=\"1357\">Productos de nicotina NAKD PODS con sabor a Menta en formato Pod.<\/p>","protected":false},"featured_media":61343,"comment_status":"open","ping_status":"closed","template":"","format":[206],"meta":{"_acf_changed":false},"product_brand":[],"product_cat":[265],"product_tag":[16966,16445],"flavours":[199],"nicotine":[211,232],"class_list":{"0":"post-61315","1":"product","2":"type-product","3":"status-publish","4":"has-post-thumbnail","6":"product_cat-nor","7":"product_tag-10-5-mg-pouch","8":"product_tag-20-off","9":"pa_quantity-1-pack","10":"pa_quantity-10-pack","11":"pa_quantity-3-pack","12":"pa_quantity-30-pack","13":"pa_quantity-5-pack","14":"pa_quantity-60-pack","15":"flavours-mint","16":"format-slim","17":"nicotine-14-mg-g","18":"nicotine-extra-strong","20":"first","21":"instock","22":"sale","23":"taxable","24":"shipping-taxable","25":"purchasable","26":"product-type-variable"},"acf":[],"_links":{"self":[{"href":"https:\/\/whitelip.com\/es\/wp-json\/wp\/v2\/product\/61315","targetHints":{"allow":["GET"]}}],"collection":[{"href":"https:\/\/whitelip.com\/es\/wp-json\/wp\/v2\/product"}],"about":[{"href":"https:\/\/whitelip.com\/es\/wp-json\/wp\/v2\/types\/product"}],"replies":[{"embeddable":true,"href":"https:\/\/whitelip.com\/es\/wp-json\/wp\/v2\/comments?post=61315"}],"wp:featuredmedia":[{"embeddable":true,"href":"https:\/\/whitelip.com\/es\/wp-json\/wp\/v2\/media\/61343"}],"wp:attachment":[{"href":"https:\/\/whitelip.com\/es\/wp-json\/wp\/v2\/media?parent=61315"}],"wp:term":[{"taxonomy":"product_brand","embeddable":true,"href":"https:\/\/whitelip.com\/es\/wp-json\/wp\/v2\/product_brand?post=61315"},{"taxonomy":"product_cat","embeddable":true,"href":"https:\/\/whitelip.com\/es\/wp-json\/wp\/v2\/product_cat?post=61315"},{"taxonomy":"product_tag","embeddable":true,"href":"https:\/\/whitelip.com\/es\/wp-json\/wp\/v2\/product_tag?post=61315"},{"taxonomy":"flavours","embeddable":true,"href":"https:\/\/whitelip.com\/es\/wp-json\/wp\/v2\/flavours?post=61315"},{"taxonomy":"format","embeddable":true,"href":"https:\/\/whitelip.com\/es\/wp-json\/wp\/v2\/format?post=61315"},{"taxonomy":"nicotine","embeddable":true,"href":"https:\/\/whitelip.com\/es\/wp-json\/wp\/v2\/nicotine?post=61315"}],"curies":[{"name":"wp","href":"https:\/\/api.w.org\/{rel}","templated":true}]}}