{"id":60562,"date":"2026-01-13T11:36:24","date_gmt":"2026-01-13T11:36:24","guid":{"rendered":"https:\/\/whitelip.com\/?post_type=product&#038;p=60562"},"modified":"2026-04-29T12:15:27","modified_gmt":"2026-04-29T12:15:27","slug":"pablo-exclusive-blueberry-peach-ice","status":"publish","type":"product","link":"https:\/\/whitelip.com\/es\/pablo\/pablo-exclusive-blueberry-peach-ice\/","title":{"rendered":"PABLO Exclusive Hielo de melocot\u00f3n y ar\u00e1ndanos"},"content":{"rendered":"<p data-start=\"109\" data-end=\"454\">PABLO Exclusive Blueberry Peach Ice es un producto en bolsa de nicotina sin tabaco con un perfil de sabor combinado de ar\u00e1ndano y melocot\u00f3n y un car\u00e1cter de hielo refrescante. El sabor se introduce al principio y se define por notas afrutadas seguidas de un final refrescante. El producto es fabricado por NGP y pertenece a la serie de productos PABLO Exclusive. Las bolsitas de nicotina se fabrican en un formato fino dise\u00f1ado para una colocaci\u00f3n discreta bajo el labio superior. Cada lata contiene 20 bolsitas de nicotina. El contenido de nicotina es de 30 mg por bolsita, lo que corresponde a 50 mg de nicotina por gramo. Cada bolsita pesa 0,6 gramos, y el contenido total por lata es de 12 gramos.<\/p>\n<p data-start=\"755\" data-end=\"924\">PABLO Exclusive Blueberry Peach Ice est\u00e1 clasificado como un producto de nicotina extremadamente fuerte en bolsitas basado en su contenido de nicotina por bolsita. El producto no contiene tabaco.<\/p>\n<table>\n<tbody>\n<tr>\n<td><b>Atributo<\/b><\/td>\n<td><b>Detalles<\/b><\/td>\n<\/tr>\n<tr>\n<td><b>Contenido por lata<\/b><\/td>\n<td><span style=\"font-weight: 400;\">12g (20 pouches)<\/span><\/td>\n<\/tr>\n<tr>\n<td><b>Contenido de nicotina<\/b><\/td>\n<td><span style=\"font-weight: 400;\">50 mg\/g (30 mg por bolsita)<\/span><\/td>\n<\/tr>\n<tr>\n<td><b>Formato bolsa<\/b><\/td>\n<td><span style=\"font-weight: 400;\">Delgado<\/span><\/td>\n<\/tr>\n<tr>\n<td><b>Productor<\/b><\/td>\n<td><span style=\"font-weight: 400;\">N.G.P Empire<\/span><\/td>\n<\/tr>\n<tr>\n<td><b>Sabor<\/b><\/td>\n<td>Ar\u00e1ndano, Durazno<\/td>\n<\/tr>\n<tr>\n<td><b>Tipo<\/b><\/td>\n<td><span style=\"font-weight: 400;\">Bolsa blanca, Sin tabaco<\/span><\/td>\n<\/tr>\n<\/tbody>\n<\/table>","protected":false},"excerpt":{"rendered":"<p data-start=\"956\" data-end=\"1104\">Bolsas de nicotina PABLO Exclusive Blueberry Peach Ice con <strong data-start=\"1014\" data-end=\"1037\">Hielo de melocot\u00f3n y ar\u00e1ndanos<\/strong> sabor en <strong data-start=\"1048\" data-end=\"1056\">Delgado<\/strong> formato. Cada bolsa contiene <strong data-start=\"1085\" data-end=\"1103\">30 mg de nicotina<\/strong>.<\/p>","protected":false},"featured_media":60772,"comment_status":"open","ping_status":"closed","template":"","format":[206],"meta":{"_acf_changed":false},"product_brand":[],"product_cat":[44],"product_tag":[16508,16605],"flavours":[196],"nicotine":[233,226],"class_list":{"0":"post-60562","1":"product","2":"type-product","3":"status-publish","4":"has-post-thumbnail","6":"product_cat-pablo","7":"product_tag-10-off","8":"product_tag-30-mg-pouch","9":"pa_quantity-1-pack","10":"pa_quantity-10-pack","11":"pa_quantity-3-pack","12":"pa_quantity-30-pack","13":"pa_quantity-5-pack","14":"pa_quantity-60-pack","15":"flavours-fruits-berries","16":"format-slim","17":"nicotine-extreme","18":"nicotine-50-mg-g","20":"first","21":"instock","22":"sale","23":"taxable","24":"shipping-taxable","25":"purchasable","26":"product-type-variable"},"acf":[],"_links":{"self":[{"href":"https:\/\/whitelip.com\/es\/wp-json\/wp\/v2\/product\/60562","targetHints":{"allow":["GET"]}}],"collection":[{"href":"https:\/\/whitelip.com\/es\/wp-json\/wp\/v2\/product"}],"about":[{"href":"https:\/\/whitelip.com\/es\/wp-json\/wp\/v2\/types\/product"}],"replies":[{"embeddable":true,"href":"https:\/\/whitelip.com\/es\/wp-json\/wp\/v2\/comments?post=60562"}],"wp:featuredmedia":[{"embeddable":true,"href":"https:\/\/whitelip.com\/es\/wp-json\/wp\/v2\/media\/60772"}],"wp:attachment":[{"href":"https:\/\/whitelip.com\/es\/wp-json\/wp\/v2\/media?parent=60562"}],"wp:term":[{"taxonomy":"product_brand","embeddable":true,"href":"https:\/\/whitelip.com\/es\/wp-json\/wp\/v2\/product_brand?post=60562"},{"taxonomy":"product_cat","embeddable":true,"href":"https:\/\/whitelip.com\/es\/wp-json\/wp\/v2\/product_cat?post=60562"},{"taxonomy":"product_tag","embeddable":true,"href":"https:\/\/whitelip.com\/es\/wp-json\/wp\/v2\/product_tag?post=60562"},{"taxonomy":"flavours","embeddable":true,"href":"https:\/\/whitelip.com\/es\/wp-json\/wp\/v2\/flavours?post=60562"},{"taxonomy":"format","embeddable":true,"href":"https:\/\/whitelip.com\/es\/wp-json\/wp\/v2\/format?post=60562"},{"taxonomy":"nicotine","embeddable":true,"href":"https:\/\/whitelip.com\/es\/wp-json\/wp\/v2\/nicotine?post=60562"}],"curies":[{"name":"wp","href":"https:\/\/api.w.org\/{rel}","templated":true}]}}