{"id":35130,"date":"2025-11-22T21:26:39","date_gmt":"2025-11-22T21:26:39","guid":{"rendered":"https:\/\/whitelip.com\/?post_type=product&#038;p=35130"},"modified":"2026-05-07T20:04:47","modified_gmt":"2026-05-07T20:04:47","slug":"denssi-berry-beast-caffeine","status":"publish","type":"product","link":"https:\/\/whitelip.com\/es\/denssi-caffeine-pouches\/denssi-berry-beast-caffeine\/","title":{"rendered":"Denssi Cafe\u00edna Bestia Bayas"},"content":{"rendered":"<p data-start=\"146\" data-end=\"514\">Denssi Energy Berry Beast est\u00e1 dise\u00f1ado para aquellos que desean energ\u00eda limpia y constante con un golpe audaz de sabor a bayas mixtas. Cada sobre delgado ofrece una mezcla vibrante de fresa, ar\u00e1ndano y frambuesa, equilibrada con cafe\u00edna natural para un enfoque suave y duradero. El sabor es jugoso, picante y refrescante, d\u00e1ndote un impulso que se siente tanto energizante como satisfactorio.<\/p>\n<p data-start=\"516\" data-end=\"783\">Con su formato delgado y discreto, Berry Beast es f\u00e1cil de usar en cualquier momento, en el trabajo, en el gimnasio o sobre la marcha. No contiene az\u00facar, sin tabaco y sin desorden. Solo un impulso limpio dise\u00f1ado para agudizar tu concentraci\u00f3n sin el colapso de las bebidas energ\u00e9ticas ni la pesadez del caf\u00e9.<\/p>\n<table style=\"height: 395px;\" width=\"375\">\n<tbody>\n<tr>\n<td><b>Atributo<\/b><\/td>\n<td><b>Detalles<\/b><\/td>\n<\/tr>\n<tr>\n<td><b>Marca<\/b><\/td>\n<td>Denssi<\/td>\n<\/tr>\n<tr>\n<td><b>Tipo de producto<\/b><\/td>\n<td><span style=\"font-weight: 400;\">Todos los Sobres de Cafe\u00edna Blancos<\/span><\/td>\n<\/tr>\n<tr>\n<td><b>Formato<\/b><\/td>\n<td>Delgado<\/td>\n<\/tr>\n<tr>\n<td><b>Sabor<\/b><\/td>\n<td>Bayas mixtas<\/td>\n<\/tr>\n<tr>\n<td><b>Potencia de Cafe\u00edna<\/b><\/td>\n<td>100 mg<\/td>\n<\/tr>\n<tr>\n<td><b>Fabricante<\/b><\/td>\n<td><span style=\"font-weight: 400;\">Denssi<\/span><\/td>\n<\/tr>\n<tr>\n<td><b>N\u00famero de porciones<\/b><\/td>\n<td><span style=\"font-weight: 400;\">15 por lata<\/span><\/td>\n<\/tr>\n<tr>\n<td><b>Caracter\u00edsticas notables<\/b><\/td>\n<td><span style=\"font-weight: 400;\">Sin tabaco, formato delgado<\/span><\/td>\n<\/tr>\n<tr>\n<td><\/td>\n<td><\/td>\n<\/tr>\n<tr>\n<td><\/td>\n<td><\/td>\n<\/tr>\n<\/tbody>\n<\/table>","protected":false},"excerpt":{"rendered":"<p data-start=\"1185\" data-end=\"1369\">Berry Beast ofrece una mezcla dulce y picante de bayas mixtas con un impulso de cafe\u00edna limpio. Delgado, discreto y sin az\u00facar para una energ\u00eda suave y duradera en cualquier momento.<\/p>","protected":false},"featured_media":35134,"comment_status":"open","ping_status":"closed","template":"","format":[206],"meta":{"_acf_changed":false},"product_brand":[],"product_cat":[267],"product_tag":[],"flavours":[196],"nicotine":[243],"class_list":{"0":"post-35130","1":"product","2":"type-product","3":"status-publish","4":"has-post-thumbnail","6":"product_cat-denssi-caffeine-pouches","7":"pa_quantity-1-pack","8":"pa_quantity-10-pack","9":"pa_quantity-3-pack","10":"pa_quantity-30-pack","11":"pa_quantity-5-pack","12":"pa_quantity-60-pack","13":"flavours-fruits-berries","14":"format-slim","15":"nicotine-caffeine","17":"first","18":"instock","19":"taxable","20":"shipping-taxable","21":"purchasable","22":"product-type-variable"},"acf":[],"_links":{"self":[{"href":"https:\/\/whitelip.com\/es\/wp-json\/wp\/v2\/product\/35130","targetHints":{"allow":["GET"]}}],"collection":[{"href":"https:\/\/whitelip.com\/es\/wp-json\/wp\/v2\/product"}],"about":[{"href":"https:\/\/whitelip.com\/es\/wp-json\/wp\/v2\/types\/product"}],"replies":[{"embeddable":true,"href":"https:\/\/whitelip.com\/es\/wp-json\/wp\/v2\/comments?post=35130"}],"wp:featuredmedia":[{"embeddable":true,"href":"https:\/\/whitelip.com\/es\/wp-json\/wp\/v2\/media\/35134"}],"wp:attachment":[{"href":"https:\/\/whitelip.com\/es\/wp-json\/wp\/v2\/media?parent=35130"}],"wp:term":[{"taxonomy":"product_brand","embeddable":true,"href":"https:\/\/whitelip.com\/es\/wp-json\/wp\/v2\/product_brand?post=35130"},{"taxonomy":"product_cat","embeddable":true,"href":"https:\/\/whitelip.com\/es\/wp-json\/wp\/v2\/product_cat?post=35130"},{"taxonomy":"product_tag","embeddable":true,"href":"https:\/\/whitelip.com\/es\/wp-json\/wp\/v2\/product_tag?post=35130"},{"taxonomy":"flavours","embeddable":true,"href":"https:\/\/whitelip.com\/es\/wp-json\/wp\/v2\/flavours?post=35130"},{"taxonomy":"format","embeddable":true,"href":"https:\/\/whitelip.com\/es\/wp-json\/wp\/v2\/format?post=35130"},{"taxonomy":"nicotine","embeddable":true,"href":"https:\/\/whitelip.com\/es\/wp-json\/wp\/v2\/nicotine?post=35130"}],"curies":[{"name":"wp","href":"https:\/\/api.w.org\/{rel}","templated":true}]}}