{"id":34953,"date":"2025-11-21T16:07:24","date_gmt":"2025-11-21T16:07:24","guid":{"rendered":"https:\/\/whitelip.com\/?post_type=product&#038;p=34953"},"modified":"2026-04-12T23:53:50","modified_gmt":"2026-04-12T23:53:50","slug":"denssi-tropical-fury-caffeine","status":"publish","type":"product","link":"https:\/\/whitelip.com\/es\/denssi-caffeine-pouches\/denssi-tropical-fury-caffeine\/","title":{"rendered":"Denssi Cafe\u00edna Furia Tropical"},"content":{"rendered":"<p data-start=\"162\" data-end=\"584\">Denssi Energy Tropical Fury ofrece un golpe poderoso de sabor tropical combinado con energ\u00eda de cafe\u00edna limpia y sostenida. Cada sobre delgado mezcla pi\u00f1a, c\u00edtricos y maracuy\u00e1 en un perfil de ponche de frutas vibrante que trae la sensaci\u00f3n del verano dondequiera que est\u00e9s. El impulso de cafe\u00edna natural est\u00e1 dise\u00f1ado para una activaci\u00f3n r\u00e1pida y un enfoque duradero, ayud\u00e1ndote a mantenerte alerta durante el trabajo, el entrenamiento o d\u00edas ajetreados sobre la marcha.<\/p>\n<p data-start=\"586\" data-end=\"898\">El formato delgado y discreto permite un uso libre de desorden en cualquier momento que necesites un impulso de energ\u00eda sin beber caf\u00e9 o bebidas energ\u00e9ticas. Completamente sin tabaco y sin az\u00facar, Tropical Fury ofrece una experiencia suave y estimulante sin colapso y sin aditivos innecesarios. Sabor brillante. Energ\u00eda fuerte. Cero compromisos.<\/p>\n<table style=\"height: 395px;\" width=\"375\">\n<tbody>\n<tr>\n<td><b>Atributo<\/b><\/td>\n<td><b>Detalles<\/b><\/td>\n<\/tr>\n<tr>\n<td><b>Marca<\/b><\/td>\n<td>Denssi<\/td>\n<\/tr>\n<tr>\n<td><b>Tipo de producto<\/b><\/td>\n<td><span style=\"font-weight: 400;\">Todos los Sobres de Cafe\u00edna Blancos<\/span><\/td>\n<\/tr>\n<tr>\n<td><b>Formato<\/b><\/td>\n<td>Delgado<\/td>\n<\/tr>\n<tr>\n<td><b>Sabor<\/b><\/td>\n<td>Frutas tropicales<\/td>\n<\/tr>\n<tr>\n<td><b>Potencia de Cafe\u00edna<\/b><\/td>\n<td>100 mg<\/td>\n<\/tr>\n<tr>\n<td><b>Fabricante<\/b><\/td>\n<td><span style=\"font-weight: 400;\">Denssi<\/span><\/td>\n<\/tr>\n<tr>\n<td><b>N\u00famero de porciones<\/b><\/td>\n<td><span style=\"font-weight: 400;\">15 por lata<\/span><\/td>\n<\/tr>\n<tr>\n<td><b>Caracter\u00edsticas notables<\/b><\/td>\n<td><span style=\"font-weight: 400;\">Sin tabaco, formato delgado<\/span><\/td>\n<\/tr>\n<tr>\n<td><\/td>\n<td><\/td>\n<\/tr>\n<tr>\n<td><\/td>\n<td><\/td>\n<\/tr>\n<\/tbody>\n<\/table>","protected":false},"excerpt":{"rendered":"<p data-start=\"1185\" data-end=\"1369\">Denssi Energy Tropical Fury ofrece una mezcla audaz de pi\u00f1a, c\u00edtricos y maracuy\u00e1 potenciada por cafe\u00edna natural. Sobres delgados, discretos, sin az\u00facar y sin tabaco dise\u00f1ados para energ\u00eda r\u00e1pida y duradera cuando la necesites.<\/p>","protected":false},"featured_media":34957,"comment_status":"open","ping_status":"closed","template":"","format":[206],"meta":{"_acf_changed":false},"product_brand":[],"product_cat":[267],"product_tag":[],"flavours":[196],"nicotine":[243],"class_list":{"0":"post-34953","1":"product","2":"type-product","3":"status-publish","4":"has-post-thumbnail","6":"product_cat-denssi-caffeine-pouches","7":"pa_quantity-1-pack","8":"pa_quantity-10-pack","9":"pa_quantity-3-pack","10":"pa_quantity-30-pack","11":"pa_quantity-5-pack","12":"pa_quantity-60-pack","13":"flavours-fruits-berries","14":"format-slim","15":"nicotine-caffeine","17":"first","18":"instock","19":"taxable","20":"shipping-taxable","21":"purchasable","22":"product-type-variable"},"acf":[],"_links":{"self":[{"href":"https:\/\/whitelip.com\/es\/wp-json\/wp\/v2\/product\/34953","targetHints":{"allow":["GET"]}}],"collection":[{"href":"https:\/\/whitelip.com\/es\/wp-json\/wp\/v2\/product"}],"about":[{"href":"https:\/\/whitelip.com\/es\/wp-json\/wp\/v2\/types\/product"}],"replies":[{"embeddable":true,"href":"https:\/\/whitelip.com\/es\/wp-json\/wp\/v2\/comments?post=34953"}],"wp:featuredmedia":[{"embeddable":true,"href":"https:\/\/whitelip.com\/es\/wp-json\/wp\/v2\/media\/34957"}],"wp:attachment":[{"href":"https:\/\/whitelip.com\/es\/wp-json\/wp\/v2\/media?parent=34953"}],"wp:term":[{"taxonomy":"product_brand","embeddable":true,"href":"https:\/\/whitelip.com\/es\/wp-json\/wp\/v2\/product_brand?post=34953"},{"taxonomy":"product_cat","embeddable":true,"href":"https:\/\/whitelip.com\/es\/wp-json\/wp\/v2\/product_cat?post=34953"},{"taxonomy":"product_tag","embeddable":true,"href":"https:\/\/whitelip.com\/es\/wp-json\/wp\/v2\/product_tag?post=34953"},{"taxonomy":"flavours","embeddable":true,"href":"https:\/\/whitelip.com\/es\/wp-json\/wp\/v2\/flavours?post=34953"},{"taxonomy":"format","embeddable":true,"href":"https:\/\/whitelip.com\/es\/wp-json\/wp\/v2\/format?post=34953"},{"taxonomy":"nicotine","embeddable":true,"href":"https:\/\/whitelip.com\/es\/wp-json\/wp\/v2\/nicotine?post=34953"}],"curies":[{"name":"wp","href":"https:\/\/api.w.org\/{rel}","templated":true}]}}