{"id":34936,"date":"2025-11-21T15:07:54","date_gmt":"2025-11-21T15:07:54","guid":{"rendered":"https:\/\/whitelip.com\/?post_type=product&#038;p=34936"},"modified":"2026-05-17T10:11:09","modified_gmt":"2026-05-17T10:11:09","slug":"cafero-cappuccino-caffeine","status":"publish","type":"product","link":"https:\/\/whitelip.com\/es\/cafero-caffeine-pouches\/cafero-cappuccino-caffeine\/","title":{"rendered":"Cafero Cappuccino Cafe\u00edna"},"content":{"rendered":"<p data-start=\"250\" data-end=\"533\">Cafero Cappuccino ofrece una experiencia de caf\u00e9 suave y cremosa en un formato de paquete discreto y conveniente. Cada lata contiene 20 paquetes blancos puros saborizado con cappuccino rico y una nota suave de espuma de leche, ofreciendo el sabor de una taza reci\u00e9n hecha sin az\u00facar, calor\u00edas o amargura.<\/p>\n<p data-start=\"535\" data-end=\"859\">Cada paquete proporciona 80 mg de cafe\u00edna pura, equivalente a una taza de caf\u00e9, d\u00e1ndote un impulso limpio y estable siempre que necesites mayor energ\u00eda, enfoque o alerta. Libre de tabaco, sin nicotina y sin az\u00facar, Cafero Cappuccino es ideal para usuarios que buscan una forma alternativa de mantenerse energizados durante todo el d\u00eda.<\/p>\n<table>\n<tbody>\n<tr>\n<td><b>Atributo<\/b><\/td>\n<td><b>Detalles<\/b><\/td>\n<\/tr>\n<tr>\n<td><b>Marca<\/b><\/td>\n<td>Cafero<\/td>\n<\/tr>\n<tr>\n<td><b>Tipo de producto<\/b><\/td>\n<td><span style=\"font-weight: 400;\">Todas las bolsas de nicotina blancas<\/span><\/td>\n<\/tr>\n<tr>\n<td><b>Formato<\/b><\/td>\n<td>Delgado<\/td>\n<\/tr>\n<tr>\n<td><b>Sabor<\/b><\/td>\n<td>Capuchino<\/td>\n<\/tr>\n<tr>\n<td><b>Potencia de Cafe\u00edna<\/b><\/td>\n<td>80 mg<\/td>\n<\/tr>\n<tr>\n<td><b>Peso de la raci\u00f3n<\/b><\/td>\n<td><span style=\"font-weight: 400;\">0.65 gramos<\/span><\/td>\n<\/tr>\n<tr>\n<td><b>N\u00famero de porciones<\/b><\/td>\n<td><span style=\"font-weight: 400;\">20 por lata<\/span><\/td>\n<\/tr>\n<tr>\n<td><b>Peso total de la lata<\/b><\/td>\n<td><span style=\"font-weight: 400;\">13 gramos<\/span><\/td>\n<\/tr>\n<tr>\n<td><b>Fabricante<\/b><\/td>\n<td><span style=\"font-weight: 400;\">Luna corporate<\/span><\/td>\n<\/tr>\n<tr>\n<td><b>Caracter\u00edsticas notables<\/b><\/td>\n<td><span style=\"font-weight: 400;\">Sin tabaco, formato delgado<\/span><\/td>\n<\/tr>\n<\/tbody>\n<\/table>","protected":false},"excerpt":{"rendered":"<p data-start=\"1207\" data-end=\"1417\">Cafero Cappuccino ofrece <strong data-start=\"1197\" data-end=\"1218\">sabor de cappuccino<\/strong> en una fina bolsa con <strong data-start=\"1244\" data-end=\"1272\">80 mg de cafe\u00edna por bolsa<\/strong>. Un impulso de energ\u00eda limpio, sin az\u00facar y sin calor\u00edas en un formato discreto.<\/p>","protected":false},"featured_media":34940,"comment_status":"open","ping_status":"closed","template":"","format":[206],"meta":{"_acf_changed":false},"product_brand":[],"product_cat":[266],"product_tag":[],"flavours":[192],"nicotine":[243],"class_list":{"0":"post-34936","1":"product","2":"type-product","3":"status-publish","4":"has-post-thumbnail","6":"product_cat-cafero-caffeine-pouches","7":"pa_quantity-1-pack","8":"pa_quantity-10-pack","9":"pa_quantity-3-pack","10":"pa_quantity-30-pack","11":"pa_quantity-5-pack","12":"pa_quantity-60-pack","13":"flavours-coffee","14":"format-slim","15":"nicotine-caffeine","17":"first","18":"instock","19":"taxable","20":"shipping-taxable","21":"purchasable","22":"product-type-variable"},"acf":[],"_links":{"self":[{"href":"https:\/\/whitelip.com\/es\/wp-json\/wp\/v2\/product\/34936","targetHints":{"allow":["GET"]}}],"collection":[{"href":"https:\/\/whitelip.com\/es\/wp-json\/wp\/v2\/product"}],"about":[{"href":"https:\/\/whitelip.com\/es\/wp-json\/wp\/v2\/types\/product"}],"replies":[{"embeddable":true,"href":"https:\/\/whitelip.com\/es\/wp-json\/wp\/v2\/comments?post=34936"}],"wp:featuredmedia":[{"embeddable":true,"href":"https:\/\/whitelip.com\/es\/wp-json\/wp\/v2\/media\/34940"}],"wp:attachment":[{"href":"https:\/\/whitelip.com\/es\/wp-json\/wp\/v2\/media?parent=34936"}],"wp:term":[{"taxonomy":"product_brand","embeddable":true,"href":"https:\/\/whitelip.com\/es\/wp-json\/wp\/v2\/product_brand?post=34936"},{"taxonomy":"product_cat","embeddable":true,"href":"https:\/\/whitelip.com\/es\/wp-json\/wp\/v2\/product_cat?post=34936"},{"taxonomy":"product_tag","embeddable":true,"href":"https:\/\/whitelip.com\/es\/wp-json\/wp\/v2\/product_tag?post=34936"},{"taxonomy":"flavours","embeddable":true,"href":"https:\/\/whitelip.com\/es\/wp-json\/wp\/v2\/flavours?post=34936"},{"taxonomy":"format","embeddable":true,"href":"https:\/\/whitelip.com\/es\/wp-json\/wp\/v2\/format?post=34936"},{"taxonomy":"nicotine","embeddable":true,"href":"https:\/\/whitelip.com\/es\/wp-json\/wp\/v2\/nicotine?post=34936"}],"curies":[{"name":"wp","href":"https:\/\/api.w.org\/{rel}","templated":true}]}}