{"id":34910,"date":"2025-11-21T14:23:13","date_gmt":"2025-11-21T14:23:13","guid":{"rendered":"https:\/\/whitelip.com\/?post_type=product&#038;p=34910"},"modified":"2026-05-06T10:11:39","modified_gmt":"2026-05-06T10:11:39","slug":"nor-peppermint-slim","status":"publish","type":"product","link":"https:\/\/whitelip.com\/es\/nor\/nor-peppermint-slim\/","title":{"rendered":"NOR Peppermint Slim"},"content":{"rendered":"<p data-start=\"189\" data-end=\"604\">NOR Peppermint Slim ofrece una experiencia limpia y refrescante de menta en un formato discreto, delgado y totalmente blanco. Cada bolsita contiene 12 mg de nicotina, que corresponden a 16 mg por gramo, lo que la sit\u00faa en la categor\u00eda fuerte y es adecuada para los usuarios que prefieren una liberaci\u00f3n de nicotina m\u00e1s pronunciada. Producidas por NOR, las bolsitas han sido desarrolladas para ofrecer un sabor consistente, un goteo m\u00ednimo y una humedad estable durante su uso.<\/p>\n<p data-start=\"606\" data-end=\"939\">El perfil de menta es crujiente y refrescante, y ofrece una sensaci\u00f3n de frescor constante que se mantiene equilibrada con el paso del tiempo. El dise\u00f1o delgado asegura un ajuste c\u00f3modo debajo del labio y permite que la bolsa permanezca discreta en todos los entornos. Al ser una bolsa de nicotina totalmente blanca y sin tabaco, el producto evita las manchas y mantiene un acabado limpio.<\/p>\n<table>\n<tbody>\n<tr>\n<td><b>Atributo<\/b><\/td>\n<td><b>Detalles<\/b><\/td>\n<\/tr>\n<tr>\n<td><b>Marca<\/b><\/td>\n<td>NOR<\/td>\n<\/tr>\n<tr>\n<td><b>Tipo de producto<\/b><\/td>\n<td><span style=\"font-weight: 400;\">Todas las bolsas de nicotina blancas<\/span><\/td>\n<\/tr>\n<tr>\n<td><b>Formato<\/b><\/td>\n<td>Delgado<\/td>\n<\/tr>\n<tr>\n<td><b>Sabor<\/b><\/td>\n<td>Menta<\/td>\n<\/tr>\n<tr>\n<td><b>Potencia de nicotina<\/b><\/td>\n<td><span style=\"font-weight: 400;\">12 mg por sobre (16 mg\/g)<\/span><\/td>\n<\/tr>\n<tr>\n<td><b>Peso de la raci\u00f3n<\/b><\/td>\n<td><span style=\"font-weight: 400;\">0.74 gramos<\/span><\/td>\n<\/tr>\n<tr>\n<td><b>N\u00famero de porciones<\/b><\/td>\n<td><span style=\"font-weight: 400;\">21 por lata<\/span><\/td>\n<\/tr>\n<tr>\n<td><b>Peso total de la lata<\/b><\/td>\n<td><span style=\"font-weight: 400;\">15.5 gramos<\/span><\/td>\n<\/tr>\n<tr>\n<td><b>Fabricante<\/b><\/td>\n<td>NOR<\/td>\n<\/tr>\n<tr>\n<td><b>Caracter\u00edsticas notables<\/b><\/td>\n<td><span style=\"font-weight: 400;\">Libre de tabaco, formato slim, sabor dulce y picante a cereza negra<\/span><\/td>\n<\/tr>\n<\/tbody>\n<\/table>","protected":false},"excerpt":{"rendered":"<p data-start=\"1227\" data-end=\"1357\">NOR Peppermint Slim con <strong data-start=\"1350\" data-end=\"1364\">menta<\/strong>, <strong data-start=\"1366\" data-end=\"1394\">12 mg de nicotina por bolsa<\/strong> y <strong data-start=\"1399\" data-end=\"1407\">delgado<\/strong> ofrece una experiencia de blanco intenso y refrescante.<\/p>","protected":false},"featured_media":34983,"comment_status":"open","ping_status":"closed","template":"","format":[206],"meta":{"_acf_changed":false},"product_brand":[],"product_cat":[265],"product_tag":[16561],"flavours":[199],"nicotine":[213,232],"class_list":{"0":"post-34910","1":"product","2":"type-product","3":"status-publish","4":"has-post-thumbnail","6":"product_cat-nor","7":"product_tag-12-mg-pouch","8":"pa_quantity-1-pack","9":"pa_quantity-10-pack","10":"pa_quantity-3-pack","11":"pa_quantity-30-pack","12":"pa_quantity-5-pack","13":"flavours-mint","14":"format-slim","15":"nicotine-16-mg-g","16":"nicotine-extra-strong","18":"first","19":"outofstock","20":"sale","21":"taxable","22":"shipping-taxable","23":"purchasable","24":"product-type-variable"},"acf":[],"_links":{"self":[{"href":"https:\/\/whitelip.com\/es\/wp-json\/wp\/v2\/product\/34910","targetHints":{"allow":["GET"]}}],"collection":[{"href":"https:\/\/whitelip.com\/es\/wp-json\/wp\/v2\/product"}],"about":[{"href":"https:\/\/whitelip.com\/es\/wp-json\/wp\/v2\/types\/product"}],"replies":[{"embeddable":true,"href":"https:\/\/whitelip.com\/es\/wp-json\/wp\/v2\/comments?post=34910"}],"wp:featuredmedia":[{"embeddable":true,"href":"https:\/\/whitelip.com\/es\/wp-json\/wp\/v2\/media\/34983"}],"wp:attachment":[{"href":"https:\/\/whitelip.com\/es\/wp-json\/wp\/v2\/media?parent=34910"}],"wp:term":[{"taxonomy":"product_brand","embeddable":true,"href":"https:\/\/whitelip.com\/es\/wp-json\/wp\/v2\/product_brand?post=34910"},{"taxonomy":"product_cat","embeddable":true,"href":"https:\/\/whitelip.com\/es\/wp-json\/wp\/v2\/product_cat?post=34910"},{"taxonomy":"product_tag","embeddable":true,"href":"https:\/\/whitelip.com\/es\/wp-json\/wp\/v2\/product_tag?post=34910"},{"taxonomy":"flavours","embeddable":true,"href":"https:\/\/whitelip.com\/es\/wp-json\/wp\/v2\/flavours?post=34910"},{"taxonomy":"format","embeddable":true,"href":"https:\/\/whitelip.com\/es\/wp-json\/wp\/v2\/format?post=34910"},{"taxonomy":"nicotine","embeddable":true,"href":"https:\/\/whitelip.com\/es\/wp-json\/wp\/v2\/nicotine?post=34910"}],"curies":[{"name":"wp","href":"https:\/\/api.w.org\/{rel}","templated":true}]}}