{"id":34857,"date":"2025-11-21T11:27:43","date_gmt":"2025-11-21T11:27:43","guid":{"rendered":"https:\/\/whitelip.com\/?post_type=product&#038;p=34857"},"modified":"2026-04-22T10:11:46","modified_gmt":"2026-04-22T10:11:46","slug":"zyn-black-cherry-prime-3mg","status":"publish","type":"product","link":"https:\/\/whitelip.com\/es\/zyn\/zyn-black-cherry-prime-3mg\/","title":{"rendered":"ZYN Black Cherry Prime 3mg"},"content":{"rendered":"<p data-start=\"155\" data-end=\"510\">ZYN Black Cherry Prime 3mg ofrece una experiencia de nicotina suave y afrutada con el sabor de cerezas negras maduras. El perfil es ligeramente dulce con una riqueza natural que hace que la bolsita sea refrescante y adecuada para el uso diario. El car\u00e1cter es suave pero sabroso, atractivo para los usuarios que disfrutan de un sabor afrutado equilibrado sin intensidad abrumadora.<\/p>\n<p data-start=\"512\" data-end=\"819\">Cada bolsita contiene 3 mg de nicotina, lo que la sit\u00faa en la gama suave y la convierte en una buena elecci\u00f3n para quienes prefieren una liberaci\u00f3n de nicotina m\u00e1s ligera o est\u00e1n en transici\u00f3n desde las potencias ultraligeras. El formato mini delgado est\u00e1 dise\u00f1ado para un ajuste discreto y c\u00f3modo debajo del labio, lo que permite su uso en cualquier entorno.<\/p>\n<p data-start=\"821\" data-end=\"1097\">Al ser una petaca totalmente blanca sin tabaco, proporciona una experiencia limpia, sin manchas, sin humo y sin olores persistentes. La construcci\u00f3n seca y de bajo goteo favorece una liberaci\u00f3n constante y duradera tanto de sabor como de nicotina, contribuyendo a un confort constante durante todo el uso.<\/p>\n<table>\n<tbody>\n<tr>\n<td><b>Atributo<\/b><\/td>\n<td><b>Detalles<\/b><\/td>\n<\/tr>\n<tr>\n<td><b>Marca<\/b><\/td>\n<td><span style=\"font-weight: 400;\">ZYN<\/span><\/td>\n<\/tr>\n<tr>\n<td><b>Tipo de producto<\/b><\/td>\n<td><span style=\"font-weight: 400;\">Todas las bolsas de nicotina blancas<\/span><\/td>\n<\/tr>\n<tr>\n<td><b>Formato<\/b><\/td>\n<td>Mini<\/td>\n<\/tr>\n<tr>\n<td><b>Sabor<\/b><\/td>\n<td><span style=\"font-weight: 400;\">Cerezo negro<\/span><\/td>\n<\/tr>\n<tr>\n<td><b>Potencia de nicotina<\/b><\/td>\n<td><span style=\"font-weight: 400;\">3 mg por bolsita (7,5 mg\/g)<\/span><\/td>\n<\/tr>\n<tr>\n<td><b>Peso de la raci\u00f3n<\/b><\/td>\n<td><span style=\"font-weight: 400;\">0,7 gramos<\/span><\/td>\n<\/tr>\n<tr>\n<td><b>N\u00famero de porciones<\/b><\/td>\n<td><span style=\"font-weight: 400;\">15 por lata<\/span><\/td>\n<\/tr>\n<tr>\n<td><b>Peso total de la lata<\/b><\/td>\n<td><span style=\"font-weight: 400;\">8 gramos<\/span><\/td>\n<\/tr>\n<tr>\n<td><b>Fabricante<\/b><\/td>\n<td><span style=\"font-weight: 400;\">Cerilla sueca<\/span><\/td>\n<\/tr>\n<tr>\n<td><b>Caracter\u00edsticas notables<\/b><\/td>\n<td><span style=\"font-weight: 400;\">Libre de tabaco, formato slim, sabor dulce y picante a cereza negra<\/span><\/td>\n<\/tr>\n<\/tbody>\n<\/table>","protected":false},"excerpt":{"rendered":"<p data-start=\"1386\" data-end=\"1459\">Sabor a cereza negra en un <strong data-start=\"1411\" data-end=\"1419\">mini<\/strong> bolsa con <strong data-start=\"1431\" data-end=\"1448\">3 mg de nicotina<\/strong> por bolsa.<\/p>","protected":false},"featured_media":34861,"comment_status":"open","ping_status":"closed","template":"","format":[205],"meta":{"_acf_changed":false},"product_brand":[],"product_cat":[37],"product_tag":[16579],"flavours":[196],"nicotine":[229,235],"class_list":{"0":"post-34857","1":"product","2":"type-product","3":"status-publish","4":"has-post-thumbnail","6":"product_cat-zyn","7":"product_tag-3-mg-pouch","8":"pa_quantity-1-pack","9":"pa_quantity-10-pack","10":"pa_quantity-3-pack","11":"pa_quantity-30-pack","12":"pa_quantity-5-pack","13":"pa_quantity-60-pack","14":"flavours-fruits-berries","15":"format-mini","16":"nicotine-7-mg-g","17":"nicotine-normal","19":"first","20":"instock","21":"taxable","22":"shipping-taxable","23":"purchasable","24":"product-type-variable"},"acf":[],"_links":{"self":[{"href":"https:\/\/whitelip.com\/es\/wp-json\/wp\/v2\/product\/34857","targetHints":{"allow":["GET"]}}],"collection":[{"href":"https:\/\/whitelip.com\/es\/wp-json\/wp\/v2\/product"}],"about":[{"href":"https:\/\/whitelip.com\/es\/wp-json\/wp\/v2\/types\/product"}],"replies":[{"embeddable":true,"href":"https:\/\/whitelip.com\/es\/wp-json\/wp\/v2\/comments?post=34857"}],"wp:featuredmedia":[{"embeddable":true,"href":"https:\/\/whitelip.com\/es\/wp-json\/wp\/v2\/media\/34861"}],"wp:attachment":[{"href":"https:\/\/whitelip.com\/es\/wp-json\/wp\/v2\/media?parent=34857"}],"wp:term":[{"taxonomy":"product_brand","embeddable":true,"href":"https:\/\/whitelip.com\/es\/wp-json\/wp\/v2\/product_brand?post=34857"},{"taxonomy":"product_cat","embeddable":true,"href":"https:\/\/whitelip.com\/es\/wp-json\/wp\/v2\/product_cat?post=34857"},{"taxonomy":"product_tag","embeddable":true,"href":"https:\/\/whitelip.com\/es\/wp-json\/wp\/v2\/product_tag?post=34857"},{"taxonomy":"flavours","embeddable":true,"href":"https:\/\/whitelip.com\/es\/wp-json\/wp\/v2\/flavours?post=34857"},{"taxonomy":"format","embeddable":true,"href":"https:\/\/whitelip.com\/es\/wp-json\/wp\/v2\/format?post=34857"},{"taxonomy":"nicotine","embeddable":true,"href":"https:\/\/whitelip.com\/es\/wp-json\/wp\/v2\/nicotine?post=34857"}],"curies":[{"name":"wp","href":"https:\/\/api.w.org\/{rel}","templated":true}]}}