{"id":33075,"date":"2025-10-31T14:26:55","date_gmt":"2025-10-31T14:26:55","guid":{"rendered":"https:\/\/whitelip.com\/?post_type=product&#038;p=33075"},"modified":"2026-04-30T10:11:10","modified_gmt":"2026-04-30T10:11:10","slug":"pablo-exclusive-pink-lemonade","status":"publish","type":"product","link":"https:\/\/whitelip.com\/es\/pablo\/pablo-exclusive-pink-lemonade\/","title":{"rendered":"PABLO Exclusive Limonada Rosa"},"content":{"rendered":"<p data-start=\"481\" data-end=\"952\">PABLO Exclusive Pink Lemonade en Slim combina un vigorizante sabor a limonada rosa con uno de los niveles de nicotina m\u00e1s fuertes de la l\u00ednea PABLO. Esta bolsita totalmente blanca y sin tabaco de NGP Empire ofrece un vibrante equilibrio de notas dulces y c\u00edtricas para una sensaci\u00f3n refrescante pero intensa. Dise\u00f1ado para usuarios experimentados, redefine la sensaci\u00f3n de fuerza extrema, manteniendo la calidad limpia y de primera calidad asociada con la marca PABLO. Cada bolsita contiene 30 mg de nicotina (equivalente a 50 mg\/g) y se presenta en formato Slim para un ajuste c\u00f3modo y discreto bajo el labio. Con 20 bolsitas por lata, cada una con un peso de 0,6 gramos, PABLO Exclusivo Limonada Rosa ofrece una potencia, un sabor y una calidad constantes en cada porci\u00f3n.<\/p>\n<table>\n<tbody>\n<tr>\n<td><b>Atributo<\/b><\/td>\n<td><b>Detalles<\/b><\/td>\n<\/tr>\n<tr>\n<td><b>Contenido por lata<\/b><\/td>\n<td><span style=\"font-weight: 400;\">12g (20 pouches)<\/span><\/td>\n<\/tr>\n<tr>\n<td><b>Contenido de nicotina<\/b><\/td>\n<td><span style=\"font-weight: 400;\">50 mg\/g (30 mg por bolsita)<\/span><\/td>\n<\/tr>\n<tr>\n<td><b>Formato bolsa<\/b><\/td>\n<td><span style=\"font-weight: 400;\">Delgado<\/span><\/td>\n<\/tr>\n<tr>\n<td><b>Productor<\/b><\/td>\n<td><span style=\"font-weight: 400;\">N.G.P Empire<\/span><\/td>\n<\/tr>\n<tr>\n<td><b>Sabor<\/b><\/td>\n<td>Limonada Rosa<\/td>\n<\/tr>\n<tr>\n<td><b>Tipo<\/b><\/td>\n<td><span style=\"font-weight: 400;\">Bolsa blanca, Sin tabaco<\/span><\/td>\n<\/tr>\n<\/tbody>\n<\/table>","protected":false},"excerpt":{"rendered":"<p>PABLO Exclusivo Limonada Rosa en <strong data-start=\"219\" data-end=\"227\">Delgado<\/strong> ofrece un sabor afrutado <strong data-start=\"246\" data-end=\"263\">limonada rosa<\/strong> con una dosis de nicotina extremadamente fuerte. Cada bolsita blanca sin tabaco contiene <strong data-start=\"359\" data-end=\"368\">30 mg<\/strong> <strong>de nicotina<\/strong>, que ofrece una experiencia potente y refrescante a los usuarios experimentados.<\/p>","protected":false},"featured_media":33080,"comment_status":"open","ping_status":"closed","template":"","format":[206],"meta":{"_acf_changed":false},"product_brand":[],"product_cat":[44],"product_tag":[16605],"flavours":[],"nicotine":[233,226],"class_list":{"0":"post-33075","1":"product","2":"type-product","3":"status-publish","4":"has-post-thumbnail","6":"product_cat-pablo","7":"product_tag-30-mg-pouch","8":"pa_quantity-1-pack","9":"pa_quantity-10-pack","10":"pa_quantity-3-pack","11":"pa_quantity-30-pack","12":"pa_quantity-5-pack","13":"pa_quantity-60-pack","14":"format-slim","15":"nicotine-extreme","16":"nicotine-50-mg-g","18":"first","19":"outofstock","20":"taxable","21":"shipping-taxable","22":"purchasable","23":"product-type-variable"},"acf":[],"_links":{"self":[{"href":"https:\/\/whitelip.com\/es\/wp-json\/wp\/v2\/product\/33075","targetHints":{"allow":["GET"]}}],"collection":[{"href":"https:\/\/whitelip.com\/es\/wp-json\/wp\/v2\/product"}],"about":[{"href":"https:\/\/whitelip.com\/es\/wp-json\/wp\/v2\/types\/product"}],"replies":[{"embeddable":true,"href":"https:\/\/whitelip.com\/es\/wp-json\/wp\/v2\/comments?post=33075"}],"wp:featuredmedia":[{"embeddable":true,"href":"https:\/\/whitelip.com\/es\/wp-json\/wp\/v2\/media\/33080"}],"wp:attachment":[{"href":"https:\/\/whitelip.com\/es\/wp-json\/wp\/v2\/media?parent=33075"}],"wp:term":[{"taxonomy":"product_brand","embeddable":true,"href":"https:\/\/whitelip.com\/es\/wp-json\/wp\/v2\/product_brand?post=33075"},{"taxonomy":"product_cat","embeddable":true,"href":"https:\/\/whitelip.com\/es\/wp-json\/wp\/v2\/product_cat?post=33075"},{"taxonomy":"product_tag","embeddable":true,"href":"https:\/\/whitelip.com\/es\/wp-json\/wp\/v2\/product_tag?post=33075"},{"taxonomy":"flavours","embeddable":true,"href":"https:\/\/whitelip.com\/es\/wp-json\/wp\/v2\/flavours?post=33075"},{"taxonomy":"format","embeddable":true,"href":"https:\/\/whitelip.com\/es\/wp-json\/wp\/v2\/format?post=33075"},{"taxonomy":"nicotine","embeddable":true,"href":"https:\/\/whitelip.com\/es\/wp-json\/wp\/v2\/nicotine?post=33075"}],"curies":[{"name":"wp","href":"https:\/\/api.w.org\/{rel}","templated":true}]}}