{"id":33065,"date":"2025-10-31T13:46:44","date_gmt":"2025-10-31T13:46:44","guid":{"rendered":"https:\/\/whitelip.com\/?post_type=product&#038;p=33065"},"modified":"2026-04-29T10:11:23","modified_gmt":"2026-04-29T10:11:23","slug":"pablo-exclusive-sour-blueberries","status":"publish","type":"product","link":"https:\/\/whitelip.com\/es\/pablo\/pablo-exclusive-sour-blueberries\/","title":{"rendered":"Ar\u00e1ndanos agrios PABLO Exclusive"},"content":{"rendered":"<p data-start=\"487\" data-end=\"824\">PABLO Exclusive Sour Blueberries en Slim est\u00e1 elaborado para aquellos que buscan la m\u00e1xima potencia y un sabor atrevido. Presenta un sabor fuerte y \u00e1cido a ar\u00e1ndanos con un dulzor afrutado y un toque picante que despierta los sentidos. La mezcla de dulce y \u00e1cido crea un sabor vibrante y duradero como ning\u00fan otro de la gama PABLO. Producido en Europa por NGP Empire, este miembro de la Serie Exclusiva PABLO combina un dise\u00f1o moderno, una calidad superior y una intensidad sin concesiones. Cada bolsita, totalmente blanca y sin tabaco, contiene 30 mg de nicotina (total 50 mg\/g), proporcionando una de las experiencias de nicotina m\u00e1s fuertes disponibles. Con 20 bolsitas por lata, cada una con un peso de 0,6 gramos, PABLO Exclusive Sour Blueberries proporciona una potencia y un sabor consistentes en un discreto formato Slim, desarrollado espec\u00edficamente para usuarios experimentados que ans\u00edan una sensaci\u00f3n de nicotina extrema.<\/p>\n<table>\n<tbody>\n<tr>\n<td><b>Atributo<\/b><\/td>\n<td><b>Detalles<\/b><\/td>\n<\/tr>\n<tr>\n<td><b>Contenido por lata<\/b><\/td>\n<td><span style=\"font-weight: 400;\">12g (20 pouches)<\/span><\/td>\n<\/tr>\n<tr>\n<td><b>Contenido de nicotina<\/b><\/td>\n<td><span style=\"font-weight: 400;\">50 mg\/g (30 mg por bolsita)<\/span><\/td>\n<\/tr>\n<tr>\n<td><b>Formato bolsa<\/b><\/td>\n<td><span style=\"font-weight: 400;\">Delgado<\/span><\/td>\n<\/tr>\n<tr>\n<td><b>Productor<\/b><\/td>\n<td><span style=\"font-weight: 400;\">N.G.P Empire<\/span><\/td>\n<\/tr>\n<tr>\n<td><b>Sabor<\/b><\/td>\n<td>Ar\u00e1ndanos \u00c1cidos (ar\u00e1ndano \u00e1cido)<\/td>\n<\/tr>\n<tr>\n<td><b>Tipo<\/b><\/td>\n<td><span style=\"font-weight: 400;\">Bolsa blanca, Sin tabaco<\/span><\/td>\n<\/tr>\n<\/tbody>\n<\/table>","protected":false},"excerpt":{"rendered":"<p>PABLO Exclusivo Ar\u00e1ndanos agrios en <strong data-start=\"238\" data-end=\"246\">Delgado<\/strong> ofrece una intensa <strong data-start=\"267\" data-end=\"285\">ar\u00e1ndano \u00e1cido<\/strong> sabor combinado con una potencia de nicotina extrema. Cada bolsita sin tabaco contiene <strong data-start=\"371\" data-end=\"380\">30 mg<\/strong> de nicotina, ofreciendo una potente experiencia dise\u00f1ada para usuarios experimentados.<\/p>","protected":false},"featured_media":33069,"comment_status":"open","ping_status":"closed","template":"","format":[206],"meta":{"_acf_changed":false},"product_brand":[],"product_cat":[44],"product_tag":[16605],"flavours":[196],"nicotine":[226,233],"class_list":{"0":"post-33065","1":"product","2":"type-product","3":"status-publish","4":"has-post-thumbnail","6":"product_cat-pablo","7":"product_tag-30-mg-pouch","8":"pa_quantity-1-pack","9":"pa_quantity-10-pack","10":"pa_quantity-3-pack","11":"pa_quantity-30-pack","12":"pa_quantity-5-pack","13":"pa_quantity-60-pack","14":"flavours-fruits-berries","15":"format-slim","16":"nicotine-50-mg-g","17":"nicotine-extreme","19":"first","20":"instock","21":"taxable","22":"shipping-taxable","23":"purchasable","24":"product-type-variable","25":"has-default-attributes"},"acf":[],"_links":{"self":[{"href":"https:\/\/whitelip.com\/es\/wp-json\/wp\/v2\/product\/33065","targetHints":{"allow":["GET"]}}],"collection":[{"href":"https:\/\/whitelip.com\/es\/wp-json\/wp\/v2\/product"}],"about":[{"href":"https:\/\/whitelip.com\/es\/wp-json\/wp\/v2\/types\/product"}],"replies":[{"embeddable":true,"href":"https:\/\/whitelip.com\/es\/wp-json\/wp\/v2\/comments?post=33065"}],"wp:featuredmedia":[{"embeddable":true,"href":"https:\/\/whitelip.com\/es\/wp-json\/wp\/v2\/media\/33069"}],"wp:attachment":[{"href":"https:\/\/whitelip.com\/es\/wp-json\/wp\/v2\/media?parent=33065"}],"wp:term":[{"taxonomy":"product_brand","embeddable":true,"href":"https:\/\/whitelip.com\/es\/wp-json\/wp\/v2\/product_brand?post=33065"},{"taxonomy":"product_cat","embeddable":true,"href":"https:\/\/whitelip.com\/es\/wp-json\/wp\/v2\/product_cat?post=33065"},{"taxonomy":"product_tag","embeddable":true,"href":"https:\/\/whitelip.com\/es\/wp-json\/wp\/v2\/product_tag?post=33065"},{"taxonomy":"flavours","embeddable":true,"href":"https:\/\/whitelip.com\/es\/wp-json\/wp\/v2\/flavours?post=33065"},{"taxonomy":"format","embeddable":true,"href":"https:\/\/whitelip.com\/es\/wp-json\/wp\/v2\/format?post=33065"},{"taxonomy":"nicotine","embeddable":true,"href":"https:\/\/whitelip.com\/es\/wp-json\/wp\/v2\/nicotine?post=33065"}],"curies":[{"name":"wp","href":"https:\/\/api.w.org\/{rel}","templated":true}]}}