{"id":32615,"date":"2025-10-27T15:09:48","date_gmt":"2025-10-27T15:09:48","guid":{"rendered":"https:\/\/whitelip.com\/?post_type=product&#038;p=32615"},"modified":"2026-03-16T17:46:56","modified_gmt":"2026-03-16T17:46:56","slug":"christmas-calendar","status":"publish","type":"product","link":"https:\/\/whitelip.com\/es\/christmas-calendar\/christmas-calendar\/","title":{"rendered":"Calendario de Navidad de Whitelip"},"content":{"rendered":"<p data-start=\"440\" data-end=\"739\">En <strong data-start=\"444\" data-end=\"472\">Calendario de Navidad de Whitelip<\/strong> re\u00fane 24 botes \u00fanicos de nicotina de las mejores marcas, como <strong data-start=\"540\" data-end=\"571\">DENSSI, 77, STNG, Apr\u00e8s, NOR<\/strong>, y mucho m\u00e1s. Detr\u00e1s de cada puerta aguarda un nuevo descubrimiento, una cuidada selecci\u00f3n de sabores, graduaciones y formatos de bolsa que ofrece algo diferente cada d\u00eda de diciembre.<\/p>\n<p data-start=\"741\" data-end=\"1015\">Desde refrescantes mezclas de menta hasta lanzamientos afrutados de edici\u00f3n limitada, este calendario recoge toda la variedad de las modernas petacas de nicotina en un paquete exclusivo. Est\u00e1 dise\u00f1ado para los usuarios que disfrutan explorando nuevas opciones y quieren experimentar lo mejor que la categor\u00eda tiene para ofrecer.<\/p>\n<p data-start=\"1017\" data-end=\"1155\">Cada calendario se produce en cantidades limitadas y presenta un dise\u00f1o festivo de temporada, lo que lo convierte en una pieza de coleccionista destacada para 2025.<\/p>","protected":false},"excerpt":{"rendered":"<p>Cuenta atr\u00e1s para la Navidad con el <strong data-start=\"209\" data-end=\"237\">Calendario de Navidad de Whitelip<\/strong> Con 24 botes sorpresa de nicotina de marcas l\u00edderes. Una mezcla de sabores, potencias y formatos de edici\u00f3n limitada dise\u00f1ada para hacer que diciembre sea un poco m\u00e1s emocionante.<\/p>","protected":false},"featured_media":32616,"comment_status":"open","ping_status":"closed","template":"","format":[],"meta":{"_acf_changed":false},"product_brand":[],"product_cat":[259],"product_tag":[],"flavours":[],"nicotine":[],"class_list":{"0":"post-32615","1":"product","2":"type-product","3":"status-publish","4":"has-post-thumbnail","6":"product_cat-christmas-calendar","8":"first","9":"instock","10":"taxable","11":"shipping-taxable","12":"purchasable","13":"product-type-simple"},"acf":[],"_links":{"self":[{"href":"https:\/\/whitelip.com\/es\/wp-json\/wp\/v2\/product\/32615","targetHints":{"allow":["GET"]}}],"collection":[{"href":"https:\/\/whitelip.com\/es\/wp-json\/wp\/v2\/product"}],"about":[{"href":"https:\/\/whitelip.com\/es\/wp-json\/wp\/v2\/types\/product"}],"replies":[{"embeddable":true,"href":"https:\/\/whitelip.com\/es\/wp-json\/wp\/v2\/comments?post=32615"}],"wp:featuredmedia":[{"embeddable":true,"href":"https:\/\/whitelip.com\/es\/wp-json\/wp\/v2\/media\/32616"}],"wp:attachment":[{"href":"https:\/\/whitelip.com\/es\/wp-json\/wp\/v2\/media?parent=32615"}],"wp:term":[{"taxonomy":"product_brand","embeddable":true,"href":"https:\/\/whitelip.com\/es\/wp-json\/wp\/v2\/product_brand?post=32615"},{"taxonomy":"product_cat","embeddable":true,"href":"https:\/\/whitelip.com\/es\/wp-json\/wp\/v2\/product_cat?post=32615"},{"taxonomy":"product_tag","embeddable":true,"href":"https:\/\/whitelip.com\/es\/wp-json\/wp\/v2\/product_tag?post=32615"},{"taxonomy":"flavours","embeddable":true,"href":"https:\/\/whitelip.com\/es\/wp-json\/wp\/v2\/flavours?post=32615"},{"taxonomy":"format","embeddable":true,"href":"https:\/\/whitelip.com\/es\/wp-json\/wp\/v2\/format?post=32615"},{"taxonomy":"nicotine","embeddable":true,"href":"https:\/\/whitelip.com\/es\/wp-json\/wp\/v2\/nicotine?post=32615"}],"curies":[{"name":"wp","href":"https:\/\/api.w.org\/{rel}","templated":true}]}}