{"id":32570,"date":"2025-10-27T11:40:45","date_gmt":"2025-10-27T11:40:45","guid":{"rendered":"https:\/\/whitelip.com\/?post_type=product&#038;p=32570"},"modified":"2026-05-11T15:10:55","modified_gmt":"2026-05-11T15:10:55","slug":"velo-shift-cool-peppermint","status":"publish","type":"product","link":"https:\/\/whitelip.com\/es\/velo\/velo-shift-cool-peppermint\/","title":{"rendered":"VELO Turno Cool Peppermint"},"content":{"rendered":"<p data-start=\"404\" data-end=\"802\">velo <strong data-start=\"409\" data-end=\"434\">Shift Menta fresca<\/strong> en <strong data-start=\"438\" data-end=\"446\">Delgado<\/strong> es una bolsita blanca de nicotina de BAT que ofrece una fresca combinaci\u00f3n de sabores a menta y mentol. El producto contiene nicotina pero sin tabaco y est\u00e1 clasificado como fuerte. Las bolsitas est\u00e1n fabricadas con fibras vegetales y dise\u00f1adas con bordes redondeados para un ajuste c\u00f3modo debajo del labio. El dise\u00f1o hexagonal de la lata es caracter\u00edstico de la gama VELO Shift. Cada bolsa contiene <strong data-start=\"824\" data-end=\"832\">8 mg<\/strong> de nicotina (concentraci\u00f3n de nicotina 11,4 mg\/g), y la <strong data-start=\"884\" data-end=\"892\">Delgado<\/strong> proporciona un ajuste discreto y estrecho.<\/p>\n<table>\n<tbody>\n<tr>\n<td><b>Atributo<\/b><\/td>\n<td><b>Detalles<\/b><\/td>\n<\/tr>\n<tr>\n<td><span style=\"font-weight: 400;\">Marca<\/span><\/td>\n<td><span style=\"font-weight: 400;\">velo<\/span><\/td>\n<\/tr>\n<tr>\n<td><span style=\"font-weight: 400;\">Tipo de producto<\/span><\/td>\n<td><span style=\"font-weight: 400;\">Todas las bolsas de nicotina blancas<\/span><\/td>\n<\/tr>\n<tr>\n<td><span style=\"font-weight: 400;\">Formato<\/span><\/td>\n<td><span style=\"font-weight: 400;\">Delgado<\/span><\/td>\n<\/tr>\n<tr>\n<td><span style=\"font-weight: 400;\">Sabor<\/span><\/td>\n<td>menta piperita, mentol<\/td>\n<\/tr>\n<tr>\n<td><span style=\"font-weight: 400;\">Potencia de nicotina<\/span><\/td>\n<td><span style=\"font-weight: 400;\">11,4 mg\/g (8 mg por bolsita)<\/span><\/td>\n<\/tr>\n<tr>\n<td><span style=\"font-weight: 400;\">Peso de la raci\u00f3n<\/span><\/td>\n<td><span style=\"font-weight: 400;\">0,7 gramos<\/span><\/td>\n<\/tr>\n<tr>\n<td><span style=\"font-weight: 400;\">N\u00famero de porciones<\/span><\/td>\n<td><span style=\"font-weight: 400;\">20 por lata<\/span><\/td>\n<\/tr>\n<tr>\n<td><span style=\"font-weight: 400;\">Peso total de la lata<\/span><\/td>\n<td><span style=\"font-weight: 400;\">14 gramos<\/span><\/td>\n<\/tr>\n<tr>\n<td><span style=\"font-weight: 400;\">Fabricante<\/span><\/td>\n<td><span style=\"font-weight: 400;\">BAT<\/span><\/td>\n<\/tr>\n<tr>\n<td><span style=\"font-weight: 400;\">Caracter\u00edsticas notables<\/span><\/td>\n<td><span style=\"font-weight: 400;\">Libre de tabaco, porciones slim discretas, perfil de sabor equilibrado<\/span><\/td>\n<\/tr>\n<\/tbody>\n<\/table>\n<h2 data-start=\"942\" data-end=\"955\">Caracter\u00edsticas<\/h2>\n<ul data-start=\"956\" data-end=\"1168\">\n<li data-start=\"956\" data-end=\"996\">\n<p data-start=\"958\" data-end=\"996\">Sabor de <strong data-start=\"968\" data-end=\"982\">menta<\/strong> y mentol<\/p>\n<\/li>\n<li data-start=\"997\" data-end=\"1035\">\n<p data-start=\"999\" data-end=\"1035\"><strong data-start=\"999\" data-end=\"1007\">Delgado<\/strong> formato con bordes redondeados<\/p>\n<\/li>\n<li data-start=\"1036\" data-end=\"1105\">\n<p data-start=\"1038\" data-end=\"1105\">Bolsa blanca sin tabaco con fuerte contenido de nicotina (<strong data-start=\"1094\" data-end=\"1102\">8 mg<\/strong>)<\/p>\n<\/li>\n<li data-start=\"1106\" data-end=\"1144\">\n<p data-start=\"1108\" data-end=\"1144\">Bote hexagonal de dise\u00f1o moderno<\/p>\n<\/li>\n<li data-start=\"1145\" data-end=\"1168\">\n<p data-start=\"1147\" data-end=\"1168\">Fabricado por BAT<\/p>\n<\/li>\n<\/ul>","protected":false},"excerpt":{"rendered":"<p>velo <strong data-start=\"166\" data-end=\"191\">Shift Menta fresca<\/strong> en <strong data-start=\"195\" data-end=\"203\">Delgado<\/strong> es una bolsita blanca sin tabaco con un fresco sabor a menta y mentol. Cada bolsa contiene <strong data-start=\"298\" data-end=\"306\">8 mg<\/strong> de nicotina y se presenta en una lata hexagonal con porciones redondeadas.<\/p>","protected":false},"featured_media":32575,"comment_status":"open","ping_status":"closed","template":"","format":[206],"meta":{"_acf_changed":false},"product_brand":[],"product_cat":[48],"product_tag":[16583],"flavours":[199],"nicotine":[208,236],"class_list":{"0":"post-32570","1":"product","2":"type-product","3":"status-publish","4":"has-post-thumbnail","6":"product_cat-velo","7":"product_tag-8-mg-pouch","8":"pa_quantity-1-pack","9":"pa_quantity-10-pack","10":"pa_quantity-3-pack","11":"pa_quantity-30-pack","12":"pa_quantity-5-pack","13":"pa_quantity-60-pack","14":"flavours-mint","15":"format-slim","16":"nicotine-11-mg-g","17":"nicotine-strong","19":"first","20":"outofstock","21":"taxable","22":"shipping-taxable","23":"purchasable","24":"product-type-variable"},"acf":[],"_links":{"self":[{"href":"https:\/\/whitelip.com\/es\/wp-json\/wp\/v2\/product\/32570","targetHints":{"allow":["GET"]}}],"collection":[{"href":"https:\/\/whitelip.com\/es\/wp-json\/wp\/v2\/product"}],"about":[{"href":"https:\/\/whitelip.com\/es\/wp-json\/wp\/v2\/types\/product"}],"replies":[{"embeddable":true,"href":"https:\/\/whitelip.com\/es\/wp-json\/wp\/v2\/comments?post=32570"}],"wp:featuredmedia":[{"embeddable":true,"href":"https:\/\/whitelip.com\/es\/wp-json\/wp\/v2\/media\/32575"}],"wp:attachment":[{"href":"https:\/\/whitelip.com\/es\/wp-json\/wp\/v2\/media?parent=32570"}],"wp:term":[{"taxonomy":"product_brand","embeddable":true,"href":"https:\/\/whitelip.com\/es\/wp-json\/wp\/v2\/product_brand?post=32570"},{"taxonomy":"product_cat","embeddable":true,"href":"https:\/\/whitelip.com\/es\/wp-json\/wp\/v2\/product_cat?post=32570"},{"taxonomy":"product_tag","embeddable":true,"href":"https:\/\/whitelip.com\/es\/wp-json\/wp\/v2\/product_tag?post=32570"},{"taxonomy":"flavours","embeddable":true,"href":"https:\/\/whitelip.com\/es\/wp-json\/wp\/v2\/flavours?post=32570"},{"taxonomy":"format","embeddable":true,"href":"https:\/\/whitelip.com\/es\/wp-json\/wp\/v2\/format?post=32570"},{"taxonomy":"nicotine","embeddable":true,"href":"https:\/\/whitelip.com\/es\/wp-json\/wp\/v2\/nicotine?post=32570"}],"curies":[{"name":"wp","href":"https:\/\/api.w.org\/{rel}","templated":true}]}}