{"id":32547,"date":"2025-10-27T11:24:03","date_gmt":"2025-10-27T11:24:03","guid":{"rendered":"https:\/\/whitelip.com\/?post_type=product&#038;p=32547"},"modified":"2026-04-21T10:11:49","modified_gmt":"2026-04-21T10:11:49","slug":"velo-shift-hot-dragonfruit","status":"publish","type":"product","link":"https:\/\/whitelip.com\/es\/velo\/velo-shift-hot-dragonfruit\/","title":{"rendered":"VELO Turno Caliente Dragonfruit"},"content":{"rendered":"<p data-start=\"442\" data-end=\"827\">velo <strong data-start=\"447\" data-end=\"472\">Shift Hot Dragonfruit<\/strong> en <strong data-start=\"476\" data-end=\"484\">Delgado<\/strong> es una bolsita de nicotina blanca de BAT que combina el sabor de la fruta del drag\u00f3n con toques de especias. El producto contiene nicotina pero sin tabaco y est\u00e1 clasificado como fuerte. Las bolsitas est\u00e1n fabricadas con fibras vegetales y dise\u00f1adas con bordes redondeados para un ajuste suave bajo el labio. La lata tiene forma hexagonal, t\u00edpica de la serie VELO Shift. Cada bolsa contiene <strong data-start=\"849\" data-end=\"857\">8 mg<\/strong> de nicotina (concentraci\u00f3n de nicotina 11,4 mg\/g) y se presenta en el <strong data-start=\"917\" data-end=\"925\">Delgado<\/strong> formato para un perfil discreto y estrecho.<\/p>\n<table>\n<tbody>\n<tr>\n<td><b>Atributo<\/b><\/td>\n<td><b>Detalles<\/b><\/td>\n<\/tr>\n<tr>\n<td><span style=\"font-weight: 400;\">Marca<\/span><\/td>\n<td><span style=\"font-weight: 400;\">velo<\/span><\/td>\n<\/tr>\n<tr>\n<td><span style=\"font-weight: 400;\">Tipo de producto<\/span><\/td>\n<td><span style=\"font-weight: 400;\">Todas las bolsas de nicotina blancas<\/span><\/td>\n<\/tr>\n<tr>\n<td><span style=\"font-weight: 400;\">Formato<\/span><\/td>\n<td><span style=\"font-weight: 400;\">Delgado<\/span><\/td>\n<\/tr>\n<tr>\n<td><span style=\"font-weight: 400;\">Sabor<\/span><\/td>\n<td><span style=\"font-weight: 400;\">Fruta de drag\u00f3n<\/span><\/td>\n<\/tr>\n<tr>\n<td><span style=\"font-weight: 400;\">Potencia de nicotina<\/span><\/td>\n<td><span style=\"font-weight: 400;\">11,4 mg\/g (8 mg por bolsita)<\/span><\/td>\n<\/tr>\n<tr>\n<td><span style=\"font-weight: 400;\">Peso de la raci\u00f3n<\/span><\/td>\n<td><span style=\"font-weight: 400;\">0,7 gramos<\/span><\/td>\n<\/tr>\n<tr>\n<td><span style=\"font-weight: 400;\">N\u00famero de porciones<\/span><\/td>\n<td><span style=\"font-weight: 400;\">20 por lata<\/span><\/td>\n<\/tr>\n<tr>\n<td><span style=\"font-weight: 400;\">Peso total de la lata<\/span><\/td>\n<td><span style=\"font-weight: 400;\">14 gramos<\/span><\/td>\n<\/tr>\n<tr>\n<td><span style=\"font-weight: 400;\">Fabricante<\/span><\/td>\n<td><span style=\"font-weight: 400;\">BAT<\/span><\/td>\n<\/tr>\n<tr>\n<td><span style=\"font-weight: 400;\">Caracter\u00edsticas notables<\/span><\/td>\n<td><span style=\"font-weight: 400;\">Libre de tabaco, porciones slim discretas, perfil de sabor equilibrado<\/span><\/td>\n<\/tr>\n<\/tbody>\n<\/table>\n<h2 data-start=\"974\" data-end=\"987\">Caracter\u00edsticas<\/h2>\n<ul data-start=\"988\" data-end=\"1212\">\n<li data-start=\"988\" data-end=\"1040\">\n<p data-start=\"990\" data-end=\"1040\">Sabor de <strong data-start=\"1000\" data-end=\"1016\">fruta del drag\u00f3n<\/strong> con un toque picante<\/p>\n<\/li>\n<li data-start=\"1041\" data-end=\"1079\">\n<p data-start=\"1043\" data-end=\"1079\"><strong data-start=\"1043\" data-end=\"1051\">Delgado<\/strong> formato con bordes redondeados<\/p>\n<\/li>\n<li data-start=\"1080\" data-end=\"1149\">\n<p data-start=\"1082\" data-end=\"1149\">Bolsa blanca sin tabaco con fuerte contenido de nicotina (<strong data-start=\"1138\" data-end=\"1146\">8 mg<\/strong>)<\/p>\n<\/li>\n<li data-start=\"1150\" data-end=\"1188\">\n<p data-start=\"1152\" data-end=\"1188\">Bote hexagonal de dise\u00f1o moderno<\/p>\n<\/li>\n<li data-start=\"1189\" data-end=\"1212\">\n<p data-start=\"1191\" data-end=\"1212\">Fabricado por BAT<\/p>\n<\/li>\n<\/ul>","protected":false},"excerpt":{"rendered":"<p>velo <strong data-start=\"177\" data-end=\"202\">Shift Hot Dragonfruit<\/strong> en <strong data-start=\"206\" data-end=\"214\">Delgado<\/strong> es una bolsita blanca sin tabaco con sabor a fruta del drag\u00f3n y sutiles notas especiadas. Cada bolsita contiene <strong data-start=\"319\" data-end=\"327\">8 mg<\/strong> de nicotina y presenta bordes redondeados para un ajuste c\u00f3modo en una lata hexagonal.<\/p>","protected":false},"featured_media":32551,"comment_status":"open","ping_status":"closed","template":"","format":[206],"meta":{"_acf_changed":false},"product_brand":[],"product_cat":[48],"product_tag":[16583],"flavours":[196],"nicotine":[208,236],"class_list":{"0":"post-32547","1":"product","2":"type-product","3":"status-publish","4":"has-post-thumbnail","6":"product_cat-velo","7":"product_tag-8-mg-pouch","8":"pa_quantity-1-pack","9":"pa_quantity-10-pack","10":"pa_quantity-3-pack","11":"pa_quantity-30-pack","12":"pa_quantity-5-pack","13":"pa_quantity-60-pack","14":"flavours-fruits-berries","15":"format-slim","16":"nicotine-11-mg-g","17":"nicotine-strong","19":"first","20":"instock","21":"taxable","22":"shipping-taxable","23":"purchasable","24":"product-type-variable"},"acf":[],"_links":{"self":[{"href":"https:\/\/whitelip.com\/es\/wp-json\/wp\/v2\/product\/32547","targetHints":{"allow":["GET"]}}],"collection":[{"href":"https:\/\/whitelip.com\/es\/wp-json\/wp\/v2\/product"}],"about":[{"href":"https:\/\/whitelip.com\/es\/wp-json\/wp\/v2\/types\/product"}],"replies":[{"embeddable":true,"href":"https:\/\/whitelip.com\/es\/wp-json\/wp\/v2\/comments?post=32547"}],"wp:featuredmedia":[{"embeddable":true,"href":"https:\/\/whitelip.com\/es\/wp-json\/wp\/v2\/media\/32551"}],"wp:attachment":[{"href":"https:\/\/whitelip.com\/es\/wp-json\/wp\/v2\/media?parent=32547"}],"wp:term":[{"taxonomy":"product_brand","embeddable":true,"href":"https:\/\/whitelip.com\/es\/wp-json\/wp\/v2\/product_brand?post=32547"},{"taxonomy":"product_cat","embeddable":true,"href":"https:\/\/whitelip.com\/es\/wp-json\/wp\/v2\/product_cat?post=32547"},{"taxonomy":"product_tag","embeddable":true,"href":"https:\/\/whitelip.com\/es\/wp-json\/wp\/v2\/product_tag?post=32547"},{"taxonomy":"flavours","embeddable":true,"href":"https:\/\/whitelip.com\/es\/wp-json\/wp\/v2\/flavours?post=32547"},{"taxonomy":"format","embeddable":true,"href":"https:\/\/whitelip.com\/es\/wp-json\/wp\/v2\/format?post=32547"},{"taxonomy":"nicotine","embeddable":true,"href":"https:\/\/whitelip.com\/es\/wp-json\/wp\/v2\/nicotine?post=32547"}],"curies":[{"name":"wp","href":"https:\/\/api.w.org\/{rel}","templated":true}]}}