{"id":29051,"date":"2025-10-01T14:09:51","date_gmt":"2025-10-01T14:09:51","guid":{"rendered":"https:\/\/whitelip.com\/?post_type=product&#038;p=29051"},"modified":"2026-05-10T10:11:29","modified_gmt":"2026-05-10T10:11:29","slug":"fumi-salty-violet","status":"publish","type":"product","link":"https:\/\/whitelip.com\/es\/fumi\/fumi-salty-violet\/","title":{"rendered":"FUMI Violeta salado"},"content":{"rendered":"<h2><b>FUMI Violeta salado<\/b><\/h2>\n<p><span style=\"font-weight: 400;\">FUMI Salty Violet ofrece la delicada dulzura floral de la violeta combinada con un atrevido toque salado, creando una experiencia de nicotina \u00fanica y sofisticada. Estas finas bolsitas de nicotina est\u00e1n dise\u00f1adas para los usuarios que aprecian los sabores aventureros con una liberaci\u00f3n constante de nicotina de 4mg por bolsita. C\u00f3modo y discreto bajo el labio, FUMI Salty Violet proporciona una alternativa limpia y sin manchas al tabaco tradicional. Su combinaci\u00f3n de elegancia floral y notas saladas lo convierten en una elecci\u00f3n distintiva en la gama FUMI.<\/span><\/p>\n<table>\n<tbody>\n<tr>\n<td><b>Atributo<\/b><\/td>\n<td><b>Detalles<\/b><\/td>\n<\/tr>\n<tr>\n<td><span style=\"font-weight: 400;\">Contenido por lata<\/span><\/td>\n<td><span style=\"font-weight: 400;\">14g (20 pouches)<\/span><\/td>\n<\/tr>\n<tr>\n<td><span style=\"font-weight: 400;\">Contenido de nicotina<\/span><\/td>\n<td><span style=\"font-weight: 400;\">6 mg\/g<\/span><\/td>\n<\/tr>\n<tr>\n<td><span style=\"font-weight: 400;\">Formato de bolsa<\/span><\/td>\n<td><span style=\"font-weight: 400;\">Delgado<\/span><\/td>\n<\/tr>\n<tr>\n<td><span style=\"font-weight: 400;\">Productor<\/span><\/td>\n<td><span style=\"font-weight: 400;\">FUMI<\/span><\/td>\n<\/tr>\n<tr>\n<td><span style=\"font-weight: 400;\">Sabor<\/span><\/td>\n<td><span style=\"font-weight: 400;\">Violeta &amp; Salado<\/span><\/td>\n<\/tr>\n<tr>\n<td><span style=\"font-weight: 400;\">Tipo<\/span><\/td>\n<td><span style=\"font-weight: 400;\">Bolsa blanca, Sin tabaco<\/span><\/td>\n<\/tr>\n<\/tbody>\n<\/table>","protected":false},"excerpt":{"rendered":"<p>Delicado <strong>violeta<\/strong> equilibradas por un atrevido toque salino para un sabor refinado de inspiraci\u00f3n escandinava. En <strong>delgado<\/strong>, Su discreto formato se asienta c\u00f3modamente bajo el labio para facilitar su uso diario. Cada bolsa proporciona <strong data-start=\"244\" data-end=\"261\">4 mg de nicotina<\/strong> para una experiencia limpia, suave y sin manchas.<\/p>","protected":false},"featured_media":29055,"comment_status":"open","ping_status":"closed","template":"","format":[206],"meta":{"_acf_changed":false},"product_brand":[],"product_cat":[245],"product_tag":[16585],"flavours":[202,198],"nicotine":[228,235],"class_list":{"0":"post-29051","1":"product","2":"type-product","3":"status-publish","4":"has-post-thumbnail","6":"product_cat-fumi","7":"product_tag-4-mg-pouch","8":"pa_quantity-1-pack","9":"pa_quantity-10-pack","10":"pa_quantity-3-pack","11":"pa_quantity-30-pack","12":"pa_quantity-5-pack","13":"pa_quantity-60-pack","14":"flavours-violet","15":"flavours-licorice","16":"format-slim","17":"nicotine-6-mg-g","18":"nicotine-normal","20":"first","21":"instock","22":"taxable","23":"shipping-taxable","24":"purchasable","25":"product-type-variable"},"acf":[],"_links":{"self":[{"href":"https:\/\/whitelip.com\/es\/wp-json\/wp\/v2\/product\/29051","targetHints":{"allow":["GET"]}}],"collection":[{"href":"https:\/\/whitelip.com\/es\/wp-json\/wp\/v2\/product"}],"about":[{"href":"https:\/\/whitelip.com\/es\/wp-json\/wp\/v2\/types\/product"}],"replies":[{"embeddable":true,"href":"https:\/\/whitelip.com\/es\/wp-json\/wp\/v2\/comments?post=29051"}],"wp:featuredmedia":[{"embeddable":true,"href":"https:\/\/whitelip.com\/es\/wp-json\/wp\/v2\/media\/29055"}],"wp:attachment":[{"href":"https:\/\/whitelip.com\/es\/wp-json\/wp\/v2\/media?parent=29051"}],"wp:term":[{"taxonomy":"product_brand","embeddable":true,"href":"https:\/\/whitelip.com\/es\/wp-json\/wp\/v2\/product_brand?post=29051"},{"taxonomy":"product_cat","embeddable":true,"href":"https:\/\/whitelip.com\/es\/wp-json\/wp\/v2\/product_cat?post=29051"},{"taxonomy":"product_tag","embeddable":true,"href":"https:\/\/whitelip.com\/es\/wp-json\/wp\/v2\/product_tag?post=29051"},{"taxonomy":"flavours","embeddable":true,"href":"https:\/\/whitelip.com\/es\/wp-json\/wp\/v2\/flavours?post=29051"},{"taxonomy":"format","embeddable":true,"href":"https:\/\/whitelip.com\/es\/wp-json\/wp\/v2\/format?post=29051"},{"taxonomy":"nicotine","embeddable":true,"href":"https:\/\/whitelip.com\/es\/wp-json\/wp\/v2\/nicotine?post=29051"}],"curies":[{"name":"wp","href":"https:\/\/api.w.org\/{rel}","templated":true}]}}