{"id":29010,"date":"2025-10-01T14:09:53","date_gmt":"2025-10-01T14:09:53","guid":{"rendered":"https:\/\/whitelip.com\/?post_type=product&#038;p=29010"},"modified":"2026-04-28T10:11:31","modified_gmt":"2026-04-28T10:11:31","slug":"fumi-prickly-pear-strong","status":"publish","type":"product","link":"https:\/\/whitelip.com\/es\/fumi\/fumi-prickly-pear-strong\/","title":{"rendered":"FUMI Higo chumbo fuerte"},"content":{"rendered":"<h2><b>FUMI Higo chumbo fuerte<\/b><\/h2>\n<p><span style=\"font-weight: 400;\">FUMI Prickly Pear Strong combina la dulzura ex\u00f3tica y jugosa de la tuna con un toque refrescante para ofrecer una experiencia de nicotina \u00fanica y vibrante. Estas bolsas de nicotina slim est\u00e1n dise\u00f1adas para usuarios que disfrutan de sabores afrutados audaces con una concentraci\u00f3n de nicotina de 8mg por bolsa. C\u00f3moda y discreta debajo del labio, FUMI Prickly Pear Strong es perfecta para usar sobre la marcha, ofreciendo una alternativa limpia y sin manchas a los productos tradicionales. Su equilibrio entre dulzura y frescura la convierte en una opci\u00f3n destacada en la gama FUMI.<\/span><\/p>\n<table>\n<tbody>\n<tr>\n<td><b>Atributo<\/b><\/td>\n<td><b>Detalles<\/b><\/td>\n<\/tr>\n<tr>\n<td><span style=\"font-weight: 400;\">Contenido por lata<\/span><\/td>\n<td><span style=\"font-weight: 400;\">14g (20 pouches)<\/span><\/td>\n<\/tr>\n<tr>\n<td><span style=\"font-weight: 400;\">Contenido de nicotina<\/span><\/td>\n<td><span style=\"font-weight: 400;\">11 mg\/g<\/span><\/td>\n<\/tr>\n<tr>\n<td><span style=\"font-weight: 400;\">Formato de bolsa<\/span><\/td>\n<td><span style=\"font-weight: 400;\">Delgado<\/span><\/td>\n<\/tr>\n<tr>\n<td><span style=\"font-weight: 400;\">Productor<\/span><\/td>\n<td><span style=\"font-weight: 400;\">FUMI<\/span><\/td>\n<\/tr>\n<tr>\n<td><span style=\"font-weight: 400;\">Sabor<\/span><\/td>\n<td><span style=\"font-weight: 400;\">Nopal<\/span><\/td>\n<\/tr>\n<tr>\n<td><span style=\"font-weight: 400;\">Tipo<\/span><\/td>\n<td><span style=\"font-weight: 400;\">Bolsa blanca, Sin tabaco<\/span><\/td>\n<\/tr>\n<\/tbody>\n<\/table>","protected":false},"excerpt":{"rendered":"<p>Ex\u00f3tico, jugoso nopal <strong>con un giro refrescante para un golpe vibrante y afrutado. El<\/strong> , ofreciendo una experiencia limpia, sin manchas y fuerte. <strong>delgado<\/strong>, El ajuste discreto se adapta c\u00f3modamente bajo el labio, ideal para llevar. Cada bolsa proporciona <strong data-start=\"221\" data-end=\"238\">8 mg de nicotina<\/strong>FUMI Prickly Pear Strong entrega la dulzura ex\u00f3tica y jugosa del nopal combinada con un giro refrescante para una experiencia de nicotina \u00fanica y vibrante. Estos pouches de nicotina delgados est\u00e1n dise\u00f1ados para usuarios que disfrutan de sabores audaces y afrutados con una potencia de nicotina de 8mg por pouch. C\u00f3modos y discretos bajo el labio, FUMI Prickly Pear Strong es perfecto para uso sobre la marcha, ofreciendo una alternativa limpia y sin manchas a los productos tradicionales. Su equilibrio de dulzura y frescura lo convierte en una opci\u00f3n destacada en la gama FUMI.<\/p>","protected":false},"featured_media":29014,"comment_status":"open","ping_status":"closed","template":"","format":[206],"meta":{"_acf_changed":false},"product_brand":[],"product_cat":[245],"product_tag":[16583],"flavours":[196],"nicotine":[208,236],"class_list":{"0":"post-29010","1":"product","2":"type-product","3":"status-publish","4":"has-post-thumbnail","6":"product_cat-fumi","7":"product_tag-8-mg-pouch","8":"pa_quantity-1-pack","9":"pa_quantity-10-pack","10":"pa_quantity-3-pack","11":"pa_quantity-30-pack","12":"pa_quantity-5-pack","13":"pa_quantity-60-pack","14":"flavours-fruits-berries","15":"format-slim","16":"nicotine-11-mg-g","17":"nicotine-strong","19":"first","20":"instock","21":"taxable","22":"shipping-taxable","23":"purchasable","24":"product-type-variable"},"acf":[],"_links":{"self":[{"href":"https:\/\/whitelip.com\/es\/wp-json\/wp\/v2\/product\/29010","targetHints":{"allow":["GET"]}}],"collection":[{"href":"https:\/\/whitelip.com\/es\/wp-json\/wp\/v2\/product"}],"about":[{"href":"https:\/\/whitelip.com\/es\/wp-json\/wp\/v2\/types\/product"}],"replies":[{"embeddable":true,"href":"https:\/\/whitelip.com\/es\/wp-json\/wp\/v2\/comments?post=29010"}],"wp:featuredmedia":[{"embeddable":true,"href":"https:\/\/whitelip.com\/es\/wp-json\/wp\/v2\/media\/29014"}],"wp:attachment":[{"href":"https:\/\/whitelip.com\/es\/wp-json\/wp\/v2\/media?parent=29010"}],"wp:term":[{"taxonomy":"product_brand","embeddable":true,"href":"https:\/\/whitelip.com\/es\/wp-json\/wp\/v2\/product_brand?post=29010"},{"taxonomy":"product_cat","embeddable":true,"href":"https:\/\/whitelip.com\/es\/wp-json\/wp\/v2\/product_cat?post=29010"},{"taxonomy":"product_tag","embeddable":true,"href":"https:\/\/whitelip.com\/es\/wp-json\/wp\/v2\/product_tag?post=29010"},{"taxonomy":"flavours","embeddable":true,"href":"https:\/\/whitelip.com\/es\/wp-json\/wp\/v2\/flavours?post=29010"},{"taxonomy":"format","embeddable":true,"href":"https:\/\/whitelip.com\/es\/wp-json\/wp\/v2\/format?post=29010"},{"taxonomy":"nicotine","embeddable":true,"href":"https:\/\/whitelip.com\/es\/wp-json\/wp\/v2\/nicotine?post=29010"}],"curies":[{"name":"wp","href":"https:\/\/api.w.org\/{rel}","templated":true}]}}