{"id":28170,"date":"2025-09-24T12:42:21","date_gmt":"2025-09-24T12:42:21","guid":{"rendered":"https:\/\/whitelip.com\/?post_type=product&#038;p=28170"},"modified":"2026-04-18T18:02:35","modified_gmt":"2026-04-18T18:02:35","slug":"rush-icy-grape","status":"publish","type":"product","link":"https:\/\/whitelip.com\/es\/rush\/rush-icy-grape\/","title":{"rendered":"RUSH Icy Grape"},"content":{"rendered":"<h2>RUSH Icy Grape<\/h2>\n<p class=\"\" data-start=\"76\" data-end=\"609\">Las bolsitas de nicotina RUSH Icy Grape ofrecen el sabor dulce y jugoso de las uvas maduras combinado con una refrescante sensaci\u00f3n de fr\u00edo. La combinaci\u00f3n de riqueza frutal y frescura helada crea una experiencia de sabor suave pero vigorizante, perfecta para aquellos que disfrutan de sabores atrevidos y refrescantes. Cada bolsita blanca y fina contiene 11,2 mg de nicotina, lo que proporciona un fuerte subid\u00f3n ideal para los consumidores habituales. Discreto, c\u00f3modo y sin manchas, RUSH Icy Grape se elabora con altos est\u00e1ndares de calidad y sabor en un moderno formato sin tabaco.<\/p>\n<table>\n<tbody>\n<tr>\n<td><b>Atributo<\/b><\/td>\n<td><b>Detalles<\/b><\/td>\n<\/tr>\n<tr>\n<td><b>Contenido por lata<\/b><\/td>\n<td><span style=\"font-weight: 400;\">14g (20 pouches)<\/span><\/td>\n<\/tr>\n<tr>\n<td><b>Contenido de nicotina<\/b><\/td>\n<td><span style=\"font-weight: 400;\">16 mg\/g (11,2 mg por sobre)<\/span><\/td>\n<\/tr>\n<tr>\n<td><b>Formato bolsa<\/b><\/td>\n<td><span style=\"font-weight: 400;\">Delgado<\/span><\/td>\n<\/tr>\n<tr>\n<td><b>Productor<\/b><\/td>\n<td><span style=\"font-weight: 400;\">RUSH<\/span><\/td>\n<\/tr>\n<tr>\n<td><b>Sabor<\/b><\/td>\n<td><span style=\"font-weight: 400;\">Uva y Refrescante (Uva Helada)<\/span><\/td>\n<\/tr>\n<tr>\n<td><b>Tipo<\/b><\/td>\n<td><span style=\"font-weight: 400;\">Bolsita de Nicotina<\/span><\/td>\n<\/tr>\n<\/tbody>\n<\/table>","protected":false},"excerpt":{"rendered":"<p>Las bolsitas de nicotina RUSH Icy Grape ofrecen un sabor dulce y jugoso. <strong data-start=\"55\" data-end=\"68\">Uva helada<\/strong> sabor con un refrescante fr\u00edo. <strong data-start=\"101\" data-end=\"109\">Delgado<\/strong>, formato totalmente blanco para una comodidad discreta y sin manchas. Cada bolsa contiene <strong data-start=\"182\" data-end=\"202\">11,2 mg de nicotina<\/strong>. Perfil atrevido y refrescante con un fuerte subid\u00f3n para consumidores habituales.<\/p>","protected":false},"featured_media":28174,"comment_status":"open","ping_status":"closed","template":"","format":[206],"meta":{"_acf_changed":false},"product_brand":[],"product_cat":[244],"product_tag":[16577],"flavours":[199,196],"nicotine":[213,232],"class_list":{"0":"post-28170","1":"product","2":"type-product","3":"status-publish","4":"has-post-thumbnail","6":"product_cat-rush","7":"product_tag-11-2-mg-pouch","8":"pa_quantity-1-pack","9":"pa_quantity-10-pack","10":"pa_quantity-3-pack","11":"pa_quantity-30-pack","12":"pa_quantity-5-pack","13":"pa_quantity-60-pack","14":"flavours-mint","15":"flavours-fruits-berries","16":"format-slim","17":"nicotine-16-mg-g","18":"nicotine-extra-strong","20":"first","21":"outofstock","22":"taxable","23":"shipping-taxable","24":"purchasable","25":"product-type-variable","26":"has-default-attributes"},"acf":[],"_links":{"self":[{"href":"https:\/\/whitelip.com\/es\/wp-json\/wp\/v2\/product\/28170","targetHints":{"allow":["GET"]}}],"collection":[{"href":"https:\/\/whitelip.com\/es\/wp-json\/wp\/v2\/product"}],"about":[{"href":"https:\/\/whitelip.com\/es\/wp-json\/wp\/v2\/types\/product"}],"replies":[{"embeddable":true,"href":"https:\/\/whitelip.com\/es\/wp-json\/wp\/v2\/comments?post=28170"}],"wp:featuredmedia":[{"embeddable":true,"href":"https:\/\/whitelip.com\/es\/wp-json\/wp\/v2\/media\/28174"}],"wp:attachment":[{"href":"https:\/\/whitelip.com\/es\/wp-json\/wp\/v2\/media?parent=28170"}],"wp:term":[{"taxonomy":"product_brand","embeddable":true,"href":"https:\/\/whitelip.com\/es\/wp-json\/wp\/v2\/product_brand?post=28170"},{"taxonomy":"product_cat","embeddable":true,"href":"https:\/\/whitelip.com\/es\/wp-json\/wp\/v2\/product_cat?post=28170"},{"taxonomy":"product_tag","embeddable":true,"href":"https:\/\/whitelip.com\/es\/wp-json\/wp\/v2\/product_tag?post=28170"},{"taxonomy":"flavours","embeddable":true,"href":"https:\/\/whitelip.com\/es\/wp-json\/wp\/v2\/flavours?post=28170"},{"taxonomy":"format","embeddable":true,"href":"https:\/\/whitelip.com\/es\/wp-json\/wp\/v2\/format?post=28170"},{"taxonomy":"nicotine","embeddable":true,"href":"https:\/\/whitelip.com\/es\/wp-json\/wp\/v2\/nicotine?post=28170"}],"curies":[{"name":"wp","href":"https:\/\/api.w.org\/{rel}","templated":true}]}}