{"id":27992,"date":"2025-09-23T13:50:12","date_gmt":"2025-09-23T13:50:12","guid":{"rendered":"https:\/\/whitelip.com\/?post_type=product&#038;p=27992"},"modified":"2026-04-15T17:07:38","modified_gmt":"2026-04-15T17:07:38","slug":"maverick-frost-wood","status":"publish","type":"product","link":"https:\/\/whitelip.com\/es\/maverick\/maverick-frost-wood\/","title":{"rendered":"MAVERICK Madera escarchada"},"content":{"rendered":"<h2>MAVERICK Madera escarchada<\/h2>\n<p class=\"\" data-start=\"76\" data-end=\"609\">Las bolsitas de nicotina MAVERICK Frost Wood ofrecen un sabor a menta suave y refrescante mejorado con un efecto de enfriamiento helado. Esta combinaci\u00f3n crea un perfil de sabor refrescante y suave que es tanto dulce como vigorizante. Cada bolsita delgada y verde de nicotina contiene 12,5 mg de nicotina, ofreciendo un golpe de alta concentraci\u00f3n que es ideal para usuarios experimentados que disfrutan de sabor equilibrado e intensidad constante. A diferencia de la mayor\u00eda de las bolsitas de nicotina, MAVERICK est\u00e1 hecha de menta natural, dando a cada sabor un impulso de menta. Discreta, c\u00f3moda y sin manchas, MAVERICK Frost Wood est\u00e1 elaborada por 77 Group para asegurar calidad alta, sabor audaz y una experiencia sin tabaco.<\/p>\n<table>\n<tbody>\n<tr>\n<td><b>Atributo<\/b><\/td>\n<td><b>Detalles<\/b><\/td>\n<\/tr>\n<tr>\n<td><b>Contenido por lata<\/b><\/td>\n<td><span style=\"font-weight: 400;\">12,5g (20 bolsitas)<\/span><\/td>\n<\/tr>\n<tr>\n<td><b>Contenido de nicotina<\/b><\/td>\n<td><span style=\"font-weight: 400;\">25 mg\/g (12,5 mg por bolsita)<\/span><\/td>\n<\/tr>\n<tr>\n<td><b>Formato bolsa<\/b><\/td>\n<td><span style=\"font-weight: 400;\">Delgado<\/span><\/td>\n<\/tr>\n<tr>\n<td><b>Productor<\/b><\/td>\n<td><span style=\"font-weight: 400;\">77 Group<\/span><\/td>\n<\/tr>\n<tr>\n<td><b>Sabor<\/b><\/td>\n<td><span style=\"font-weight: 400;\">Menta<\/span><\/td>\n<\/tr>\n<tr>\n<td><b>Tipo<\/b><\/td>\n<td><span style=\"font-weight: 400;\">Bolsa blanca<\/span><\/td>\n<\/tr>\n<\/tbody>\n<\/table>","protected":false},"excerpt":{"rendered":"<p>Las bolsitas de nicotina MAVERICK Frost Wood ofrecen una menta suave y refrescante <strong data-start=\"66\" data-end=\"74\">Menta<\/strong> sabor con un efecto refrescante helado. <strong data-start=\"110\" data-end=\"118\">Delgado<\/strong>, formato verde para un uso discreto y sin manchas. Cada bolsa contiene <strong data-start=\"183\" data-end=\"203\">12,5 mg de nicotina<\/strong>. Alta concentraci\u00f3n para usuarios experimentados con sabor equilibrado e intensidad constante. Hecha con menta natural para mayor menta y elaborada por 77 Group para una calidad audaz y sin tabaco.<\/p>","protected":false},"featured_media":27996,"comment_status":"open","ping_status":"closed","template":"","format":[206],"meta":{"_acf_changed":false},"product_brand":[],"product_cat":[240],"product_tag":[16775],"flavours":[199],"nicotine":[219,232],"class_list":{"0":"post-27992","1":"product","2":"type-product","3":"status-publish","4":"has-post-thumbnail","6":"product_cat-maverick","7":"product_tag-12-5-mg-pouch","8":"pa_quantity-1-pack","9":"pa_quantity-10-pack","10":"pa_quantity-3-pack","11":"pa_quantity-30-pack","12":"pa_quantity-5-pack","13":"pa_quantity-60-pack","14":"flavours-mint","15":"format-slim","16":"nicotine-25-mg-g","17":"nicotine-extra-strong","19":"first","20":"instock","21":"taxable","22":"shipping-taxable","23":"purchasable","24":"product-type-variable","25":"has-default-attributes"},"acf":[],"_links":{"self":[{"href":"https:\/\/whitelip.com\/es\/wp-json\/wp\/v2\/product\/27992","targetHints":{"allow":["GET"]}}],"collection":[{"href":"https:\/\/whitelip.com\/es\/wp-json\/wp\/v2\/product"}],"about":[{"href":"https:\/\/whitelip.com\/es\/wp-json\/wp\/v2\/types\/product"}],"replies":[{"embeddable":true,"href":"https:\/\/whitelip.com\/es\/wp-json\/wp\/v2\/comments?post=27992"}],"wp:featuredmedia":[{"embeddable":true,"href":"https:\/\/whitelip.com\/es\/wp-json\/wp\/v2\/media\/27996"}],"wp:attachment":[{"href":"https:\/\/whitelip.com\/es\/wp-json\/wp\/v2\/media?parent=27992"}],"wp:term":[{"taxonomy":"product_brand","embeddable":true,"href":"https:\/\/whitelip.com\/es\/wp-json\/wp\/v2\/product_brand?post=27992"},{"taxonomy":"product_cat","embeddable":true,"href":"https:\/\/whitelip.com\/es\/wp-json\/wp\/v2\/product_cat?post=27992"},{"taxonomy":"product_tag","embeddable":true,"href":"https:\/\/whitelip.com\/es\/wp-json\/wp\/v2\/product_tag?post=27992"},{"taxonomy":"flavours","embeddable":true,"href":"https:\/\/whitelip.com\/es\/wp-json\/wp\/v2\/flavours?post=27992"},{"taxonomy":"format","embeddable":true,"href":"https:\/\/whitelip.com\/es\/wp-json\/wp\/v2\/format?post=27992"},{"taxonomy":"nicotine","embeddable":true,"href":"https:\/\/whitelip.com\/es\/wp-json\/wp\/v2\/nicotine?post=27992"}],"curies":[{"name":"wp","href":"https:\/\/api.w.org\/{rel}","templated":true}]}}