{"id":27946,"date":"2025-09-23T12:50:07","date_gmt":"2025-09-23T12:50:07","guid":{"rendered":"https:\/\/whitelip.com\/?post_type=product&#038;p=27946"},"modified":"2026-04-21T10:11:46","modified_gmt":"2026-04-21T10:11:46","slug":"bjorn-rhub-elder-punch","status":"publish","type":"product","link":"https:\/\/whitelip.com\/es\/bjorn\/bjorn-rhub-elder-punch\/","title":{"rendered":"Ponche de sa\u00faco BJ\u00d6RN"},"content":{"rendered":"<h2><strong>Ponche de sa\u00faco BJ\u00d6RN<\/strong><\/h2>\n<p class=\"\" data-start=\"76\" data-end=\"609\">Las bolsitas de nicotina Rhub-elder Punch BJ\u00d6RN ofrecen una fusi\u00f3n atrevida y refrescante de ruibarbo \u00e1cido y flor de sa\u00faco dulce, creando un sabor \u00fanico inspirado en el ponche. El sabor es afrutado, \u00e1cido y ligeramente floral, ofreciendo una experiencia distintiva para aquellos que disfrutan de perfiles complejos y vibrantes. Cada bolsita delgada y blanca contiene 19,5 mg de nicotina, proporcionando un subid\u00f3n de gran potencia dise\u00f1ado para usuarios experimentados que prefieren tanto la intensidad como la originalidad. Discreto, c\u00f3modo y sin manchas, el Ponche de Rubia BJ\u00d6RN es producido por el Grupo 77 para ofrecer un car\u00e1cter fuerte, calidad de primera y una alternativa sin tabaco.<\/p>\n<table>\n<tbody>\n<tr>\n<td><b>Atributo<\/b><\/td>\n<td><b>Detalles<\/b><\/td>\n<\/tr>\n<tr>\n<td><b>Contenido por lata<\/b><\/td>\n<td><span style=\"font-weight: 400;\">13g (20 bolsas)<\/span><\/td>\n<\/tr>\n<tr>\n<td><b>Contenido de nicotina<\/b><\/td>\n<td><span style=\"font-weight: 400;\">30 mg\/g (19,5 mg por bolsita)<\/span><\/td>\n<\/tr>\n<tr>\n<td><b>Formato bolsa<\/b><\/td>\n<td><span style=\"font-weight: 400;\">Delgado<\/span><\/td>\n<\/tr>\n<tr>\n<td><b>Productor<\/b><\/td>\n<td><span style=\"font-weight: 400;\">77 Group<\/span><\/td>\n<\/tr>\n<tr>\n<td><b>Sabor<\/b><\/td>\n<td><span style=\"font-weight: 400;\">Ruibarbo y Flor de Sa\u00faco (Punch Ruibarbo-Sa\u00faco)<\/span><\/td>\n<\/tr>\n<tr>\n<td><b>Tipo<\/b><\/td>\n<td><span style=\"font-weight: 400;\">Bolsa blanca<\/span><\/td>\n<\/tr>\n<\/tbody>\n<\/table>","protected":false},"excerpt":{"rendered":"<p>Atrevido, refrescante <strong data-start=\"17\" data-end=\"44\">ruibarbo y flor de sa\u00faco<\/strong> con un toque afrutado, \u00e1cido y ligeramente floral. El <strong data-start=\"93\" data-end=\"112\">delgado, <\/strong>Las bolsitas blancas se colocan discreta y c\u00f3modamente bajo el labio para poder usarlas en cualquier momento. Cada bolsa contiene <strong data-start=\"210\" data-end=\"230\">19,5 mg de nicotina<\/strong>, El Grupo 77 elabora un cigarrillo sin tabaco con un efecto muy potente para consumidores experimentados.<\/p>","protected":false},"featured_media":27950,"comment_status":"open","ping_status":"closed","template":"","format":[206],"meta":{"_acf_changed":false},"product_brand":[],"product_cat":[239],"product_tag":[16557],"flavours":[196],"nicotine":[221,232],"class_list":{"0":"post-27946","1":"product","2":"type-product","3":"status-publish","4":"has-post-thumbnail","6":"product_cat-bjorn","7":"product_tag-19-5-mg-pouch","8":"pa_quantity-1-pack","9":"pa_quantity-10-pack","10":"pa_quantity-3-pack","11":"pa_quantity-30-pack","12":"pa_quantity-5-pack","13":"pa_quantity-60-pack","14":"flavours-fruits-berries","15":"format-slim","16":"nicotine-30-mg-g","17":"nicotine-extra-strong","19":"first","20":"instock","21":"taxable","22":"shipping-taxable","23":"purchasable","24":"product-type-variable","25":"has-default-attributes"},"acf":[],"_links":{"self":[{"href":"https:\/\/whitelip.com\/es\/wp-json\/wp\/v2\/product\/27946","targetHints":{"allow":["GET"]}}],"collection":[{"href":"https:\/\/whitelip.com\/es\/wp-json\/wp\/v2\/product"}],"about":[{"href":"https:\/\/whitelip.com\/es\/wp-json\/wp\/v2\/types\/product"}],"replies":[{"embeddable":true,"href":"https:\/\/whitelip.com\/es\/wp-json\/wp\/v2\/comments?post=27946"}],"wp:featuredmedia":[{"embeddable":true,"href":"https:\/\/whitelip.com\/es\/wp-json\/wp\/v2\/media\/27950"}],"wp:attachment":[{"href":"https:\/\/whitelip.com\/es\/wp-json\/wp\/v2\/media?parent=27946"}],"wp:term":[{"taxonomy":"product_brand","embeddable":true,"href":"https:\/\/whitelip.com\/es\/wp-json\/wp\/v2\/product_brand?post=27946"},{"taxonomy":"product_cat","embeddable":true,"href":"https:\/\/whitelip.com\/es\/wp-json\/wp\/v2\/product_cat?post=27946"},{"taxonomy":"product_tag","embeddable":true,"href":"https:\/\/whitelip.com\/es\/wp-json\/wp\/v2\/product_tag?post=27946"},{"taxonomy":"flavours","embeddable":true,"href":"https:\/\/whitelip.com\/es\/wp-json\/wp\/v2\/flavours?post=27946"},{"taxonomy":"format","embeddable":true,"href":"https:\/\/whitelip.com\/es\/wp-json\/wp\/v2\/format?post=27946"},{"taxonomy":"nicotine","embeddable":true,"href":"https:\/\/whitelip.com\/es\/wp-json\/wp\/v2\/nicotine?post=27946"}],"curies":[{"name":"wp","href":"https:\/\/api.w.org\/{rel}","templated":true}]}}