{"id":27941,"date":"2025-09-23T12:50:07","date_gmt":"2025-09-23T12:50:07","guid":{"rendered":"https:\/\/whitelip.com\/?post_type=product&#038;p=27941"},"modified":"2026-04-21T10:11:46","modified_gmt":"2026-04-21T10:11:46","slug":"bjorn-blueberry-ice","status":"publish","type":"product","link":"https:\/\/whitelip.com\/es\/bjorn\/bjorn-blueberry-ice\/","title":{"rendered":"Hielo de Ar\u00e1ndanos BJ\u00d6RN"},"content":{"rendered":"<h2><strong>Hielo de Ar\u00e1ndanos BJ\u00d6RN<\/strong><\/h2>\n<p class=\"\" data-start=\"76\" data-end=\"609\">Las bolsitas de nicotina Blueberry Ice BJ\u00d6RN ofrecen un suave y jugoso sabor a ar\u00e1ndanos, realzado con un efecto refrescante helado. Esta combinaci\u00f3n crea un perfil de sabor refrescante y afrutado que es a la vez dulce y vigorizante. Cada bolsita blanca y fina contiene 19,5 mg de nicotina, lo que ofrece un efecto de alta potencia muy adecuado para los usuarios experimentados que disfrutan de un sabor equilibrado y una intensidad constante. Discreto, c\u00f3modo y sin manchas, BJ\u00d6RN Blueberry Ice est\u00e1 fabricado por el Grupo 77 para garantizar una alta calidad, un sabor intenso y una experiencia sin tabaco.<\/p>\n<table>\n<tbody>\n<tr>\n<td><b>Atributo<\/b><\/td>\n<td><b>Detalles<\/b><\/td>\n<\/tr>\n<tr>\n<td><b>Contenido por lata<\/b><\/td>\n<td><span style=\"font-weight: 400;\">13g (20 bolsas)<\/span><\/td>\n<\/tr>\n<tr>\n<td><b>Contenido de nicotina<\/b><\/td>\n<td><span style=\"font-weight: 400;\">30 mg\/g (19,5 mg por bolsita)<\/span><\/td>\n<\/tr>\n<tr>\n<td><b>Formato bolsa<\/b><\/td>\n<td><span style=\"font-weight: 400;\">Delgado<\/span><\/td>\n<\/tr>\n<tr>\n<td><b>Productor<\/b><\/td>\n<td><span style=\"font-weight: 400;\">77 Group<\/span><\/td>\n<\/tr>\n<tr>\n<td><b>Sabor<\/b><\/td>\n<td><span style=\"font-weight: 400;\">Ar\u00e1ndano y Refrescante (Blueberry Ice)<\/span><\/td>\n<\/tr>\n<tr>\n<td><b>Tipo<\/b><\/td>\n<td><span style=\"font-weight: 400;\">Bolsa blanca<\/span><\/td>\n<\/tr>\n<\/tbody>\n<\/table>","protected":false},"excerpt":{"rendered":"<p>Suave, jugoso <strong data-start=\"14\" data-end=\"44\">ar\u00e1ndanos <\/strong>con enfriamiento helado para un golpe refrescante y afrutado. El <strong data-start=\"79\" data-end=\"98\">delgado, <\/strong>Las bolsitas blancas se colocan discreta y c\u00f3modamente bajo el labio para poder usarlas en cualquier momento. Cada bolsa contiene <strong data-start=\"196\" data-end=\"216\">19,5 mg de nicotina<\/strong>, El resultado es un potente subid\u00f3n adecuado para usuarios experimentados. Fabricado por 77 Group para un sabor intenso y una experiencia sin tabaco.<\/p>","protected":false},"featured_media":27945,"comment_status":"open","ping_status":"closed","template":"","format":[206],"meta":{"_acf_changed":false},"product_brand":[],"product_cat":[239],"product_tag":[16557],"flavours":[196],"nicotine":[221,233],"class_list":{"0":"post-27941","1":"product","2":"type-product","3":"status-publish","4":"has-post-thumbnail","6":"product_cat-bjorn","7":"product_tag-19-5-mg-pouch","8":"pa_quantity-1-pack","9":"pa_quantity-10-pack","10":"pa_quantity-3-pack","11":"pa_quantity-30-pack","12":"pa_quantity-5-pack","13":"pa_quantity-60-pack","14":"flavours-fruits-berries","15":"format-slim","16":"nicotine-30-mg-g","17":"nicotine-extreme","19":"first","20":"instock","21":"taxable","22":"shipping-taxable","23":"purchasable","24":"product-type-variable","25":"has-default-attributes"},"acf":[],"_links":{"self":[{"href":"https:\/\/whitelip.com\/es\/wp-json\/wp\/v2\/product\/27941","targetHints":{"allow":["GET"]}}],"collection":[{"href":"https:\/\/whitelip.com\/es\/wp-json\/wp\/v2\/product"}],"about":[{"href":"https:\/\/whitelip.com\/es\/wp-json\/wp\/v2\/types\/product"}],"replies":[{"embeddable":true,"href":"https:\/\/whitelip.com\/es\/wp-json\/wp\/v2\/comments?post=27941"}],"wp:featuredmedia":[{"embeddable":true,"href":"https:\/\/whitelip.com\/es\/wp-json\/wp\/v2\/media\/27945"}],"wp:attachment":[{"href":"https:\/\/whitelip.com\/es\/wp-json\/wp\/v2\/media?parent=27941"}],"wp:term":[{"taxonomy":"product_brand","embeddable":true,"href":"https:\/\/whitelip.com\/es\/wp-json\/wp\/v2\/product_brand?post=27941"},{"taxonomy":"product_cat","embeddable":true,"href":"https:\/\/whitelip.com\/es\/wp-json\/wp\/v2\/product_cat?post=27941"},{"taxonomy":"product_tag","embeddable":true,"href":"https:\/\/whitelip.com\/es\/wp-json\/wp\/v2\/product_tag?post=27941"},{"taxonomy":"flavours","embeddable":true,"href":"https:\/\/whitelip.com\/es\/wp-json\/wp\/v2\/flavours?post=27941"},{"taxonomy":"format","embeddable":true,"href":"https:\/\/whitelip.com\/es\/wp-json\/wp\/v2\/format?post=27941"},{"taxonomy":"nicotine","embeddable":true,"href":"https:\/\/whitelip.com\/es\/wp-json\/wp\/v2\/nicotine?post=27941"}],"curies":[{"name":"wp","href":"https:\/\/api.w.org\/{rel}","templated":true}]}}