{"id":27923,"date":"2025-09-23T08:47:07","date_gmt":"2025-09-23T08:47:07","guid":{"rendered":"https:\/\/whitelip.com\/?post_type=product&#038;p=27923"},"modified":"2026-05-09T11:55:47","modified_gmt":"2026-05-09T11:55:47","slug":"77-sour-blizz-medium","status":"publish","type":"product","link":"https:\/\/whitelip.com\/es\/77\/77-sour-blizz-medium\/","title":{"rendered":"77 Sour Blizz Mediana"},"content":{"rendered":"<h2>77 Sour Blizz Mediana<\/h2>\n<p class=\"\" data-start=\"76\" data-end=\"609\">Las bolsitas de nicotina 77 Sour Blizz Medium ofrecen una experiencia de sabor atrevida y picante, mezclando notas \u00e1cidas con un refrescante efecto fr\u00edo. Esta combinaci\u00f3n crea un perfil de sabor vivo y vigorizante que se destaca de lo ordinario. Cada bolsita blanca y delgada contiene 10,4 mg de nicotina, proporcionando una potencia media ideal para los usuarios habituales que buscan sabor y equilibrio. Discreto, c\u00f3modo y libre de manchas, 77 Sour Blizz Medium es producido por 77 Group para cumplir con altos est\u00e1ndares de calidad y sabor en un formato libre de tabaco.<\/p>\n<table>\n<tbody>\n<tr>\n<td><b>Atributo<\/b><\/td>\n<td><b>Detalles<\/b><\/td>\n<\/tr>\n<tr>\n<td><b>Contenido por lata<\/b><\/td>\n<td><span style=\"font-weight: 400;\">13g (20 bolsas)<\/span><\/td>\n<\/tr>\n<tr>\n<td><b>Contenido de nicotina<\/b><\/td>\n<td><span style=\"font-weight: 400;\">16 mg\/g (10.4 mg por bolsa)<\/span><\/td>\n<\/tr>\n<tr>\n<td><b>Formato bolsa<\/b><\/td>\n<td><span style=\"font-weight: 400;\">Delgado<\/span><\/td>\n<\/tr>\n<tr>\n<td><b>Productor<\/b><\/td>\n<td><span style=\"font-weight: 400;\">77 Group<\/span><\/td>\n<\/tr>\n<tr>\n<td><b>Sabor<\/b><\/td>\n<td><span style=\"font-weight: 400;\">\u00c1cido y Refrescante (Sour Blizz)<\/span><\/td>\n<\/tr>\n<tr>\n<td><b>Tipo<\/b><\/td>\n<td><span style=\"font-weight: 400;\">Bolsa blanca<\/span><\/td>\n<\/tr>\n<\/tbody>\n<\/table>","protected":false},"excerpt":{"rendered":"<p data-start=\"47\" data-end=\"316\">Atrevido, picante <strong>agrio<\/strong> notas con un refrescante efecto de enfriamiento para un sabor vivo y vigorizante. <strong>Delgado<\/strong>, Las bolsas blancas se colocan discreta y c\u00f3modamente bajo el labio. Cada bolsa proporciona <strong data-start=\"227\" data-end=\"247\">10,4 mg de nicotina<\/strong>, ofreciendo una patada equilibrada de potencia media sin tabaco ni manchas.<\/p>\n<p data-start=\"318\" data-end=\"327\">","protected":false},"featured_media":27928,"comment_status":"open","ping_status":"closed","template":"","format":[206],"meta":{"_acf_changed":false},"product_brand":[],"product_cat":[23],"product_tag":[16543],"flavours":[190],"nicotine":[213,232],"class_list":{"0":"post-27923","1":"product","2":"type-product","3":"status-publish","4":"has-post-thumbnail","6":"product_cat-23","7":"product_tag-10-4-mg-pouch","8":"pa_quantity-1-pack","9":"pa_quantity-10-pack","10":"pa_quantity-3-pack","11":"pa_quantity-30-pack","12":"pa_quantity-5-pack","13":"pa_quantity-60-pack","14":"flavours-citrus","15":"format-slim","16":"nicotine-16-mg-g","17":"nicotine-extra-strong","19":"first","20":"instock","21":"taxable","22":"shipping-taxable","23":"purchasable","24":"product-type-variable","25":"has-default-attributes"},"acf":[],"_links":{"self":[{"href":"https:\/\/whitelip.com\/es\/wp-json\/wp\/v2\/product\/27923","targetHints":{"allow":["GET"]}}],"collection":[{"href":"https:\/\/whitelip.com\/es\/wp-json\/wp\/v2\/product"}],"about":[{"href":"https:\/\/whitelip.com\/es\/wp-json\/wp\/v2\/types\/product"}],"replies":[{"embeddable":true,"href":"https:\/\/whitelip.com\/es\/wp-json\/wp\/v2\/comments?post=27923"}],"wp:featuredmedia":[{"embeddable":true,"href":"https:\/\/whitelip.com\/es\/wp-json\/wp\/v2\/media\/27928"}],"wp:attachment":[{"href":"https:\/\/whitelip.com\/es\/wp-json\/wp\/v2\/media?parent=27923"}],"wp:term":[{"taxonomy":"product_brand","embeddable":true,"href":"https:\/\/whitelip.com\/es\/wp-json\/wp\/v2\/product_brand?post=27923"},{"taxonomy":"product_cat","embeddable":true,"href":"https:\/\/whitelip.com\/es\/wp-json\/wp\/v2\/product_cat?post=27923"},{"taxonomy":"product_tag","embeddable":true,"href":"https:\/\/whitelip.com\/es\/wp-json\/wp\/v2\/product_tag?post=27923"},{"taxonomy":"flavours","embeddable":true,"href":"https:\/\/whitelip.com\/es\/wp-json\/wp\/v2\/flavours?post=27923"},{"taxonomy":"format","embeddable":true,"href":"https:\/\/whitelip.com\/es\/wp-json\/wp\/v2\/format?post=27923"},{"taxonomy":"nicotine","embeddable":true,"href":"https:\/\/whitelip.com\/es\/wp-json\/wp\/v2\/nicotine?post=27923"}],"curies":[{"name":"wp","href":"https:\/\/api.w.org\/{rel}","templated":true}]}}