{"id":26829,"date":"2025-09-24T11:03:13","date_gmt":"2025-09-24T11:03:13","guid":{"rendered":"https:\/\/whitelip.com\/?post_type=product&#038;p=26829"},"modified":"2026-04-21T10:11:38","modified_gmt":"2026-04-21T10:11:38","slug":"vont-lemon-lime-extra-strong","status":"publish","type":"product","link":"https:\/\/whitelip.com\/es\/vont\/vont-lemon-lime-extra-strong\/","title":{"rendered":"VONT Lim\u00f3n Lima Extra Fuerte"},"content":{"rendered":"<h2><strong>VONT Lim\u00f3n Lima Extra Fuerte<\/strong><\/h2>\n<p><span style=\"font-weight: 400;\">Las bolsitas de nicotina VONT Lim\u00f3n Lima Extra Fuerte ofrecen una vibrante y picante mezcla c\u00edtrica de lim\u00f3n y lima, mejorada con la m\u00e1xima potencia de nicotina. El sabor es refrescante, picante y crujiente, ofreciendo una experiencia energizante para los usuarios que disfrutan de notas c\u00edtricas audaces. Dise\u00f1ado en formato delgado para un uso discreto y c\u00f3modo, cada bolsita proporciona 24 mg de nicotina por gramo, lo que equivale a unos 12 mg por bolsita. Ideal para usuarios experimentados, Lemon Lime Extra Fuerte combina un sabor vivo con una gran intensidad, al tiempo que evita las manchas en los dientes. Producida por VONT AB en Suecia, la marca es conocida por su dise\u00f1o moderno, calidad constante y sabores innovadores.<\/span><\/p>\n<table>\n<tbody>\n<tr>\n<td><b>Atributo<\/b><\/td>\n<td><b>Detalles<\/b><\/td>\n<\/tr>\n<tr>\n<td><b>Contenido por lata<\/b><\/td>\n<td><span style=\"font-weight: 400;\">10 g (20 bolsitas)<\/span><\/td>\n<\/tr>\n<tr>\n<td><b>Contenido de nicotina<\/b><\/td>\n<td><span style=\"font-weight: 400;\">24 mg\/g (12 mg por bolsa)<\/span><\/td>\n<\/tr>\n<tr>\n<td><b>Formato bolsa<\/b><\/td>\n<td><span style=\"font-weight: 400;\">Delgado<\/span><\/td>\n<\/tr>\n<tr>\n<td><b>Productor<\/b><\/td>\n<td><span style=\"font-weight: 400;\">VONT AB<\/span><\/td>\n<\/tr>\n<tr>\n<td><b>Sabor<\/b><\/td>\n<td><span style=\"font-weight: 400;\">Lim\u00f3n y Lima<\/span><\/td>\n<\/tr>\n<tr>\n<td><b>Tipo<\/b><\/td>\n<td><span style=\"font-weight: 400;\">Bolsa blanca<\/span><\/td>\n<\/tr>\n<\/tbody>\n<\/table>","protected":false},"excerpt":{"rendered":"<p>VONT <strong data-start=\"5\" data-end=\"19\">Lim\u00f3n Lima<\/strong> <strong data-start=\"20\" data-end=\"36\">Extra Fuerte<\/strong> ofrece una mezcla de lima-lim\u00f3n vibrante y picante con un final crujiente y energizante. En <strong data-start=\"117\" data-end=\"125\">delgado<\/strong> son discretas y c\u00f3modas a la vez que evitan las manchas en los dientes. Cada bolsa contiene <strong>12 mg de nicotina<\/strong> (24 mg\/g) para un potente subid\u00f3n. Producido por VONT AB en Suecia, conocido por su dise\u00f1o moderno, calidad constante y sabores innovadores.<\/p>","protected":false},"featured_media":26833,"comment_status":"open","ping_status":"closed","template":"","format":[206],"meta":{"_acf_changed":false},"product_brand":[],"product_cat":[238],"product_tag":[16561],"flavours":[190],"nicotine":[232,217],"class_list":{"0":"post-26829","1":"product","2":"type-product","3":"status-publish","4":"has-post-thumbnail","6":"product_cat-vont","7":"product_tag-12-mg-pouch","8":"pa_quantity-1-pack","9":"pa_quantity-10-pack","10":"pa_quantity-3-pack","11":"pa_quantity-30-pack","12":"pa_quantity-5-pack","13":"pa_quantity-60-pack","14":"flavours-citrus","15":"format-slim","16":"nicotine-extra-strong","17":"nicotine-24-mg-g","19":"first","20":"instock","21":"taxable","22":"shipping-taxable","23":"purchasable","24":"product-type-variable"},"acf":[],"_links":{"self":[{"href":"https:\/\/whitelip.com\/es\/wp-json\/wp\/v2\/product\/26829","targetHints":{"allow":["GET"]}}],"collection":[{"href":"https:\/\/whitelip.com\/es\/wp-json\/wp\/v2\/product"}],"about":[{"href":"https:\/\/whitelip.com\/es\/wp-json\/wp\/v2\/types\/product"}],"replies":[{"embeddable":true,"href":"https:\/\/whitelip.com\/es\/wp-json\/wp\/v2\/comments?post=26829"}],"wp:featuredmedia":[{"embeddable":true,"href":"https:\/\/whitelip.com\/es\/wp-json\/wp\/v2\/media\/26833"}],"wp:attachment":[{"href":"https:\/\/whitelip.com\/es\/wp-json\/wp\/v2\/media?parent=26829"}],"wp:term":[{"taxonomy":"product_brand","embeddable":true,"href":"https:\/\/whitelip.com\/es\/wp-json\/wp\/v2\/product_brand?post=26829"},{"taxonomy":"product_cat","embeddable":true,"href":"https:\/\/whitelip.com\/es\/wp-json\/wp\/v2\/product_cat?post=26829"},{"taxonomy":"product_tag","embeddable":true,"href":"https:\/\/whitelip.com\/es\/wp-json\/wp\/v2\/product_tag?post=26829"},{"taxonomy":"flavours","embeddable":true,"href":"https:\/\/whitelip.com\/es\/wp-json\/wp\/v2\/flavours?post=26829"},{"taxonomy":"format","embeddable":true,"href":"https:\/\/whitelip.com\/es\/wp-json\/wp\/v2\/format?post=26829"},{"taxonomy":"nicotine","embeddable":true,"href":"https:\/\/whitelip.com\/es\/wp-json\/wp\/v2\/nicotine?post=26829"}],"curies":[{"name":"wp","href":"https:\/\/api.w.org\/{rel}","templated":true}]}}