{"id":26818,"date":"2025-09-24T11:03:13","date_gmt":"2025-09-24T11:03:13","guid":{"rendered":"https:\/\/whitelip.com\/?post_type=product&#038;p=26818"},"modified":"2026-04-21T10:11:38","modified_gmt":"2026-04-21T10:11:38","slug":"vont-fresh-mint-extra-strong","status":"publish","type":"product","link":"https:\/\/whitelip.com\/es\/vont\/vont-fresh-mint-extra-strong\/","title":{"rendered":"VONT Menta Fresca Extra Fuerte"},"content":{"rendered":"<h2><strong>VONT Menta Fresca Extra Fuerte<\/strong><\/h2>\n<p><span style=\"font-weight: 400;\">Las bolsitas de nicotina VONT Fresh Mint Extra Fuerte proporcionan una sensaci\u00f3n de menta intensificada que es a la vez crujiente y refrescante, ofreciendo un toque refrescante con la m\u00e1xima potencia. Dise\u00f1adas en formato fino para un uso discreto y c\u00f3modo, cada bolsita proporciona 24 mg de nicotina por gramo, lo que equivale a unos 12 mg por bolsita. Perfecto para usuarios experimentados que desean un sabor limpio y vigorizante unido a una alta intensidad de nicotina, Fresh Mint Extra Fuerte garantiza frescor sin manchar los dientes. Producida por VONT AB en Suecia, la marca es conocida por su dise\u00f1o moderno, su alta calidad y su rendimiento constante.<\/span><\/p>\n<table>\n<tbody>\n<tr>\n<td><b>Atributo<\/b><\/td>\n<td><b>Detalles<\/b><\/td>\n<\/tr>\n<tr>\n<td><b>Contenido por lata<\/b><\/td>\n<td><span style=\"font-weight: 400;\">10 g (20 bolsitas)<\/span><\/td>\n<\/tr>\n<tr>\n<td><b>Contenido de nicotina<\/b><\/td>\n<td><span style=\"font-weight: 400;\">24 mg\/g (12 mg por bolsa)<\/span><\/td>\n<\/tr>\n<tr>\n<td><b>Formato bolsa<\/b><\/td>\n<td><span style=\"font-weight: 400;\">Delgado<\/span><\/td>\n<\/tr>\n<tr>\n<td><b>Productor<\/b><\/td>\n<td><span style=\"font-weight: 400;\">VONT AB<\/span><\/td>\n<\/tr>\n<tr>\n<td><b>Sabor<\/b><\/td>\n<td><span style=\"font-weight: 400;\">Menta fresca<\/span><\/td>\n<\/tr>\n<tr>\n<td><b>Tipo<\/b><\/td>\n<td><span style=\"font-weight: 400;\">Bolsa blanca<\/span><\/td>\n<\/tr>\n<\/tbody>\n<\/table>","protected":false},"excerpt":{"rendered":"<p>VONT <strong data-start=\"5\" data-end=\"19\">Menta fresca<\/strong> <strong data-start=\"20\" data-end=\"36\">Extra Fuerte<\/strong> proporciona un frescor de menta con la m\u00e1xima intensidad. El <strong data-start=\"96\" data-end=\"104\">delgado<\/strong> son discretas y c\u00f3modas a la vez que evitan las manchas en los dientes. Cada bolsa contiene<strong> 12 mg de nicotina<\/strong> (24 mg\/g) para un efecto potente y refrescante. Producido por VONT AB en Suecia, conocido por su dise\u00f1o moderno, alta calidad y rendimiento constante.<\/p>","protected":false},"featured_media":26822,"comment_status":"open","ping_status":"closed","template":"","format":[206],"meta":{"_acf_changed":false},"product_brand":[],"product_cat":[238],"product_tag":[16605],"flavours":[199],"nicotine":[232,217],"class_list":{"0":"post-26818","1":"product","2":"type-product","3":"status-publish","4":"has-post-thumbnail","6":"product_cat-vont","7":"product_tag-30-mg-pouch","8":"pa_quantity-1-pack","9":"pa_quantity-10-pack","10":"pa_quantity-3-pack","11":"pa_quantity-30-pack","12":"pa_quantity-5-pack","13":"pa_quantity-60-pack","14":"flavours-mint","15":"format-slim","16":"nicotine-extra-strong","17":"nicotine-24-mg-g","19":"first","20":"instock","21":"taxable","22":"shipping-taxable","23":"purchasable","24":"product-type-variable","25":"has-default-attributes"},"acf":[],"_links":{"self":[{"href":"https:\/\/whitelip.com\/es\/wp-json\/wp\/v2\/product\/26818","targetHints":{"allow":["GET"]}}],"collection":[{"href":"https:\/\/whitelip.com\/es\/wp-json\/wp\/v2\/product"}],"about":[{"href":"https:\/\/whitelip.com\/es\/wp-json\/wp\/v2\/types\/product"}],"replies":[{"embeddable":true,"href":"https:\/\/whitelip.com\/es\/wp-json\/wp\/v2\/comments?post=26818"}],"wp:featuredmedia":[{"embeddable":true,"href":"https:\/\/whitelip.com\/es\/wp-json\/wp\/v2\/media\/26822"}],"wp:attachment":[{"href":"https:\/\/whitelip.com\/es\/wp-json\/wp\/v2\/media?parent=26818"}],"wp:term":[{"taxonomy":"product_brand","embeddable":true,"href":"https:\/\/whitelip.com\/es\/wp-json\/wp\/v2\/product_brand?post=26818"},{"taxonomy":"product_cat","embeddable":true,"href":"https:\/\/whitelip.com\/es\/wp-json\/wp\/v2\/product_cat?post=26818"},{"taxonomy":"product_tag","embeddable":true,"href":"https:\/\/whitelip.com\/es\/wp-json\/wp\/v2\/product_tag?post=26818"},{"taxonomy":"flavours","embeddable":true,"href":"https:\/\/whitelip.com\/es\/wp-json\/wp\/v2\/flavours?post=26818"},{"taxonomy":"format","embeddable":true,"href":"https:\/\/whitelip.com\/es\/wp-json\/wp\/v2\/format?post=26818"},{"taxonomy":"nicotine","embeddable":true,"href":"https:\/\/whitelip.com\/es\/wp-json\/wp\/v2\/nicotine?post=26818"}],"curies":[{"name":"wp","href":"https:\/\/api.w.org\/{rel}","templated":true}]}}