{"id":26802,"date":"2025-09-24T11:03:14","date_gmt":"2025-09-24T11:03:14","guid":{"rendered":"https:\/\/whitelip.com\/?post_type=product&#038;p=26802"},"modified":"2026-04-21T10:11:38","modified_gmt":"2026-04-21T10:11:38","slug":"vont-lemon-lime-strong","status":"publish","type":"product","link":"https:\/\/whitelip.com\/es\/vont\/vont-lemon-lime-strong\/","title":{"rendered":"VONT Lim\u00f3n Lima Fuerte"},"content":{"rendered":"<h2><strong>VONT Lim\u00f3n Lima Fuerte<\/strong><\/h2>\n<p><span style=\"font-weight: 400;\">Las bolsitas de nicotina VONT Lemon Lime Strong ofrecen una mezcla de c\u00edtricos picante y refrescante que equilibra la acidez del lim\u00f3n con el sabor crujiente de la lima. El resultado es un sabor brillante, \u00e1cido y vigorizante que energiza los sentidos. Dise\u00f1ado en formato delgado para un uso discreto y c\u00f3modo, cada bolsita proporciona una fuerte dosis de nicotina de 14 mg por gramo, lo que equivale a unos 7 mg por bolsita. Ideal para usuarios experimentados, Lemon Lime Strong ofrece un animado perfil de sabor combinado con una potencia fiable. Producido por VONT AB en Suecia, la marca es conocida por su estilo moderno, sus experiencias de sabor innovadoras y su calidad constante.<\/span><\/p>\n<table>\n<tbody>\n<tr>\n<td><b>Atributo<\/b><\/td>\n<td><b>Detalles<\/b><\/td>\n<\/tr>\n<tr>\n<td><b>Contenido por lata<\/b><\/td>\n<td><span style=\"font-weight: 400;\">10 g (20 bolsitas)<\/span><\/td>\n<\/tr>\n<tr>\n<td><b>Contenido de nicotina<\/b><\/td>\n<td><span style=\"font-weight: 400;\">14 mg\/g (7 mg por bolsita)<\/span><\/td>\n<\/tr>\n<tr>\n<td><b>Formato bolsa<\/b><\/td>\n<td><span style=\"font-weight: 400;\">Delgado<\/span><\/td>\n<\/tr>\n<tr>\n<td><b>Productor<\/b><\/td>\n<td><span style=\"font-weight: 400;\">VONT AB<\/span><\/td>\n<\/tr>\n<tr>\n<td><b>Sabor<\/b><\/td>\n<td><span style=\"font-weight: 400;\">Lim\u00f3n y Lima<\/span><\/td>\n<\/tr>\n<tr>\n<td><b>Tipo<\/b><\/td>\n<td><span style=\"font-weight: 400;\">Bolsa blanca<\/span><\/td>\n<\/tr>\n<\/tbody>\n<\/table>","protected":false},"excerpt":{"rendered":"<p>VONT <strong data-start=\"5\" data-end=\"19\">Lim\u00f3n Lima<\/strong> <strong data-start=\"20\" data-end=\"30\">Fuerte<\/strong> ofrece una mezcla refrescante y picante que equilibra el lim\u00f3n picante con la lima crujiente para dar un toque brillante y \u00e1cido. En <strong data-start=\"138\" data-end=\"146\">delgado<\/strong> ofrecen un uso discreto y c\u00f3modo para usuarios experimentados. Cada bolsa contiene <strong data-start=\"230\" data-end=\"247\">7 mg de nicotina<\/strong> (14 mg\/g) para un efecto fuerte y fiable. Producido por VONT AB en Suecia, conocido por su estilo moderno, sabores innovadores y calidad constante.<\/p>","protected":false},"featured_media":26806,"comment_status":"open","ping_status":"closed","template":"","format":[206],"meta":{"_acf_changed":false},"product_brand":[],"product_cat":[238],"product_tag":[16640],"flavours":[190],"nicotine":[211,236],"class_list":{"0":"post-26802","1":"product","2":"type-product","3":"status-publish","4":"has-post-thumbnail","6":"product_cat-vont","7":"product_tag-7-mg-pouch","8":"pa_quantity-1-pack","9":"pa_quantity-10-pack","10":"pa_quantity-3-pack","11":"pa_quantity-30-pack","12":"pa_quantity-5-pack","13":"pa_quantity-60-pack","14":"flavours-citrus","15":"format-slim","16":"nicotine-14-mg-g","17":"nicotine-strong","19":"first","20":"instock","21":"taxable","22":"shipping-taxable","23":"purchasable","24":"product-type-variable","25":"has-default-attributes"},"acf":[],"_links":{"self":[{"href":"https:\/\/whitelip.com\/es\/wp-json\/wp\/v2\/product\/26802","targetHints":{"allow":["GET"]}}],"collection":[{"href":"https:\/\/whitelip.com\/es\/wp-json\/wp\/v2\/product"}],"about":[{"href":"https:\/\/whitelip.com\/es\/wp-json\/wp\/v2\/types\/product"}],"replies":[{"embeddable":true,"href":"https:\/\/whitelip.com\/es\/wp-json\/wp\/v2\/comments?post=26802"}],"wp:featuredmedia":[{"embeddable":true,"href":"https:\/\/whitelip.com\/es\/wp-json\/wp\/v2\/media\/26806"}],"wp:attachment":[{"href":"https:\/\/whitelip.com\/es\/wp-json\/wp\/v2\/media?parent=26802"}],"wp:term":[{"taxonomy":"product_brand","embeddable":true,"href":"https:\/\/whitelip.com\/es\/wp-json\/wp\/v2\/product_brand?post=26802"},{"taxonomy":"product_cat","embeddable":true,"href":"https:\/\/whitelip.com\/es\/wp-json\/wp\/v2\/product_cat?post=26802"},{"taxonomy":"product_tag","embeddable":true,"href":"https:\/\/whitelip.com\/es\/wp-json\/wp\/v2\/product_tag?post=26802"},{"taxonomy":"flavours","embeddable":true,"href":"https:\/\/whitelip.com\/es\/wp-json\/wp\/v2\/flavours?post=26802"},{"taxonomy":"format","embeddable":true,"href":"https:\/\/whitelip.com\/es\/wp-json\/wp\/v2\/format?post=26802"},{"taxonomy":"nicotine","embeddable":true,"href":"https:\/\/whitelip.com\/es\/wp-json\/wp\/v2\/nicotine?post=26802"}],"curies":[{"name":"wp","href":"https:\/\/api.w.org\/{rel}","templated":true}]}}