{"id":14226,"date":"2025-08-20T11:05:21","date_gmt":"2025-08-20T11:05:21","guid":{"rendered":"https:\/\/whitelip.com\/?post_type=product&#038;p=14226"},"modified":"2026-04-08T12:50:32","modified_gmt":"2026-04-08T12:50:32","slug":"nois-extreme-50mg","status":"publish","type":"product","link":"https:\/\/whitelip.com\/es\/nois\/nois-extreme-50mg\/","title":{"rendered":"NOIS Extreme 50 mg"},"content":{"rendered":"<h2><strong>NOIS Extreme 50 mg<\/strong><\/h2>\n<p><span style=\"font-weight: 400;\">NOIS Extreme 50 mg proporciona un <\/span><b>intensa sensaci\u00f3n de menta<\/b><span style=\"font-weight: 400;\"> elaborado para los usuarios de nicotina m\u00e1s experimentados. Con una f\u00f3rmula de m\u00e1xima potencia, esta bolsita no es para los pusil\u00e1nimes. Cada bolsita contiene la asombrosa cantidad de <\/span><b>25 mg de nicotina<\/b><span style=\"font-weight: 400;\"> (50 mg\/g), ofreciendo una liberaci\u00f3n r\u00e1pida y duradera que golpea fuerte y r\u00e1pido.<\/span><\/p>\n<p><span style=\"font-weight: 400;\">Estas bolsitas totalmente blancas y sin tabaco est\u00e1n elaboradas con ingredientes vegetales de primera calidad, que garantizan una experiencia limpia y potente sin manchar los dientes. Su delgado formato se ajusta discretamente bajo el labio, proporcionando un potente efecto refrescante con cada uso. NOIS Extreme 50mg es la elecci\u00f3n definitiva para los usuarios que exigen la mayor intensidad disponible.<\/span><\/p>\n<table>\n<tbody>\n<tr>\n<td><b>Atributo<\/b><\/td>\n<td><b>Detalles<\/b><\/td>\n<\/tr>\n<tr>\n<td><b>Marca<\/b><\/td>\n<td><span style=\"font-weight: 400;\">NOIS<\/span><\/td>\n<\/tr>\n<tr>\n<td><b>Tipo de producto<\/b><\/td>\n<td><span style=\"font-weight: 400;\">Todas las bolsas de nicotina blancas<\/span><\/td>\n<\/tr>\n<tr>\n<td><b>Formato<\/b><\/td>\n<td><span style=\"font-weight: 400;\">Delgado<\/span><\/td>\n<\/tr>\n<tr>\n<td><b>Sabor<\/b><\/td>\n<td><span style=\"font-weight: 400;\">Menta<\/span><\/td>\n<\/tr>\n<tr>\n<td><b>Potencia de nicotina<\/b><\/td>\n<td><span style=\"font-weight: 400;\">25 mg por sobre (50 mg\/g)<\/span><\/td>\n<\/tr>\n<tr>\n<td><b>Peso de la raci\u00f3n<\/b><\/td>\n<td><span style=\"font-weight: 400;\">0,5 gramos<\/span><\/td>\n<\/tr>\n<tr>\n<td><b>N\u00famero de porciones<\/b><\/td>\n<td><span style=\"font-weight: 400;\">27 por lata<\/span><\/td>\n<\/tr>\n<tr>\n<td><b>Peso total de la lata<\/b><\/td>\n<td><span style=\"font-weight: 400;\">11 gramos<\/span><\/td>\n<\/tr>\n<tr>\n<td><b>Fabricante<\/b><\/td>\n<td><span style=\"font-weight: 400;\">HRJ Production O\u00dc<\/span><\/td>\n<\/tr>\n<tr>\n<td><b>Caracter\u00edsticas notables<\/b><\/td>\n<td><span style=\"font-weight: 400;\">Libre de tabaco, formato slim, sabor de menta extremadamente fuerte, dise\u00f1ado para usuarios avanzados<\/span><\/td>\n<\/tr>\n<\/tbody>\n<\/table>","protected":false},"excerpt":{"rendered":"<p><span style=\"font-weight: 400;\">NOIS Extreme 50 mg proporciona un <\/span><b>intensa sensaci\u00f3n de menta<\/b><span style=\"font-weight: 400;\"> elaborado para los usuarios de nicotina m\u00e1s experimentados. Con una f\u00f3rmula de m\u00e1xima potencia, esta bolsita no es para los pusil\u00e1nimes. Cada bolsita contiene la asombrosa cantidad de <\/span><b>25 mg de nicotina<\/b><span style=\"font-weight: 400;\"> (50 mg\/g), ofreciendo una liberaci\u00f3n r\u00e1pida y duradera que golpea fuerte y r\u00e1pido.<\/span><\/p>","protected":false},"featured_media":14230,"comment_status":"open","ping_status":"closed","template":"","format":[206],"meta":{"_acf_changed":false},"product_brand":[],"product_cat":[127],"product_tag":[16510,16589],"flavours":[199],"nicotine":[226,233],"class_list":{"0":"post-14226","1":"product","2":"type-product","3":"status-publish","4":"has-post-thumbnail","6":"product_cat-nois","7":"product_tag-12-off","8":"product_tag-25-mg-pouch","9":"pa_quantity-1-pack","10":"pa_quantity-10-pack","11":"pa_quantity-3-pack","12":"pa_quantity-30-pack","13":"pa_quantity-5-pack","14":"pa_quantity-60-pack","15":"flavours-mint","16":"format-slim","17":"nicotine-50-mg-g","18":"nicotine-extreme","20":"first","21":"outofstock","22":"sale","23":"taxable","24":"shipping-taxable","25":"purchasable","26":"product-type-variable","27":"has-default-attributes"},"acf":[],"_links":{"self":[{"href":"https:\/\/whitelip.com\/es\/wp-json\/wp\/v2\/product\/14226","targetHints":{"allow":["GET"]}}],"collection":[{"href":"https:\/\/whitelip.com\/es\/wp-json\/wp\/v2\/product"}],"about":[{"href":"https:\/\/whitelip.com\/es\/wp-json\/wp\/v2\/types\/product"}],"replies":[{"embeddable":true,"href":"https:\/\/whitelip.com\/es\/wp-json\/wp\/v2\/comments?post=14226"}],"wp:featuredmedia":[{"embeddable":true,"href":"https:\/\/whitelip.com\/es\/wp-json\/wp\/v2\/media\/14230"}],"wp:attachment":[{"href":"https:\/\/whitelip.com\/es\/wp-json\/wp\/v2\/media?parent=14226"}],"wp:term":[{"taxonomy":"product_brand","embeddable":true,"href":"https:\/\/whitelip.com\/es\/wp-json\/wp\/v2\/product_brand?post=14226"},{"taxonomy":"product_cat","embeddable":true,"href":"https:\/\/whitelip.com\/es\/wp-json\/wp\/v2\/product_cat?post=14226"},{"taxonomy":"product_tag","embeddable":true,"href":"https:\/\/whitelip.com\/es\/wp-json\/wp\/v2\/product_tag?post=14226"},{"taxonomy":"flavours","embeddable":true,"href":"https:\/\/whitelip.com\/es\/wp-json\/wp\/v2\/flavours?post=14226"},{"taxonomy":"format","embeddable":true,"href":"https:\/\/whitelip.com\/es\/wp-json\/wp\/v2\/format?post=14226"},{"taxonomy":"nicotine","embeddable":true,"href":"https:\/\/whitelip.com\/es\/wp-json\/wp\/v2\/nicotine?post=14226"}],"curies":[{"name":"wp","href":"https:\/\/api.w.org\/{rel}","templated":true}]}}