{"id":14210,"date":"2025-08-20T11:05:21","date_gmt":"2025-08-20T11:05:21","guid":{"rendered":"https:\/\/whitelip.com\/?post_type=product&#038;p=14210"},"modified":"2026-05-06T10:11:25","modified_gmt":"2026-05-06T10:11:25","slug":"nois-mint-20mg","status":"publish","type":"product","link":"https:\/\/whitelip.com\/es\/nois\/nois-mint-20mg\/","title":{"rendered":"NOIS Menta 20mg"},"content":{"rendered":"<h2><strong>NOIS Menta 20mg<\/strong><\/h2>\n<p><span style=\"font-weight: 400;\">NOIS Mint 20mg ofrece un <\/span><b>sabor a menta intensamente fresco y refrescante<\/b><span style=\"font-weight: 400;\">, dise\u00f1ado para despertar tus sentidos con una sensaci\u00f3n crujiente y limpia. Perfecto para usuarios que aman las cl\u00e1sicas bolsas mentoladas con un toque extra de nicotina, cada bolsa delgada ofrece una experiencia r\u00e1pida y satisfactoria. Con <\/span><b>10 mg de nicotina por bolsa<\/b><span style=\"font-weight: 400;\"> (20 mg\/g), est\u00e1 dise\u00f1ado para usuarios experimentados que buscan un alto rendimiento y una frescura helada.<\/span><\/p>\n<p><span style=\"font-weight: 400;\">Estas bolsas completamente blancas se colocan discretamente debajo del labio y est\u00e1n dise\u00f1adas para evitar la decoloraci\u00f3n dental o la incomodidad. Libres de tabaco y elaboradas con ingredientes vegetales de primera calidad, NOIS Mint 20mg es la opci\u00f3n ideal para cualquiera que busque una alternativa a la nicotina limpia, potente y refrescante.<\/span><\/p>\n<p><b>Especificaciones<\/b><\/p>\n<table>\n<tbody>\n<tr>\n<td><b>Atributo<\/b><\/td>\n<td><b>Detalles<\/b><\/td>\n<\/tr>\n<tr>\n<td><b>Marca<\/b><\/td>\n<td><span style=\"font-weight: 400;\">NOIS<\/span><\/td>\n<\/tr>\n<tr>\n<td><b>Tipo de producto<\/b><\/td>\n<td><span style=\"font-weight: 400;\">Todas las bolsas de nicotina blancas<\/span><\/td>\n<\/tr>\n<tr>\n<td><b>Formato<\/b><\/td>\n<td><span style=\"font-weight: 400;\">Delgado<\/span><\/td>\n<\/tr>\n<tr>\n<td><b>Sabor<\/b><\/td>\n<td><span style=\"font-weight: 400;\">Menta<\/span><\/td>\n<\/tr>\n<tr>\n<td><b>Potencia de nicotina<\/b><\/td>\n<td><span style=\"font-weight: 400;\">10 mg por sobre (20 mg\/g)<\/span><\/td>\n<\/tr>\n<tr>\n<td><b>Peso de la raci\u00f3n<\/b><\/td>\n<td><span style=\"font-weight: 400;\">0,5 gramos<\/span><\/td>\n<\/tr>\n<tr>\n<td><b>N\u00famero de porciones<\/b><\/td>\n<td><span style=\"font-weight: 400;\">22 por lata<\/span><\/td>\n<\/tr>\n<tr>\n<td><b>Peso total de la lata<\/b><\/td>\n<td><span style=\"font-weight: 400;\">11 gramos<\/span><\/td>\n<\/tr>\n<tr>\n<td><b>Fabricante<\/b><\/td>\n<td><span style=\"font-weight: 400;\">HRJ Production O\u00dc<\/span><\/td>\n<\/tr>\n<tr>\n<td><b>Caracter\u00edsticas notables<\/b><\/td>\n<td><span style=\"font-weight: 400;\">Libre de tabaco, formato slim, sabor de menta ultrarefrescante con nicotina extra fuerte<\/span><\/td>\n<\/tr>\n<\/tbody>\n<\/table>","protected":false},"excerpt":{"rendered":"<p><span style=\"font-weight: 400;\">NOIS Mint 20mg ofrece un <\/span><b>sabor a menta intensamente fresco y refrescante<\/b><span style=\"font-weight: 400;\">, dise\u00f1ado para despertar tus sentidos con una sensaci\u00f3n crujiente y limpia. Perfecto para usuarios que aman las cl\u00e1sicas bolsas mentoladas con un toque extra de nicotina, cada bolsa delgada ofrece una experiencia r\u00e1pida y satisfactoria. Con <\/span><b>10 mg de nicotina por bolsa<\/b><span style=\"font-weight: 400;\"> (20 mg\/g), est\u00e1 dise\u00f1ado para usuarios experimentados que buscan un alto rendimiento y una frescura helada.<\/span><\/p>","protected":false},"featured_media":14214,"comment_status":"open","ping_status":"closed","template":"","format":[206],"meta":{"_acf_changed":false},"product_brand":[],"product_cat":[127],"product_tag":[16587,16510],"flavours":[199],"nicotine":[218,232],"class_list":{"0":"post-14210","1":"product","2":"type-product","3":"status-publish","4":"has-post-thumbnail","6":"product_cat-nois","7":"product_tag-10-mg-pouch","8":"product_tag-12-off","9":"pa_quantity-1-pack","10":"pa_quantity-10-pack","11":"pa_quantity-3-pack","12":"pa_quantity-30-pack","13":"pa_quantity-5-pack","14":"pa_quantity-60-pack","15":"flavours-mint","16":"format-slim","17":"nicotine-20-mg-g","18":"nicotine-extra-strong","20":"first","21":"outofstock","22":"sale","23":"taxable","24":"shipping-taxable","25":"purchasable","26":"product-type-variable","27":"has-default-attributes"},"acf":[],"_links":{"self":[{"href":"https:\/\/whitelip.com\/es\/wp-json\/wp\/v2\/product\/14210","targetHints":{"allow":["GET"]}}],"collection":[{"href":"https:\/\/whitelip.com\/es\/wp-json\/wp\/v2\/product"}],"about":[{"href":"https:\/\/whitelip.com\/es\/wp-json\/wp\/v2\/types\/product"}],"replies":[{"embeddable":true,"href":"https:\/\/whitelip.com\/es\/wp-json\/wp\/v2\/comments?post=14210"}],"wp:featuredmedia":[{"embeddable":true,"href":"https:\/\/whitelip.com\/es\/wp-json\/wp\/v2\/media\/14214"}],"wp:attachment":[{"href":"https:\/\/whitelip.com\/es\/wp-json\/wp\/v2\/media?parent=14210"}],"wp:term":[{"taxonomy":"product_brand","embeddable":true,"href":"https:\/\/whitelip.com\/es\/wp-json\/wp\/v2\/product_brand?post=14210"},{"taxonomy":"product_cat","embeddable":true,"href":"https:\/\/whitelip.com\/es\/wp-json\/wp\/v2\/product_cat?post=14210"},{"taxonomy":"product_tag","embeddable":true,"href":"https:\/\/whitelip.com\/es\/wp-json\/wp\/v2\/product_tag?post=14210"},{"taxonomy":"flavours","embeddable":true,"href":"https:\/\/whitelip.com\/es\/wp-json\/wp\/v2\/flavours?post=14210"},{"taxonomy":"format","embeddable":true,"href":"https:\/\/whitelip.com\/es\/wp-json\/wp\/v2\/format?post=14210"},{"taxonomy":"nicotine","embeddable":true,"href":"https:\/\/whitelip.com\/es\/wp-json\/wp\/v2\/nicotine?post=14210"}],"curies":[{"name":"wp","href":"https:\/\/api.w.org\/{rel}","templated":true}]}}