{"id":10770,"date":"2025-06-24T10:38:12","date_gmt":"2025-06-24T10:38:12","guid":{"rendered":"https:\/\/whitelip.com\/apres-blueberry-mini\/"},"modified":"2026-05-07T10:11:36","modified_gmt":"2026-05-07T10:11:36","slug":"apres-blueberry-mini","status":"publish","type":"product","link":"https:\/\/whitelip.com\/es\/apres\/apres-blueberry-mini\/","title":{"rendered":"APR\u00c8S Ar\u00e1ndano Mini"},"content":{"rendered":"<h2><strong>APR\u00c8S Ar\u00e1ndano Mini<\/strong><\/h2>\n<p><span style=\"font-weight: 400;\">Las bolsitas de nicotina APR\u00c8S Blueberry Mini ofrecen un estallido de rico sabor a ar\u00e1ndano con un toque ligeramente dulce y \u00e1cido. Inspiradas en el sabor de bayas de bosque maduras, estas bolsitas en formato mini son perfectas para usuarios que buscan una experiencia de nicotina suave pero sabrosa. Con 3.2 mg de nicotina por bolsita, entregan un efecto suave y gentil en una forma compacta y discreta. Fabricadas por APR\u00c8S Nicotine AB, esta bolsita sin tabaco refleja el enfoque de la marca en est\u00e9tica limpia, calidad premium y perfiles inspirados en frutas naturales.<\/span><\/p>\n<table>\n<tbody>\n<tr>\n<td><b>Atributo<\/b><\/td>\n<td><b>Detalles<\/b><\/td>\n<\/tr>\n<tr>\n<td><b>Contenido por lata<\/b><\/td>\n<td><span style=\"font-weight: 400;\">11g (20 bolsitas)<\/span><\/td>\n<\/tr>\n<tr>\n<td><b>Contenido de nicotina<\/b><\/td>\n<td><span style=\"font-weight: 400;\">8 mg\/g (3,2 mg por bolsa)<\/span><\/td>\n<\/tr>\n<tr>\n<td><b>Formato bolsa<\/b><\/td>\n<td><span style=\"font-weight: 400;\">Mini<\/span><\/td>\n<\/tr>\n<tr>\n<td><b>Productor<\/b><\/td>\n<td><span style=\"font-weight: 400;\">APR\u00c8S Nicotina AB<\/span><\/td>\n<\/tr>\n<tr>\n<td><b>Sabor<\/b><\/td>\n<td><span style=\"font-weight: 400;\">Ar\u00e1ndanos<\/span><\/td>\n<\/tr>\n<tr>\n<td><b>Tipo<\/b><\/td>\n<td><span style=\"font-weight: 400;\">Bolsa blanca<\/span><\/td>\n<\/tr>\n<\/tbody>\n<\/table>","protected":false},"excerpt":{"rendered":"<p>Forest-berry <strong data-start=\"19\" data-end=\"32\">ar\u00e1ndanos<\/strong> con un ligero toque dulce y \u00e1cido. El <strong data-start=\"71\" data-end=\"90\">mini, <\/strong>Las bolsitas blancas se colocan discreta y c\u00f3modamente bajo el labio para poder usarlas en cualquier momento. Cada bolsa contiene <strong>3,2 mg de nicotina<\/strong> para un efecto suave de APR\u00c8S Nicotine AB.<\/p>","protected":false},"featured_media":10771,"comment_status":"open","ping_status":"closed","template":"","format":[205],"meta":{"_acf_changed":false},"product_brand":[],"product_cat":[41],"product_tag":[16555],"flavours":[196],"nicotine":[230,236],"class_list":{"0":"post-10770","1":"product","2":"type-product","3":"status-publish","4":"has-post-thumbnail","6":"product_cat-apres","7":"product_tag-3-2-mg-pouch","8":"pa_quantity-1-pack","9":"pa_quantity-10-pack","10":"pa_quantity-3-pack","11":"pa_quantity-30-pack","12":"pa_quantity-5-pack","13":"pa_quantity-60-pack","14":"flavours-fruits-berries","15":"format-mini","16":"nicotine-8-mg-g","17":"nicotine-strong","19":"first","20":"instock","21":"taxable","22":"shipping-taxable","23":"purchasable","24":"product-type-variable","25":"has-default-attributes"},"acf":[],"_links":{"self":[{"href":"https:\/\/whitelip.com\/es\/wp-json\/wp\/v2\/product\/10770","targetHints":{"allow":["GET"]}}],"collection":[{"href":"https:\/\/whitelip.com\/es\/wp-json\/wp\/v2\/product"}],"about":[{"href":"https:\/\/whitelip.com\/es\/wp-json\/wp\/v2\/types\/product"}],"replies":[{"embeddable":true,"href":"https:\/\/whitelip.com\/es\/wp-json\/wp\/v2\/comments?post=10770"}],"wp:featuredmedia":[{"embeddable":true,"href":"https:\/\/whitelip.com\/es\/wp-json\/wp\/v2\/media\/10771"}],"wp:attachment":[{"href":"https:\/\/whitelip.com\/es\/wp-json\/wp\/v2\/media?parent=10770"}],"wp:term":[{"taxonomy":"product_brand","embeddable":true,"href":"https:\/\/whitelip.com\/es\/wp-json\/wp\/v2\/product_brand?post=10770"},{"taxonomy":"product_cat","embeddable":true,"href":"https:\/\/whitelip.com\/es\/wp-json\/wp\/v2\/product_cat?post=10770"},{"taxonomy":"product_tag","embeddable":true,"href":"https:\/\/whitelip.com\/es\/wp-json\/wp\/v2\/product_tag?post=10770"},{"taxonomy":"flavours","embeddable":true,"href":"https:\/\/whitelip.com\/es\/wp-json\/wp\/v2\/flavours?post=10770"},{"taxonomy":"format","embeddable":true,"href":"https:\/\/whitelip.com\/es\/wp-json\/wp\/v2\/format?post=10770"},{"taxonomy":"nicotine","embeddable":true,"href":"https:\/\/whitelip.com\/es\/wp-json\/wp\/v2\/nicotine?post=10770"}],"curies":[{"name":"wp","href":"https:\/\/api.w.org\/{rel}","templated":true}]}}