{"id":10610,"date":"2025-05-22T10:41:34","date_gmt":"2025-05-22T10:41:34","guid":{"rendered":"https:\/\/whitelip.com\/smogen-westcoast-berries\/"},"modified":"2026-04-29T10:11:18","modified_gmt":"2026-04-29T10:11:18","slug":"smogen-westcoast-berries","status":"publish","type":"product","link":"https:\/\/whitelip.com\/es\/smogen\/smogen-westcoast-berries\/","title":{"rendered":"SM\u00d6GEN Bayas de la costa oeste"},"content":{"rendered":"<h2><b>SM\u00d6GEN Bayas de la costa oeste<\/b><\/h2>\n<p><span style=\"font-weight: 400;\">Las bolsitas de nicotina SM\u00d6GEN Westcoast Berries est\u00e1n inspiradas en el escarpado litoral de la costa oeste de Suecia, donde los acantilados desnudos se encuentran con la implacable fuerza del mar. A pesar de la dureza del terreno, azotado por el viento, y de la ausencia casi total de \u00e1rboles, las innumerables islas, islotes y escolleras que rodean Sm\u00f6gen son inesperadamente ricas en arbustos de bayas silvestres. Incluso los afloramientos m\u00e1s peque\u00f1os suelen producir cantidades sorprendentes de moras, frambuesas y ar\u00e1ndanos. Este sabor captura esa mezcla de bayas silvestres costeras: dulce, \u00e1cida y refrescante. Cada bolsita, delgada y totalmente blanca, contiene 8 mg de nicotina, proporcionando una experiencia satisfactoria con el sabor de la resistencia n\u00f3rdica natural. Fabricado en Suecia, SM\u00d6GEN Westcoast Berries combina tradici\u00f3n, naturaleza y fuerza en un formato de petaca sin tabaco.<\/span><\/p>\n<table>\n<tbody>\n<tr>\n<td><b>Atributo<\/b><\/td>\n<td><b>Detalles<\/b><\/td>\n<\/tr>\n<tr>\n<td><b>Contenido por lata<\/b><\/td>\n<td><span style=\"font-weight: 400;\">12g (20 pouches)<\/span><\/td>\n<\/tr>\n<tr>\n<td><b>Contenido de nicotina<\/b><\/td>\n<td><span style=\"font-weight: 400;\">13 mg\/g (8 mg por bolsita)<\/span><\/td>\n<\/tr>\n<tr>\n<td><b>Formato bolsa<\/b><\/td>\n<td><span style=\"font-weight: 400;\">Delgado<\/span><\/td>\n<\/tr>\n<tr>\n<td><b>Productor<\/b><\/td>\n<td><span style=\"font-weight: 400;\">SM\u00d6GEN<\/span><\/td>\n<\/tr>\n<tr>\n<td><b>Sabor<\/b><\/td>\n<td><span style=\"font-weight: 400;\">Bayas silvestres (mora, frambuesa, ar\u00e1ndano)<\/span><\/td>\n<\/tr>\n<tr>\n<td><b>Tipo<\/b><\/td>\n<td><span style=\"font-weight: 400;\">Bolsa blanca<\/span><\/td>\n<\/tr>\n<\/tbody>\n<\/table>","protected":false},"excerpt":{"rendered":"<p>Las bolsitas de nicotina SM\u00d6GEN Westcoast Berries ofrecen un sabor dulce y picante. <strong data-start=\"65\" data-end=\"86\">Bayas de la costa oeste<\/strong> sabor inspirado en la escarpada costa occidental de Suecia. <strong data-start=\"134\" data-end=\"142\">Delgado<\/strong>, formato totalmente blanco para un uso discreto y c\u00f3modo. Cada bolsa contiene <strong data-start=\"212\" data-end=\"229\">8 mg de nicotina<\/strong>. Elaborado en Suecia para ofrecer un sabor refrescante con car\u00e1cter n\u00f3rdico natural.<\/p>","protected":false},"featured_media":3424,"comment_status":"open","ping_status":"closed","template":"","format":[206],"meta":{"_acf_changed":false},"product_brand":[],"product_cat":[114],"product_tag":[16583],"flavours":[196],"nicotine":[210,232],"class_list":{"0":"post-10610","1":"product","2":"type-product","3":"status-publish","4":"has-post-thumbnail","6":"product_cat-smogen","7":"product_tag-8-mg-pouch","8":"pa_quantity-1-pack","9":"pa_quantity-10-pack","10":"pa_quantity-3-pack","11":"pa_quantity-30-pack","12":"pa_quantity-5-pack","13":"pa_quantity-60-pack","14":"flavours-fruits-berries","15":"format-slim","16":"nicotine-13-mg-g","17":"nicotine-extra-strong","19":"first","20":"outofstock","21":"taxable","22":"shipping-taxable","23":"purchasable","24":"product-type-variable"},"acf":[],"_links":{"self":[{"href":"https:\/\/whitelip.com\/es\/wp-json\/wp\/v2\/product\/10610","targetHints":{"allow":["GET"]}}],"collection":[{"href":"https:\/\/whitelip.com\/es\/wp-json\/wp\/v2\/product"}],"about":[{"href":"https:\/\/whitelip.com\/es\/wp-json\/wp\/v2\/types\/product"}],"replies":[{"embeddable":true,"href":"https:\/\/whitelip.com\/es\/wp-json\/wp\/v2\/comments?post=10610"}],"wp:featuredmedia":[{"embeddable":true,"href":"https:\/\/whitelip.com\/es\/wp-json\/wp\/v2\/media\/3424"}],"wp:attachment":[{"href":"https:\/\/whitelip.com\/es\/wp-json\/wp\/v2\/media?parent=10610"}],"wp:term":[{"taxonomy":"product_brand","embeddable":true,"href":"https:\/\/whitelip.com\/es\/wp-json\/wp\/v2\/product_brand?post=10610"},{"taxonomy":"product_cat","embeddable":true,"href":"https:\/\/whitelip.com\/es\/wp-json\/wp\/v2\/product_cat?post=10610"},{"taxonomy":"product_tag","embeddable":true,"href":"https:\/\/whitelip.com\/es\/wp-json\/wp\/v2\/product_tag?post=10610"},{"taxonomy":"flavours","embeddable":true,"href":"https:\/\/whitelip.com\/es\/wp-json\/wp\/v2\/flavours?post=10610"},{"taxonomy":"format","embeddable":true,"href":"https:\/\/whitelip.com\/es\/wp-json\/wp\/v2\/format?post=10610"},{"taxonomy":"nicotine","embeddable":true,"href":"https:\/\/whitelip.com\/es\/wp-json\/wp\/v2\/nicotine?post=10610"}],"curies":[{"name":"wp","href":"https:\/\/api.w.org\/{rel}","templated":true}]}}