{"id":10600,"date":"2025-05-22T10:41:37","date_gmt":"2025-05-22T10:41:37","guid":{"rendered":"https:\/\/whitelip.com\/smogen-seabreeze-mint\/"},"modified":"2026-04-17T12:09:44","modified_gmt":"2026-04-17T12:09:44","slug":"smogen-seabreeze-mint","status":"publish","type":"product","link":"https:\/\/whitelip.com\/es\/smogen\/smogen-seabreeze-mint\/","title":{"rendered":"SM\u00d6GEN Seabreeze Menta"},"content":{"rendered":"<h2><b>SM\u00d6GEN Seabreeze Menta<\/b><\/h2>\n<p><span style=\"font-weight: 400;\">Las bolsitas de nicotina SM\u00d6GEN Seabreeze Mint capturan la sensaci\u00f3n fresca y refrescante de una brisa costera en un soleado d\u00eda de verano. Inspirado en el \u201csj\u00f6bris\u201d - un viento familiar en la costa oeste de Suecia - este sabor ofrece un perfil de menta fresca con una frescura limpia y aireada. Cada bolsita, delgada y totalmente blanca, contiene 8 mg de nicotina, lo que la hace adecuada para usuarios habituales que buscan una experiencia equilibrada y vigorizante. El discreto formato asegura un c\u00f3modo ajuste bajo el labio, ideal para usar durante todo el d\u00eda sin manchar los dientes. Fabricada en Suecia, SM\u00d6GEN ofrece una bolsita sin tabaco arraigada en el car\u00e1cter mar\u00edtimo y la vitalidad veraniega.<\/span><\/p>\n<table>\n<tbody>\n<tr>\n<td><b>Atributo<\/b><\/td>\n<td><b>Detalles<\/b><\/td>\n<\/tr>\n<tr>\n<td><b>Contenido por lata<\/b><\/td>\n<td><span style=\"font-weight: 400;\">12g (20 pouches)<\/span><\/td>\n<\/tr>\n<tr>\n<td><b>Contenido de nicotina<\/b><\/td>\n<td><span style=\"font-weight: 400;\">13 mg\/g (8 mg por bolsita)<\/span><\/td>\n<\/tr>\n<tr>\n<td><b>Formato bolsa<\/b><\/td>\n<td><span style=\"font-weight: 400;\">Delgado<\/span><\/td>\n<\/tr>\n<tr>\n<td><b>Productor<\/b><\/td>\n<td><span style=\"font-weight: 400;\">SM\u00d6GEN<\/span><\/td>\n<\/tr>\n<tr>\n<td><b>Sabor<\/b><\/td>\n<td><span style=\"font-weight: 400;\">Menta (Inspirada en brisa marina)<\/span><\/td>\n<\/tr>\n<tr>\n<td><b>Tipo<\/b><\/td>\n<td><span style=\"font-weight: 400;\">Bolsa blanca<\/span><\/td>\n<\/tr>\n<\/tbody>\n<\/table>","protected":false},"excerpt":{"rendered":"<p>Las bolsitas de nicotina SM\u00d6GEN Seabreeze Mint ofrecen un sabor fresco y refrescante. <strong data-start=\"67\" data-end=\"85\">Menta Seabreeze<\/strong> sabor inspirado en la costa oeste de Suecia. <strong data-start=\"126\" data-end=\"134\">Delgado<\/strong>, El formato totalmente blanco permite un uso discreto y c\u00f3modo con un frescor limpio y aireado. Cada bolsa contiene <strong data-start=\"231\" data-end=\"248\">8 mg de nicotina<\/strong>. Elaborado en Suecia para una experiencia equilibrada y vigorizante.<\/p>","protected":false},"featured_media":3422,"comment_status":"open","ping_status":"closed","template":"","format":[206],"meta":{"_acf_changed":false},"product_brand":[],"product_cat":[114],"product_tag":[16583],"flavours":[199],"nicotine":[210,232],"class_list":{"0":"post-10600","1":"product","2":"type-product","3":"status-publish","4":"has-post-thumbnail","6":"product_cat-smogen","7":"product_tag-8-mg-pouch","8":"pa_quantity-1-pack","9":"pa_quantity-10-pack","10":"pa_quantity-3-pack","11":"pa_quantity-30-pack","12":"pa_quantity-5-pack","13":"pa_quantity-60-pack","14":"flavours-mint","15":"format-slim","16":"nicotine-13-mg-g","17":"nicotine-extra-strong","19":"first","20":"outofstock","21":"taxable","22":"shipping-taxable","23":"purchasable","24":"product-type-variable"},"acf":[],"_links":{"self":[{"href":"https:\/\/whitelip.com\/es\/wp-json\/wp\/v2\/product\/10600","targetHints":{"allow":["GET"]}}],"collection":[{"href":"https:\/\/whitelip.com\/es\/wp-json\/wp\/v2\/product"}],"about":[{"href":"https:\/\/whitelip.com\/es\/wp-json\/wp\/v2\/types\/product"}],"replies":[{"embeddable":true,"href":"https:\/\/whitelip.com\/es\/wp-json\/wp\/v2\/comments?post=10600"}],"wp:featuredmedia":[{"embeddable":true,"href":"https:\/\/whitelip.com\/es\/wp-json\/wp\/v2\/media\/3422"}],"wp:attachment":[{"href":"https:\/\/whitelip.com\/es\/wp-json\/wp\/v2\/media?parent=10600"}],"wp:term":[{"taxonomy":"product_brand","embeddable":true,"href":"https:\/\/whitelip.com\/es\/wp-json\/wp\/v2\/product_brand?post=10600"},{"taxonomy":"product_cat","embeddable":true,"href":"https:\/\/whitelip.com\/es\/wp-json\/wp\/v2\/product_cat?post=10600"},{"taxonomy":"product_tag","embeddable":true,"href":"https:\/\/whitelip.com\/es\/wp-json\/wp\/v2\/product_tag?post=10600"},{"taxonomy":"flavours","embeddable":true,"href":"https:\/\/whitelip.com\/es\/wp-json\/wp\/v2\/flavours?post=10600"},{"taxonomy":"format","embeddable":true,"href":"https:\/\/whitelip.com\/es\/wp-json\/wp\/v2\/format?post=10600"},{"taxonomy":"nicotine","embeddable":true,"href":"https:\/\/whitelip.com\/es\/wp-json\/wp\/v2\/nicotine?post=10600"}],"curies":[{"name":"wp","href":"https:\/\/api.w.org\/{rel}","templated":true}]}}