{"id":10590,"date":"2025-05-21T09:04:14","date_gmt":"2025-05-21T09:04:14","guid":{"rendered":"https:\/\/whitelip.com\/iceberg-cheesecake-pie\/"},"modified":"2026-04-29T10:11:18","modified_gmt":"2026-04-29T10:11:18","slug":"iceberg-cheesecake-pie","status":"publish","type":"product","link":"https:\/\/whitelip.com\/es\/iceberg\/iceberg-cheesecake-pie\/","title":{"rendered":"Tarta de queso ICEBERG"},"content":{"rendered":"<h2><strong>Tarta de queso ICEBERG<\/strong><\/h2>\n<p class=\"\" data-start=\"89\" data-end=\"754\">Las bolsitas de nicotina ICEBERG Cheesecake Pie ofrecen un sabor cremoso, parecido al de un postre, que combina un rico relleno de tarta de queso con toques de vainilla y una corteza mantecosa. Este perfil de sabor indulgente est\u00e1 dise\u00f1ado para satisfacer a los usuarios que buscan una experiencia dulce, inspirada en la panader\u00eda con fuerza seria. Cada bolsita contiene 50 mg de nicotina por gramo, unos 35 mg por bolsita, por lo que es ideal para usuarios experimentados que disfrutan de un sabor atrevido con un efecto intenso. La exclusiva lata en forma de tarta contiene 40 bolsitas de formato fino que garantizan un ajuste discreto y c\u00f3modo bajo el labio, a la vez que a\u00f1aden un elemento visual creativo. Producidas por Neoptolem en Polonia, estas bolsitas sin tabaco ofrecen una versi\u00f3n divertida y sabrosa de la fuerte satisfacci\u00f3n de la nicotina.<\/p>\n<p><b>Especificaciones<\/b><\/p>\n<table>\n<tbody>\n<tr>\n<td><b>Atributo<\/b><\/td>\n<td><b>Detalles<\/b><\/td>\n<\/tr>\n<tr>\n<td><b>Contenido por lata<\/b><\/td>\n<td><span style=\"font-weight: 400;\">13g (20 bolsas)<\/span><\/td>\n<\/tr>\n<tr>\n<td><b>Contenido de nicotina<\/b><\/td>\n<td><span style=\"font-weight: 400;\">50 mg\/g (35 mg por bolsita)<\/span><\/td>\n<\/tr>\n<tr>\n<td><b>Formato bolsa<\/b><\/td>\n<td><span style=\"font-weight: 400;\">Delgado (con forma de rebanada de pastel)<\/span><\/td>\n<\/tr>\n<tr>\n<td><b>Productor<\/b><\/td>\n<td><span style=\"font-weight: 400;\">Neoptolem<\/span><\/td>\n<\/tr>\n<tr>\n<td><b>Sabor<\/b><\/td>\n<td><span style=\"font-weight: 400;\">Pastel de Queso Crema (Queso Crema, Vainilla, Masa)<\/span><\/td>\n<\/tr>\n<tr>\n<td><b>Tipo<\/b><\/td>\n<td><span style=\"font-weight: 400;\">Bolsa blanca<\/span><\/td>\n<\/tr>\n<\/tbody>\n<\/table>","protected":false},"excerpt":{"rendered":"<p>Las bolsitas de nicotina ICEBERG Cheesecake Pie ofrecen un sabor cremoso, parecido al de un postre, que combina un rico relleno de tarta de queso con toques de vainilla y una corteza mantecosa. Este perfil de sabor indulgente est\u00e1 dise\u00f1ado para satisfacer a los usuarios que buscan una experiencia dulce, inspirada en la panader\u00eda con fuerza seria. Cada bolsita contiene 50 mg de nicotina por gramo, unos 35 mg por bolsita, por lo que es ideal para usuarios experimentados que disfrutan de un sabor atrevido con un efecto intenso. La exclusiva lata en forma de tarta contiene 40 bolsitas de formato fino que garantizan un ajuste discreto y c\u00f3modo bajo el labio, a la vez que a\u00f1aden un elemento visual creativo. Producidas por Neoptolem en Polonia, estas bolsitas sin tabaco ofrecen una versi\u00f3n divertida y sabrosa de la fuerte satisfacci\u00f3n de la nicotina.<\/p>","protected":false},"featured_media":10591,"comment_status":"open","ping_status":"closed","template":"","format":[206],"meta":{"_acf_changed":false},"product_brand":[],"product_cat":[50],"product_tag":[16603],"flavours":[196],"nicotine":[226,233],"class_list":{"0":"post-10590","1":"product","2":"type-product","3":"status-publish","4":"has-post-thumbnail","6":"product_cat-iceberg","7":"product_tag-35-mg-pouch","8":"pa_quantity-1-pack","9":"pa_quantity-10-pack","10":"pa_quantity-2-pack","11":"pa_quantity-3-pack","12":"pa_quantity-30-pack","13":"pa_quantity-5-pack","14":"pa_quantity-60-pack","15":"flavours-fruits-berries","16":"format-slim","17":"nicotine-50-mg-g","18":"nicotine-extreme","20":"first","21":"outofstock","22":"taxable","23":"shipping-taxable","24":"purchasable","25":"product-type-variable","26":"has-default-attributes"},"acf":[],"_links":{"self":[{"href":"https:\/\/whitelip.com\/es\/wp-json\/wp\/v2\/product\/10590","targetHints":{"allow":["GET"]}}],"collection":[{"href":"https:\/\/whitelip.com\/es\/wp-json\/wp\/v2\/product"}],"about":[{"href":"https:\/\/whitelip.com\/es\/wp-json\/wp\/v2\/types\/product"}],"replies":[{"embeddable":true,"href":"https:\/\/whitelip.com\/es\/wp-json\/wp\/v2\/comments?post=10590"}],"wp:featuredmedia":[{"embeddable":true,"href":"https:\/\/whitelip.com\/es\/wp-json\/wp\/v2\/media\/10591"}],"wp:attachment":[{"href":"https:\/\/whitelip.com\/es\/wp-json\/wp\/v2\/media?parent=10590"}],"wp:term":[{"taxonomy":"product_brand","embeddable":true,"href":"https:\/\/whitelip.com\/es\/wp-json\/wp\/v2\/product_brand?post=10590"},{"taxonomy":"product_cat","embeddable":true,"href":"https:\/\/whitelip.com\/es\/wp-json\/wp\/v2\/product_cat?post=10590"},{"taxonomy":"product_tag","embeddable":true,"href":"https:\/\/whitelip.com\/es\/wp-json\/wp\/v2\/product_tag?post=10590"},{"taxonomy":"flavours","embeddable":true,"href":"https:\/\/whitelip.com\/es\/wp-json\/wp\/v2\/flavours?post=10590"},{"taxonomy":"format","embeddable":true,"href":"https:\/\/whitelip.com\/es\/wp-json\/wp\/v2\/format?post=10590"},{"taxonomy":"nicotine","embeddable":true,"href":"https:\/\/whitelip.com\/es\/wp-json\/wp\/v2\/nicotine?post=10590"}],"curies":[{"name":"wp","href":"https:\/\/api.w.org\/{rel}","templated":true}]}}