{"id":10540,"date":"2025-05-19T13:26:45","date_gmt":"2025-05-19T13:26:45","guid":{"rendered":"https:\/\/whitelip.com\/loop-hot-peach-hyper-strong\/"},"modified":"2026-04-30T12:41:04","modified_gmt":"2026-04-30T12:41:04","slug":"loop-hot-peach-hyper-strong","status":"publish","type":"product","link":"https:\/\/whitelip.com\/es\/loop\/loop-hot-peach-hyper-strong\/","title":{"rendered":"LOOP Melocot\u00f3n Caliente Hiper Fuerte"},"content":{"rendered":"<h2><strong>LOOP Melocot\u00f3n Caliente Hiper Fuerte<\/strong><\/h2>\n<p><span style=\"font-weight: 400;\">LOOP Hot Peach Hyper Strong ofrece un dulce y jugoso sabor a melocot\u00f3n con un sutil toque picante, creando una experiencia de nicotina c\u00e1lida y distintiva. Estas finas bolsitas de nicotina son ideales para los usuarios que buscan una alta potencia de nicotina combinada con un sabor \u00fanico. Dise\u00f1ado para un uso discreto y c\u00f3modo, LOOP Hot Peach Hyper Strong encaja perfectamente bajo el labio, por lo que es perfecto para disfrutar sobre la marcha. Su armoniosa mezcla de dulzor y especias garantiza una experiencia satisfactoria y refrescante.<\/span><\/p>\n<table>\n<tbody>\n<tr>\n<td><b>Atributo<\/b><\/td>\n<td><b>Detalles<\/b><\/td>\n<\/tr>\n<tr>\n<td><span style=\"font-weight: 400;\">Contenido por lata<\/span><\/td>\n<td><span style=\"font-weight: 400;\">12g (20 pouches)<\/span><\/td>\n<\/tr>\n<tr>\n<td><span style=\"font-weight: 400;\">Contenido de nicotina<\/span><\/td>\n<td><span style=\"font-weight: 400;\">20 mg\/g<\/span><\/td>\n<\/tr>\n<tr>\n<td><span style=\"font-weight: 400;\">Formato de bolsa<\/span><\/td>\n<td><span style=\"font-weight: 400;\">Delgado<\/span><\/td>\n<\/tr>\n<tr>\n<td><span style=\"font-weight: 400;\">Productor<\/span><\/td>\n<td><span style=\"font-weight: 400;\">Bucle<\/span><\/td>\n<\/tr>\n<tr>\n<td><span style=\"font-weight: 400;\">Sabor<\/span><\/td>\n<td><span style=\"font-weight: 400;\">Durazno Picante<\/span><\/td>\n<\/tr>\n<tr>\n<td><span style=\"font-weight: 400;\">Tipo<\/span><\/td>\n<td><span style=\"font-weight: 400;\">Bolsa blanca, Sin tabaco<\/span><\/td>\n<\/tr>\n<\/tbody>\n<\/table>","protected":false},"excerpt":{"rendered":"<p>Dulce, jugoso <strong data-start=\"13\" data-end=\"26\">melocot\u00f3n picante<\/strong> con un sutil toque picante para un efecto c\u00e1lido y distintivo. <strong data-start=\"82\" data-end=\"90\">Delgado<\/strong>, Las bolsitas sin tabaco se colocan discretamente bajo el labio para un uso c\u00f3modo sobre la marcha. Ideal para usuarios que buscan una experiencia de alta potencia y satisfactoria.<\/p>","protected":false},"featured_media":10541,"comment_status":"open","ping_status":"closed","template":"","format":[206],"meta":{"_acf_changed":false},"product_brand":[],"product_cat":[32],"product_tag":[17005],"flavours":[187,196],"nicotine":[218,232],"class_list":{"0":"post-10540","1":"product","2":"type-product","3":"status-publish","4":"has-post-thumbnail","6":"product_cat-loop","7":"product_tag-15-6-mg-pouch","8":"pa_quantity-1-pack","9":"pa_quantity-10-pack","10":"pa_quantity-3-pack","11":"pa_quantity-30-pack","12":"pa_quantity-5-pack","13":"pa_quantity-60-pack","14":"flavours-chili","15":"flavours-fruits-berries","16":"format-slim","17":"nicotine-20-mg-g","18":"nicotine-extra-strong","20":"first","21":"instock","22":"taxable","23":"shipping-taxable","24":"purchasable","25":"product-type-variable","26":"has-default-attributes"},"acf":[],"_links":{"self":[{"href":"https:\/\/whitelip.com\/es\/wp-json\/wp\/v2\/product\/10540","targetHints":{"allow":["GET"]}}],"collection":[{"href":"https:\/\/whitelip.com\/es\/wp-json\/wp\/v2\/product"}],"about":[{"href":"https:\/\/whitelip.com\/es\/wp-json\/wp\/v2\/types\/product"}],"replies":[{"embeddable":true,"href":"https:\/\/whitelip.com\/es\/wp-json\/wp\/v2\/comments?post=10540"}],"wp:featuredmedia":[{"embeddable":true,"href":"https:\/\/whitelip.com\/es\/wp-json\/wp\/v2\/media\/10541"}],"wp:attachment":[{"href":"https:\/\/whitelip.com\/es\/wp-json\/wp\/v2\/media?parent=10540"}],"wp:term":[{"taxonomy":"product_brand","embeddable":true,"href":"https:\/\/whitelip.com\/es\/wp-json\/wp\/v2\/product_brand?post=10540"},{"taxonomy":"product_cat","embeddable":true,"href":"https:\/\/whitelip.com\/es\/wp-json\/wp\/v2\/product_cat?post=10540"},{"taxonomy":"product_tag","embeddable":true,"href":"https:\/\/whitelip.com\/es\/wp-json\/wp\/v2\/product_tag?post=10540"},{"taxonomy":"flavours","embeddable":true,"href":"https:\/\/whitelip.com\/es\/wp-json\/wp\/v2\/flavours?post=10540"},{"taxonomy":"format","embeddable":true,"href":"https:\/\/whitelip.com\/es\/wp-json\/wp\/v2\/format?post=10540"},{"taxonomy":"nicotine","embeddable":true,"href":"https:\/\/whitelip.com\/es\/wp-json\/wp\/v2\/nicotine?post=10540"}],"curies":[{"name":"wp","href":"https:\/\/api.w.org\/{rel}","templated":true}]}}