{"id":10534,"date":"2025-05-13T11:44:37","date_gmt":"2025-05-13T11:44:37","guid":{"rendered":"https:\/\/whitelip.com\/xqs-fruzzle-strong\/"},"modified":"2026-04-14T14:07:22","modified_gmt":"2026-04-14T14:07:22","slug":"xqs-fruzzle-strong","status":"publish","type":"product","link":"https:\/\/whitelip.com\/es\/xqs\/xqs-fruzzle-strong\/","title":{"rendered":"XQS Fruzzle Fuerte"},"content":{"rendered":"<h2><b>XQS Fruzzle Fuerte<\/b><\/h2>\n<p><span style=\"font-weight: 400;\">XQS Fruzzle Strong presenta una mezcla atrevida y refrescante de <\/span><b>sabores de frutas congeladas<\/b><span style=\"font-weight: 400;\">, que ofrece una mezcla \u00fanica de dulzor helado y vibrantes notas frutales. Ideal para usuarios que disfrutan de sensaciones frescas y sabrosas, cada bolsa delgada y totalmente blanca contiene <\/span><b>10 mg de nicotina<\/b><span style=\"font-weight: 400;\">, garantizando una liberaci\u00f3n fuerte y constante que satisface durante todo el d\u00eda.<\/span><\/p>\n<p><span style=\"font-weight: 400;\">Con su discreto formato fino, Fruzzle Strong se adapta c\u00f3modamente bajo el labio y est\u00e1 dise\u00f1ado para evitar las manchas. Fabricada con fibras vegetales de alta calidad y sin tabaco, esta bolsita ofrece una experiencia limpia y agradable para quienes buscan un intenso sabor a fruta con un toque helado.<\/span><\/p>\n<table>\n<tbody>\n<tr>\n<td><b>Atributo<\/b><\/td>\n<td><b>Detalles<\/b><\/td>\n<\/tr>\n<tr>\n<td><b>Marca<\/b><\/td>\n<td><span style=\"font-weight: 400;\">XQS<\/span><\/td>\n<\/tr>\n<tr>\n<td><b>Tipo de producto<\/b><\/td>\n<td><span style=\"font-weight: 400;\">Todas las bolsas de nicotina blancas<\/span><\/td>\n<\/tr>\n<tr>\n<td><b>Formato<\/b><\/td>\n<td><span style=\"font-weight: 400;\">Delgado<\/span><\/td>\n<\/tr>\n<tr>\n<td><b>Sabor<\/b><\/td>\n<td><span style=\"font-weight: 400;\">Frutas Congeladas<\/span><\/td>\n<\/tr>\n<tr>\n<td><b>Potencia de nicotina<\/b><\/td>\n<td><span style=\"font-weight: 400;\">10 mg por sobre (13 mg\/g)<\/span><\/td>\n<\/tr>\n<tr>\n<td><b>Peso de la raci\u00f3n<\/b><\/td>\n<td><span style=\"font-weight: 400;\">0.75 gramos<\/span><\/td>\n<\/tr>\n<tr>\n<td><b>N\u00famero de porciones<\/b><\/td>\n<td><span style=\"font-weight: 400;\">20 por lata<\/span><\/td>\n<\/tr>\n<tr>\n<td><b>Peso total de la lata<\/b><\/td>\n<td><span style=\"font-weight: 400;\">15 gramos<\/span><\/td>\n<\/tr>\n<tr>\n<td><b>Fabricante<\/b><\/td>\n<td><span style=\"font-weight: 400;\">XQS International<\/span><\/td>\n<\/tr>\n<tr>\n<td><b>Caracter\u00edsticas notables<\/b><\/td>\n<td><span style=\"font-weight: 400;\">Libre de tabaco, formato slim, sabor intenso de fruta congelada con fortaleza fuerte de nicotina<\/span><\/td>\n<\/tr>\n<\/tbody>\n<\/table>","protected":false},"excerpt":{"rendered":"<p><span style=\"font-weight: 400;\">XQS Fruzzle Strong presenta una mezcla atrevida y refrescante de <\/span><b>sabores de frutas congeladas<\/b><span style=\"font-weight: 400;\">, que ofrece una mezcla \u00fanica de dulzor helado y vibrantes notas frutales. Ideal para usuarios que disfrutan de sensaciones frescas y sabrosas, cada <strong>delgado<\/strong>, La bolsa blanca contiene <\/span><b>10 mg de nicotina<\/b><span style=\"font-weight: 400;\">, garantizando una liberaci\u00f3n fuerte y constante que satisface durante todo el d\u00eda.<\/span><\/p>","protected":false},"featured_media":10535,"comment_status":"open","ping_status":"closed","template":"","format":[206],"meta":{"_acf_changed":false},"product_brand":[],"product_cat":[27],"product_tag":[16587],"flavours":[196],"nicotine":[213,232],"class_list":{"0":"post-10534","1":"product","2":"type-product","3":"status-publish","4":"has-post-thumbnail","6":"product_cat-xqs","7":"product_tag-10-mg-pouch","8":"pa_quantity-1-pack","9":"pa_quantity-10-pack","10":"pa_quantity-3-pack","11":"pa_quantity-30-pack","12":"pa_quantity-5-pack","13":"pa_quantity-60-pack","14":"flavours-fruits-berries","15":"format-slim","16":"nicotine-16-mg-g","17":"nicotine-extra-strong","19":"first","20":"instock","21":"taxable","22":"shipping-taxable","23":"purchasable","24":"product-type-variable","25":"has-default-attributes"},"acf":[],"_links":{"self":[{"href":"https:\/\/whitelip.com\/es\/wp-json\/wp\/v2\/product\/10534","targetHints":{"allow":["GET"]}}],"collection":[{"href":"https:\/\/whitelip.com\/es\/wp-json\/wp\/v2\/product"}],"about":[{"href":"https:\/\/whitelip.com\/es\/wp-json\/wp\/v2\/types\/product"}],"replies":[{"embeddable":true,"href":"https:\/\/whitelip.com\/es\/wp-json\/wp\/v2\/comments?post=10534"}],"wp:featuredmedia":[{"embeddable":true,"href":"https:\/\/whitelip.com\/es\/wp-json\/wp\/v2\/media\/10535"}],"wp:attachment":[{"href":"https:\/\/whitelip.com\/es\/wp-json\/wp\/v2\/media?parent=10534"}],"wp:term":[{"taxonomy":"product_brand","embeddable":true,"href":"https:\/\/whitelip.com\/es\/wp-json\/wp\/v2\/product_brand?post=10534"},{"taxonomy":"product_cat","embeddable":true,"href":"https:\/\/whitelip.com\/es\/wp-json\/wp\/v2\/product_cat?post=10534"},{"taxonomy":"product_tag","embeddable":true,"href":"https:\/\/whitelip.com\/es\/wp-json\/wp\/v2\/product_tag?post=10534"},{"taxonomy":"flavours","embeddable":true,"href":"https:\/\/whitelip.com\/es\/wp-json\/wp\/v2\/flavours?post=10534"},{"taxonomy":"format","embeddable":true,"href":"https:\/\/whitelip.com\/es\/wp-json\/wp\/v2\/format?post=10534"},{"taxonomy":"nicotine","embeddable":true,"href":"https:\/\/whitelip.com\/es\/wp-json\/wp\/v2\/nicotine?post=10534"}],"curies":[{"name":"wp","href":"https:\/\/api.w.org\/{rel}","templated":true}]}}