{"id":10501,"date":"2025-04-17T11:47:20","date_gmt":"2025-04-17T11:47:20","guid":{"rendered":"https:\/\/whitelip.com\/stng-bubble-max\/"},"modified":"2026-04-26T10:10:57","modified_gmt":"2026-04-26T10:10:57","slug":"stng-bubble-max","status":"publish","type":"product","link":"https:\/\/whitelip.com\/es\/stng\/stng-bubble-max\/","title":{"rendered":"STNG Bubble Max"},"content":{"rendered":"<h2><strong>STNG Bubble Max<\/strong><\/h2>\n<p class=\"\" data-start=\"100\" data-end=\"587\">Las bolsitas de nicotina STNG Bubble Max traen la dulzura nost\u00e1lgica del sabor cl\u00e1sico de chicle de burbuja, superacelerado con un poderoso golpe de nicotina. Cada bolsita slim color blanco entrega 27,5 mg de nicotina, elaborada para usuarios experimentados que desean la m\u00e1xima concentraci\u00f3n con un giro divertido y sabroso. Dise\u00f1adas para uso discreto, las bolsitas se ajustan c\u00f3modamente bajo el labio y no manchan los dientes. Producidas por STNG, Bubble Max entrega sabor juguet\u00f3n con rendimiento de m\u00e1xima potencia.<\/p>\n<table>\n<tbody>\n<tr>\n<td><b>Atributo<\/b><\/td>\n<td><b>Detalles<\/b><\/td>\n<\/tr>\n<tr>\n<td><b>Contenido por lata<\/b><\/td>\n<td><span style=\"font-weight: 400;\">11g (20 bolsitas)<\/span><\/td>\n<\/tr>\n<tr>\n<td><b>Contenido de nicotina<\/b><\/td>\n<td><span style=\"font-weight: 400;\">50 mg\/g (27,5 mg por bolsita)<\/span><\/td>\n<\/tr>\n<tr>\n<td><b>Formato bolsa<\/b><\/td>\n<td><span style=\"font-weight: 400;\">Delgado<\/span><\/td>\n<\/tr>\n<tr>\n<td><b>Productor<\/b><\/td>\n<td><span style=\"font-weight: 400;\">STNG<\/span><\/td>\n<\/tr>\n<tr>\n<td><b>Sabor<\/b><\/td>\n<td><span style=\"font-weight: 400;\">Chicle<\/span><\/td>\n<\/tr>\n<tr>\n<td><b>Tipo<\/b><\/td>\n<td><span style=\"font-weight: 400;\">Bolsa blanca<\/span><\/td>\n<\/tr>\n<\/tbody>\n<\/table>","protected":false},"excerpt":{"rendered":"<p>Las bolsitas de nicotina STNG Bubble Max ofrecen un sabor nost\u00e1lgico <strong data-start=\"53\" data-end=\"66\">Chicle<\/strong> con notas dulces y juguetones. <strong data-start=\"101\" data-end=\"109\">Delgado<\/strong>, formato totalmente blanco para un confort discreto bajo el labio. Cada bolsa contiene <strong data-start=\"184\" data-end=\"204\">27,5 mg de nicotina<\/strong>.<\/p>","protected":false},"featured_media":27186,"comment_status":"open","ping_status":"closed","template":"","format":[206],"meta":{"_acf_changed":false},"product_brand":[],"product_cat":[111],"product_tag":[17003],"flavours":[185],"nicotine":[226,233],"class_list":{"0":"post-10501","1":"product","2":"type-product","3":"status-publish","4":"has-post-thumbnail","6":"product_cat-stng","7":"product_tag-27-5-mg-pouch","8":"pa_quantity-1-pack","9":"pa_quantity-10-pack","10":"pa_quantity-3-pack","11":"pa_quantity-30-pack","12":"pa_quantity-5-pack","13":"pa_quantity-60-pack","14":"flavours-candy","15":"format-slim","16":"nicotine-50-mg-g","17":"nicotine-extreme","19":"first","20":"instock","21":"taxable","22":"shipping-taxable","23":"purchasable","24":"product-type-variable"},"acf":[],"_links":{"self":[{"href":"https:\/\/whitelip.com\/es\/wp-json\/wp\/v2\/product\/10501","targetHints":{"allow":["GET"]}}],"collection":[{"href":"https:\/\/whitelip.com\/es\/wp-json\/wp\/v2\/product"}],"about":[{"href":"https:\/\/whitelip.com\/es\/wp-json\/wp\/v2\/types\/product"}],"replies":[{"embeddable":true,"href":"https:\/\/whitelip.com\/es\/wp-json\/wp\/v2\/comments?post=10501"}],"wp:featuredmedia":[{"embeddable":true,"href":"https:\/\/whitelip.com\/es\/wp-json\/wp\/v2\/media\/27186"}],"wp:attachment":[{"href":"https:\/\/whitelip.com\/es\/wp-json\/wp\/v2\/media?parent=10501"}],"wp:term":[{"taxonomy":"product_brand","embeddable":true,"href":"https:\/\/whitelip.com\/es\/wp-json\/wp\/v2\/product_brand?post=10501"},{"taxonomy":"product_cat","embeddable":true,"href":"https:\/\/whitelip.com\/es\/wp-json\/wp\/v2\/product_cat?post=10501"},{"taxonomy":"product_tag","embeddable":true,"href":"https:\/\/whitelip.com\/es\/wp-json\/wp\/v2\/product_tag?post=10501"},{"taxonomy":"flavours","embeddable":true,"href":"https:\/\/whitelip.com\/es\/wp-json\/wp\/v2\/flavours?post=10501"},{"taxonomy":"format","embeddable":true,"href":"https:\/\/whitelip.com\/es\/wp-json\/wp\/v2\/format?post=10501"},{"taxonomy":"nicotine","embeddable":true,"href":"https:\/\/whitelip.com\/es\/wp-json\/wp\/v2\/nicotine?post=10501"}],"curies":[{"name":"wp","href":"https:\/\/api.w.org\/{rel}","templated":true}]}}